{"id":91482,"date":"2022-03-17T08:58:22","date_gmt":"2022-03-17T06:58:22","guid":{"rendered":"https:\/\/hitstergame.com\/?page_id=91482"},"modified":"2024-12-04T17:39:43","modified_gmt":"2024-12-04T15:39:43","slug":"politika-zasebnosti","status":"publish","type":"page","link":"https:\/\/hitstergame.com\/sl-si\/politika-zasebnosti\/","title":{"rendered":"Politika zasebnosti"},"content":{"rendered":"[vc_row type=&#8221;in_container&#8221; full_screen_row_position=&#8221;middle&#8221; column_margin=&#8221;default&#8221; column_direction=&#8221;default&#8221; column_direction_tablet=&#8221;default&#8221; column_direction_phone=&#8221;default&#8221; scene_position=&#8221;center&#8221; text_color=&#8221;dark&#8221; text_align=&#8221;left&#8221; row_border_radius=&#8221;none&#8221; row_border_radius_applies=&#8221;bg&#8221; overflow=&#8221;visible&#8221; overlay_strength=&#8221;0.3&#8243; gradient_direction=&#8221;left_to_right&#8221; shape_divider_position=&#8221;bottom&#8221; bg_image_animation=&#8221;none&#8221;][vc_column column_padding=&#8221;no-extra-padding&#8221; column_padding_tablet=&#8221;inherit&#8221; column_padding_phone=&#8221;inherit&#8221; column_padding_position=&#8221;all&#8221; column_element_spacing=&#8221;default&#8221; background_color_opacity=&#8221;1&#8243; background_hover_color_opacity=&#8221;1&#8243; column_shadow=&#8221;none&#8221; column_border_radius=&#8221;none&#8221; column_link_target=&#8221;_self&#8221; column_position=&#8221;default&#8221; gradient_direction=&#8221;left_to_right&#8221; overlay_strength=&#8221;0.3&#8243; width=&#8221;1\/1&#8243; tablet_width_inherit=&#8221;default&#8221; tablet_text_alignment=&#8221;default&#8221; phone_text_alignment=&#8221;default&#8221; animation_type=&#8221;default&#8221; bg_image_animation=&#8221;none&#8221; border_type=&#8221;simple&#8221; column_border_width=&#8221;none&#8221; column_border_style=&#8221;solid&#8221;][vc_column_text]\n<h1><strong>Izjava o zasebnosti<\/strong><\/h1>\n<p>Maj 2024<\/p>\n<p>Koninklijke Jumbo BV (v nadaljevanju: &#8220;Jumbo&#8221;), s sede\u017eem na naslovu Sovereign House, Stockport Road, Cheadle, SK8 2EA, je odgovoren za obdelavo osebnih podatkov, kot je dolo\u010deno v tej izjavi o zasebnosti. Jumbo je del evropskega podjetja za igra\u010de JumboDiset Group in razvija, proizvaja ter prodaja igra\u010de, igre in sestavljanke.<\/p>\n<p><strong>Kontaktni podatki:<\/strong><br \/>\nJumbo Group B.V.<br \/>\nWestzijde 184<br \/>\n1506 EK Zaandam<br \/>\nNizozemska<br \/>\nE-po\u0161ta: <a href=\"mailto:gdpr@jumboplay.com\">gdpr@jumboplay.com<\/a><\/p>\n<h2><strong>1. Osebni podatki, ki jih obdelujemo<\/strong><\/h2>\n<p>Jumbo obdeluje va\u0161e osebne podatke, ker uporabljate na\u0161e storitve in\/ali ker nam te podatke posredujete sami. Spodaj boste na\u0161li pregled osebnih podatkov, ki jih obdelujemo:<\/p>\n<ul>\n<li>Ime in priimek<\/li>\n<li>Spol<\/li>\n<li>Datum rojstva<\/li>\n<li>Kraj rojstva<\/li>\n<li>Naslov<\/li>\n<li>Telefonska \u0161tevilka<\/li>\n<li>E-po\u0161tni naslov<\/li>\n<li>naslov IP<\/li>\n<li>Drugi osebni podatki, ki jih aktivno posredujete, na primer z ustvarjanjem profila na tem spletnem mestu, v korespondenci in\/ali po telefonu<\/li>\n<li>Informacije o va\u0161ih dejavnostih na na\u0161i spletni strani<\/li>\n<li>Podatki brskanja po razli\u010dnih spletnih mestih (npr. ker je to podjetje del ogla\u0161evalske mre\u017ee)<\/li>\n<\/ul>\n<h2><strong>2. Posebni in\/ali ob\u010dutljivi osebni podatki, ki jih obdelujemo<\/strong><\/h2>\n<p>Jumbo obdeluje naslednje posebne in\/ali ob\u010dutljive osebne podatke, ki se nana\u0161ajo na vas:<\/p>\n<ul>\n<li>Podatki, ki se nana\u0161ajo na osebe, mlaj\u0161e od 16 let:<\/li>\n<\/ul>\n<p>Na\u0161e spletno mesto in\/ali storitev nimata namena zbirati podatkov o obiskovalcih spletnega mesta, mlaj\u0161ih od 16 let. Z izjemo, \u010de imajo dovoljenje star\u0161ev ali skrbnikov. Ne moremo pa preveriti, ali je obiskovalec starej\u0161i od 16 let. Zato priporo\u010damo, da star\u0161i spremljajo spletne aktivnosti svojih otrok in tako prepre\u010dijo zbiranje podatkov o otrocih brez soglasja star\u0161ev. \u010ce menite, da smo zbirali osebne podatke o mladoletniku brez tak\u0161nega soglasja, nas kontaktirajte preko <a href=\"https:\/\/hitstergame.com\/sl-si\/kontakt\/\">kontaktnega obrazca<\/a> na spletni strani Hitster in podatke bomo izbrisali.<\/p>\n<h2><strong>3. Za kak\u0161en namen in na kak\u0161ni podlagi obdelujemo osebne podatke?<\/strong><\/h2>\n<p>Jumbo obdeluje va\u0161e osebne podatke za naslednje namene:<\/p>\n<ul>\n<li>Distribucija na\u0161ega glasila in\/ali ogla\u0161evalske bro\u0161ure<\/li>\n<li>Da vas po potrebi pokli\u010demo ali po\u0161ljemo e-po\u0161to, da ponudimo na\u0161e storitve<\/li>\n<li>Za obve\u0161\u010danje o spremembah, ki vplivajo na na\u0161e storitve in izdelke<\/li>\n<li>Da vam ponudimo mo\u017enost odprtja ra\u010duna<\/li>\n<li>Za dostavo blaga in\/ali storitev za vas<\/li>\n<li>Jumbo analizira va\u0161e obna\u0161anje na spletnem mestu, da izbolj\u0161a spletno stran in prilagodi ponudbo izdelkov in storitev glede na va\u0161e \u017eelje<\/li>\n<li>Jumbo spremlja va\u0161e vedenje med brskanjem po razli\u010dnih spletnih mestih, da bi prilagodil svoje izdelke in storitve va\u0161im potrebam.<\/li>\n<\/ul>\n<h2><strong>4. Kako dolgo hranimo osebne podatke?<\/strong><\/h2>\n<p>Jumbo hrani va\u0161e osebne podatke le toliko \u010dasa, kolikor je to potrebno za izpolnitev namena, za katerega so bili va\u0161i podatki zbrani. Za naslednje (kategorije) osebnih podatkov uporabljamo naslednja obdobja hrambe:<\/p>\n<p><u>Glasila:<\/u><\/p>\n<p>Naslednji podatki bodo shranjeni (\u010de so na voljo) od trenutka prijave na glasilo, dokler se ne odjavite od glasila z mo\u017enostjo odjave, vklju\u010deno v glasilo:<\/p>\n<ul>\n<li>Ime in priimek<\/li>\n<li>Spol<\/li>\n<li>Datum rojstva<\/li>\n<li>Naslov<\/li>\n<li>E-po\u0161tni naslov<\/li>\n<\/ul>\n<p><u>Storitev za stranke:<\/u><\/p>\n<p>V prvem primeru se spodnji podatki shranijo zaradi zahtevkov za pomo\u010d strankam in nato zaradi ugotavljanja, ali je prej\u0161nje zahteve za pomo\u010d uporabnikom oddala ista oseba do dve leti po zaklju\u010dku odgovora:<\/p>\n<ul>\n<li>Ime in priimek<\/li>\n<li>Spol<\/li>\n<li>Naslov<\/li>\n<li>Telefonska \u0161tevilka<\/li>\n<li>E-po\u0161tni naslov<\/li>\n<\/ul>\n<p><u>Nate\u010daji in promocijske akcije:<\/u><\/p>\n<p>Spodnji podatki se hranijo do dva tedna po zaklju\u010dku promocijske akcije, da vas lahko kontaktiramo in vas obvestimo o zmagovalcu in kasnej\u0161em dogovoru glede podelitve nagrad:<\/p>\n<ul>\n<li>Ime in priimek<\/li>\n<li>Spol<\/li>\n<li>Datum rojstva<\/li>\n<li>Naslov<\/li>\n<li>Telefonska \u0161tevilka<\/li>\n<li>E-po\u0161tni naslov<\/li>\n<\/ul>\n<p><u>Brskanje:<\/u><\/p>\n<p>Spodnji podatki se hranijo od trenutka, ko ste podali soglasje za namestitev pi\u0161kotkov s strani Jumbo, do trenutka, ko nastavite svoj spletni brskalnik tako, da ne shranjuje ve\u010d pi\u0161kotkov. Tam lahko tudi izbri\u0161ete vse podatke, ki so bili predhodno shranjeni v nastavitvah brskalnika.<\/p>\n<ul>\n<li>naslov IP<\/li>\n<\/ul>\n<p><u>Pro\u0161nje za delo:<\/u><\/p>\n<p>Spodnje informacije se hranijo do dva tedna po koncu postopka prijave na delovno mesto, da lahko ocenimo va\u0161o prijavo in stopimo v stik z vami, da vas povabimo na nadaljnji razgovor ali da vas obvestimo, da delovno mesto ni ve\u010d na voljo:<\/p>\n<ul>\n<li>Ime in priimek<\/li>\n<li>Spol<\/li>\n<li>Datum rojstva<\/li>\n<li>Kraj rojstva<\/li>\n<li>Naslov<\/li>\n<li>Telefonska \u0161tevilka<\/li>\n<li>E-po\u0161tni naslov<\/li>\n<li>Drugi osebni podatki, ki ste jih aktivno po\u0161iljali, kot je ustvarjanje profila na tej spletni strani, v korespondenci in\/ali po telefonu (vklju\u010dno z va\u0161im \u017eivljenjepisom)<\/li>\n<\/ul>\n<h2><strong>5. Deljenje osebnih podatkov s tretjimi osebami<br \/>\n<\/strong><\/h2>\n<ul>\n<li>Jumbo deli va\u0161e osebne podatke z razli\u010dnimi tretjimi osebami, \u010de je to potrebno za izvedbo pogodbe in izpolnjevanje zakonskih obveznosti. Pogodbo o obdelovalcu sklenemo, da zagotovimo enako raven varnosti in zaupnosti va\u0161ih podatkov s podjetji, ki obdelujejo va\u0161e podatke v na\u0161em imenu (kot so kurirji, na\u0161 distribucijski center in partnerji za gostovanje podatkov). Te stranke lahko osebne podatke uporabljajo samo za izvajanje posebnih nalog, za katere so anga\u017eirane. Jumbo ostaja odgovoren za omenjene procese obdelave.<\/li>\n<li>Jumbo deli va\u0161e osebne podatke z drugimi tretjimi osebami, ki jih Jumbo anga\u017eira za pripravo in obdelavo promocijskih kampanj in tekmovanj, kot so PR in\/ali medijske agencije. Te stranke lahko osebne podatke uporabljajo samo za izvajanje posebnih nalog, za katere so anga\u017eirane.<\/li>\n<li>Jumbo deli va\u0161e osebne podatke z drugimi tretjimi osebami samo, \u010de ste za ta namen dali posebno dovoljenje.<\/li>\n<\/ul>\n<h2><strong>6. Pi\u0161kotki ali primerljiva tehnologija, ki jo uporabljamo<\/strong><\/h2>\n<p>Jumbo uporablja funkcionalne, analiti\u010dne in sledilne pi\u0161kotke. Pi\u0161kotek je majhna besedilna datoteka, ki se shrani v brskalnik va\u0161ega ra\u010dunalnika, tablice ali pametnega telefona, ko prvi\u010d obi\u0161\u010dete spletno mesto Jumbo.<\/p>\n<ul>\n<li>Funkcionalni pi\u0161kotki:<\/li>\n<\/ul>\n<p>Jumbo uporablja pi\u0161kotke, ki imajo izklju\u010dno tehni\u010dno funkcijo. Ti pi\u0161kotki zagotavljajo, da spletna stran deluje pravilno in da si na primer zapomni va\u0161e nastavitve. Uporabljajo se tudi za pravilno delovanje spletne strani in za optimizacijo njene funkcionalnosti. Funkcionalnih pi\u0161kotkov ni mogo\u010de izklopiti.<\/p>\n<ul>\n<li>Analiti\u010dni pi\u0161kotki:<\/li>\n<\/ul>\n<p>Google Analytics uporabljamo za zbiranje spletnih statistik o uporabi in obisku spletnega mesta Jumbo. Google Analytics shrani trajni pi\u0161kotek v va\u0161o napravo. Ta pi\u0161kotek bele\u017ei va\u0161o uporabo spletnega mesta Jumbo, te podatke nato analizira Google in rezultate posreduje Jumbu. Na ta na\u010din Jumbo pridobi vpogled v na\u010din uporabe spletne strani in na podlagi teh podatkov po potrebi prilagodi spletno stran in\/ali storitev. Google lahko te podatke posreduje tudi tretjim osebam, \u010de tako zahteva zakon in\/ali kadar te tretje osebe obdelujejo podatke v imenu Googla. Google ne more uporabljati podatkov za druge Googlove storitve. Analiti\u010dnih pi\u0161kotkov ni mogo\u010de izklopiti.<\/p>\n<ul>\n<li>Sledilni pi\u0161kotki:<\/li>\n<\/ul>\n<p>Poleg tega namestimo pi\u0161kotke, ki spremljajo va\u0161e brskanje zunaj spletnega mesta Jumbo, da vam lahko ponudimo prilagojeno vsebino in oglase. Ko ste prvi\u010d obiskali spletno stran Jumbo, smo vas obvestili o teh pi\u0161kotkih in prosili za dovoljenje za njihovo nastavitev. Pi\u0161kotke lahko izklopite tako, da nastavite svoj spletni brskalnik tako, da ne shranjuje ve\u010d pi\u0161kotkov. Poleg tega lahko tudi izbri\u0161ete vse podatke, ki ste jih predhodno shranili v nastavitvah brskalnika.<\/p>\n<ul>\n<li>Tehni\u010dne lastnosti:<\/li>\n<\/ul>\n<p>Poleg nastavitve pi\u0161kotkov Jumbo tudi bere informacije iz va\u0161ega brskalnika in\/ali naprave brez nastavitve pi\u0161kotkov. Na ta na\u010din Jumbo zbira (tehni\u010dne) lastnosti va\u0161e naprave in programske opreme, ki jo uporabljate, kot so vrsta operacijskega sistema, nastavitve brskalnika, name\u0161\u010deni vti\u010dniki, \u010dasovni pas in velikost zaslona. Jumbo te podatke uporablja za spremljanje va\u0161ega brskanja in na podlagi tega lahko optimalno prilagodi svoje storitve.<\/p>\n<ul>\n<li>Hiperpovezave tretjih oseb:<\/li>\n<\/ul>\n<p>Spletno mesto Jumbo lahko vsebuje hiperpovezave, prek katerih lahko zapustite spletno mesto Jumbo in vstopite na spletno mesto druge osebe (kot je trgovec). Jumbo nima nadzora nad povezanimi storitvami in spletnimi stranmi tretjih oseb. Zato lahko za tak\u0161ne storitve in spletna mesta tretjih oseb velja druga\u010dna izjava o zasebnosti. Jumbo ni odgovoren za (delovanje in\/ali vsebino) storitev in\/ali spletnih mest tretjih oseb.<\/p>\n<ul>\n<li>Dodatki za socialna omre\u017eja:<\/li>\n<\/ul>\n<p>Spletno mesto Jumbo vsebuje razli\u010dne vti\u010dnike za dru\u017eabne zabave, kot so Facebook, Instagram, Google+, YouTube in LinkedIn. To vam omogo\u010da, da delite informacije s spletne strani Jumbo z drugimi ali jih napotite. Ko obi\u0161\u010dete spletno mesto, ki prikazuje socialne vti\u010dnike teh dru\u017ebenih medijev, tretje osebe v va\u0161o napravo namestijo pi\u0161kotke. Med drugim ti pi\u0161kotki zbirajo podatke o va\u0161em brskalniku in spletnih mestih, ki jih obi\u0161\u010dete z va\u0161im naslovom IP.<\/p>\n<ul>\n<li>Spletno mesto Jumbo prikazuje videoposnetke s spletnih mest tretjih oseb, vklju\u010dno z YouTubom. Te tretje osebe nastavijo pi\u0161kotke, ki vam omogo\u010dajo ogled videoposnetkov. Poleg tega so lahko nastavljeni pi\u0161kotki, ki se uporabljajo za sledenje va\u0161emu brskanju po ve\u010d spletnih mestih in za ustvarjanje profila va\u0161ega vedenja pri brskanju.<\/li>\n<li>S pomo\u010djo Facebookove spletne strani po meri lahko Jumbo uporabi podatke s svoje spletne strani za prikaz ustreznih oglasov na Facebooku. Prek slikovne pike, ki je integrirana v spletno mesto Jumbo, se splo\u0161ne informacije o seji va\u0161ega brskalnika, vklju\u010dno z morebitnimi Facebook pi\u0161kotki in spletnimi mesti, ki jih obi\u0161\u010dete, po\u0161ljejo Facebooku. Na podlagi teh podatkov je mogo\u010de uporabnike Facebooka vklju\u010diti v dolo\u010dene ciljne skupine po meri in jim lahko prikazujejo prilagojene oglase.<\/li>\n<li>Za uporabo pi\u0161kotkov, ki jih namestijo video in\/ali dru\u017eabni vti\u010dniki na spletni strani Jumbo, veljajo nadaljnji pogoji in dolo\u010dila tretjih oseb. Jumbo ni odgovoren in\/ali jam\u010di za omenjene pogoje tretjih oseb. Za dodatne informacije si oglejte dolo\u010dila in pogoje zadevnih strank:<\/li>\n<\/ul>\n<ul>\n<li>Facebook (<a href=\"https:\/\/www.facebook.com\/policy.php\" target=\"_blank\" rel=\"noopener\">povezava<\/a>)<\/li>\n<li>Instagram (<a href=\"https:\/\/help.instagram.com\/155833707900388\" target=\"_blank\" rel=\"noopener\">povezava<\/a>)<\/li>\n<li>LinkedIn (<a href=\"https:\/\/www.linkedin.com\/legal\/privacy-policy\" target=\"_blank\" rel=\"noopener\">povezava<\/a>)<\/li>\n<li>YouTube \/ Google (<a href=\"https:\/\/policies.google.com\/privacy?hl=nl&amp;gl=nl\" target=\"_blank\" rel=\"noopener\">povezava<\/a>)<\/li>\n<\/ul>\n<h2><strong>7. Ogled, spreminjanje ali brisanje podatkov<\/strong><\/h2>\n<ul>\n<li>Imate pravico do vpogleda, spremembe ali izbrisa svojih osebnih podatkov. Poleg tega imate pravico do preklica soglasja za obdelavo podatkov ali ugovora obdelavi va\u0161ih osebnih podatkov s strani Jumbo in imate pravico do prenosljivosti podatkov. To pomeni, da lahko zahtevate, da vam \u2013 ali drugi organizaciji na zahtevo \u2013 po\u0161ljemo vse osebne podatke, ki smo jih o vas shranili v ra\u010dunalni\u0161ki datoteki. Preko <a href=\"https:\/\/hitstergame.com\/sl-si\/kontakt\/\">kontaktnega obrazca<\/a> na spletni strani Hitster nam lahko posredujete zahtevo za vpogled, spremembo, izbris ali prenos va\u0161ih osebnih podatkov ali zahtevate umik soglasja ali ugovarjate obdelavi va\u0161ih osebnih podatkov.<\/li>\n<li>Da bi se prepri\u010dali, da ste tako zahtevo poslali vi, nam skupaj z zahtevo po\u0161ljite kopijo svojega osebnega dokumenta. Da za\u0161\u010ditite svojo zasebnost, na kopiji, ki jo po\u0161ljete, zatemnite svojo fotografijo obraza, MRZ (strojno berljivo obmo\u010dje ali \u0161tevilski trak na dnu potnega lista), \u0161tevilko potnega lista in svojo \u0161tevilko socialnega zavarovanja (BSN). Na va\u0161o zahtevo bomo odgovorili v najkraj\u0161em mo\u017enem \u010dasu, najkasneje v \u0161tirih tednih.<\/li>\n<li>Jumbo \u017eeli tudi poudariti, da imate pravico do vlo\u017eitve prito\u017ebe pri nacionalnem nadzornem organu: <a href=\"https:\/\/edpb.europa.eu\/about-edpb\/about-edpb\/members_en\">https:\/\/edpb.europa.eu\/about-edpb\/about-edpb\/members_en<\/a>.<\/li>\n<\/ul>\n<h2><strong>8. Kako varujemo osebne podatke<\/strong><\/h2>\n<p>Jumbo varovanje va\u0161ih podatkov jemlje resno in z ustreznimi ukrepi prepre\u010duje njihovo zlorabo, izgubo, nepoobla\u0161\u010den dostop, ne\u017eeleno razkritje in\/ali nepoobla\u0161\u010deno spreminjanje. \u010ce menite, da va\u0161i podatki niso varni ali da obstajajo znaki zlorabe, se obrnite na na\u0161o slu\u017ebo za pomo\u010d strankam preko <a href=\"https:\/\/hitstergame.com\/sl-si\/kontakt\/\">kontaktnega obrazca<\/a> na spletni strani Hitster.<\/p>\n<h2><strong>9. Spremembe izjave o zasebnosti<\/strong><\/h2>\n<p>Ta izjava o zasebnosti se lahko spremeni. Vse take spremembe bodo objavljene na spletni strani Hitstergame.com. Najnovej\u0161a razli\u010dica je od 24. maja 2024.[\/vc_column_text][\/vc_column][\/vc_row]\n","protected":false},"excerpt":{"rendered":"<p>[vc_row type=&#8221;in_container&#8221; full_screen_row_position=&#8221;middle&#8221; column_margin=&#8221;default&#8221; column_direction=&#8221;default&#8221; column_direction_tablet=&#8221;default&#8221; column_direction_phone=&#8221;default&#8221; scene_position=&#8221;center&#8221; text_color=&#8221;dark&#8221; text_align=&#8221;left&#8221; row_border_radius=&#8221;none&#8221; row_border_radius_applies=&#8221;bg&#8221; overflow=&#8221;visible&#8221; overlay_strength=&#8221;0.3&#8243; gradient_direction=&#8221;left_to_right&#8221; shape_divider_position=&#8221;bottom&#8221; bg_image_animation=&#8221;none&#8221;][vc_column column_padding=&#8221;no-extra-padding&#8221; column_padding_tablet=&#8221;inherit&#8221; column_padding_phone=&#8221;inherit&#8221; column_padding_position=&#8221;all&#8221; column_element_spacing=&#8221;default&#8221; background_color_opacity=&#8221;1&#8243; background_hover_color_opacity=&#8221;1&#8243; column_shadow=&#8221;none&#8221; column_border_radius=&#8221;none&#8221; column_link_target=&#8221;_self&#8221; column_position=&#8221;default&#8221; gradient_direction=&#8221;left_to_right&#8221; overlay_strength=&#8221;0.3&#8243;&#8230;<\/p>\n","protected":false},"author":5,"featured_media":0,"parent":0,"menu_order":0,"comment_status":"closed","ping_status":"open","template":"","meta":{"inline_featured_image":false,"footnotes":""},"class_list":["post-91482","page","type-page","status-publish"],"yoast_head":"<!-- This site is optimized with the Yoast SEO plugin v27.4 - https:\/\/yoast.com\/product\/yoast-seo-wordpress\/ -->\n<title>Politika zasebnosti - Hitster<\/title>\n<meta name=\"robots\" content=\"index, follow, max-snippet:-1, max-image-preview:large, max-video-preview:-1\" \/>\n<link rel=\"canonical\" href=\"https:\/\/hitstergame.com\/sl-si\/politika-zasebnosti\/\" \/>\n<meta property=\"og:locale\" content=\"en_US\" \/>\n<meta property=\"og:type\" content=\"article\" \/>\n<meta property=\"og:title\" content=\"Politika zasebnosti - Hitster\" \/>\n<meta property=\"og:description\" content=\"[vc_row type=&#8221;in_container&#8221; full_screen_row_position=&#8221;middle&#8221; column_margin=&#8221;default&#8221; column_direction=&#8221;default&#8221; column_direction_tablet=&#8221;default&#8221; column_direction_phone=&#8221;default&#8221; scene_position=&#8221;center&#8221; text_color=&#8221;dark&#8221; text_align=&#8221;left&#8221; row_border_radius=&#8221;none&#8221; row_border_radius_applies=&#8221;bg&#8221; overflow=&#8221;visible&#8221; overlay_strength=&#8221;0.3&#8243; gradient_direction=&#8221;left_to_right&#8221; shape_divider_position=&#8221;bottom&#8221; bg_image_animation=&#8221;none&#8221;][vc_column column_padding=&#8221;no-extra-padding&#8221; column_padding_tablet=&#8221;inherit&#8221; column_padding_phone=&#8221;inherit&#8221; column_padding_position=&#8221;all&#8221; column_element_spacing=&#8221;default&#8221; background_color_opacity=&#8221;1&#8243; background_hover_color_opacity=&#8221;1&#8243; column_shadow=&#8221;none&#8221; column_border_radius=&#8221;none&#8221; column_link_target=&#8221;_self&#8221; column_position=&#8221;default&#8221; gradient_direction=&#8221;left_to_right&#8221; overlay_strength=&#8221;0.3&#8243;...\" \/>\n<meta property=\"og:url\" content=\"https:\/\/hitstergame.com\/sl-si\/politika-zasebnosti\/\" \/>\n<meta property=\"og:site_name\" content=\"Hitster\" \/>\n<meta property=\"article:modified_time\" content=\"2024-12-04T15:39:43+00:00\" \/>\n<meta name=\"twitter:card\" content=\"summary_large_image\" \/>\n<meta name=\"twitter:label1\" content=\"Est. reading time\" \/>\n\t<meta name=\"twitter:data1\" content=\"8 minutes\" \/>\n<script type=\"application\/ld+json\" class=\"yoast-schema-graph\">{\"@context\":\"https:\\\/\\\/schema.org\",\"@graph\":[{\"@type\":\"WebPage\",\"@id\":\"https:\\\/\\\/hitstergame.com\\\/sl-si\\\/politika-zasebnosti\\\/\",\"url\":\"https:\\\/\\\/hitstergame.com\\\/sl-si\\\/politika-zasebnosti\\\/\",\"name\":\"Politika zasebnosti - Hitster\",\"isPartOf\":{\"@id\":\"https:\\\/\\\/hitstergame.com\\\/sl-si\\\/#website\"},\"datePublished\":\"2022-03-17T06:58:22+00:00\",\"dateModified\":\"2024-12-04T15:39:43+00:00\",\"breadcrumb\":{\"@id\":\"https:\\\/\\\/hitstergame.com\\\/sl-si\\\/politika-zasebnosti\\\/#breadcrumb\"},\"inLanguage\":\"sl-SI\",\"potentialAction\":[{\"@type\":\"ReadAction\",\"target\":[\"https:\\\/\\\/hitstergame.com\\\/sl-si\\\/politika-zasebnosti\\\/\"]}]},{\"@type\":\"BreadcrumbList\",\"@id\":\"https:\\\/\\\/hitstergame.com\\\/sl-si\\\/politika-zasebnosti\\\/#breadcrumb\",\"itemListElement\":[{\"@type\":\"ListItem\",\"position\":1,\"name\":\"Home\",\"item\":\"https:\\\/\\\/hitstergame.com\\\/sl-si\\\/\"},{\"@type\":\"ListItem\",\"position\":2,\"name\":\"Politika zasebnosti\"}]},{\"@type\":\"WebSite\",\"@id\":\"https:\\\/\\\/hitstergame.com\\\/sl-si\\\/#website\",\"url\":\"https:\\\/\\\/hitstergame.com\\\/sl-si\\\/\",\"name\":\"Hitster\",\"description\":\"\",\"publisher\":{\"@id\":\"https:\\\/\\\/hitstergame.com\\\/sl-si\\\/#organization\"},\"potentialAction\":[{\"@type\":\"SearchAction\",\"target\":{\"@type\":\"EntryPoint\",\"urlTemplate\":\"https:\\\/\\\/hitstergame.com\\\/sl-si\\\/?s={search_term_string}\"},\"query-input\":{\"@type\":\"PropertyValueSpecification\",\"valueRequired\":true,\"valueName\":\"search_term_string\"}}],\"inLanguage\":\"sl-SI\"},{\"@type\":\"Organization\",\"@id\":\"https:\\\/\\\/hitstergame.com\\\/sl-si\\\/#organization\",\"name\":\"Hitstergame.com\",\"url\":\"https:\\\/\\\/hitstergame.com\\\/sl-si\\\/\",\"logo\":{\"@type\":\"ImageObject\",\"inLanguage\":\"sl-SI\",\"@id\":\"https:\\\/\\\/hitstergame.com\\\/sl-si\\\/#\\\/schema\\\/logo\\\/image\\\/\",\"url\":\"https:\\\/\\\/hitstergame.com\\\/wp-content\\\/uploads\\\/2022\\\/06\\\/hitster-logo-small.png\",\"contentUrl\":\"https:\\\/\\\/hitstergame.com\\\/wp-content\\\/uploads\\\/2022\\\/06\\\/hitster-logo-small.png\",\"width\":250,\"height\":71,\"caption\":\"Hitstergame.com\"},\"image\":{\"@id\":\"https:\\\/\\\/hitstergame.com\\\/sl-si\\\/#\\\/schema\\\/logo\\\/image\\\/\"}}]}<\/script>\n<!-- \/ Yoast SEO plugin. -->","yoast_head_json":{"title":"Politika zasebnosti - Hitster","robots":{"index":"index","follow":"follow","max-snippet":"max-snippet:-1","max-image-preview":"max-image-preview:large","max-video-preview":"max-video-preview:-1"},"canonical":"https:\/\/hitstergame.com\/sl-si\/politika-zasebnosti\/","og_locale":"en_US","og_type":"article","og_title":"Politika zasebnosti - Hitster","og_description":"[vc_row type=&#8221;in_container&#8221; full_screen_row_position=&#8221;middle&#8221; column_margin=&#8221;default&#8221; column_direction=&#8221;default&#8221; column_direction_tablet=&#8221;default&#8221; column_direction_phone=&#8221;default&#8221; scene_position=&#8221;center&#8221; text_color=&#8221;dark&#8221; text_align=&#8221;left&#8221; row_border_radius=&#8221;none&#8221; row_border_radius_applies=&#8221;bg&#8221; overflow=&#8221;visible&#8221; overlay_strength=&#8221;0.3&#8243; gradient_direction=&#8221;left_to_right&#8221; shape_divider_position=&#8221;bottom&#8221; bg_image_animation=&#8221;none&#8221;][vc_column column_padding=&#8221;no-extra-padding&#8221; column_padding_tablet=&#8221;inherit&#8221; column_padding_phone=&#8221;inherit&#8221; column_padding_position=&#8221;all&#8221; column_element_spacing=&#8221;default&#8221; background_color_opacity=&#8221;1&#8243; background_hover_color_opacity=&#8221;1&#8243; column_shadow=&#8221;none&#8221; column_border_radius=&#8221;none&#8221; column_link_target=&#8221;_self&#8221; column_position=&#8221;default&#8221; gradient_direction=&#8221;left_to_right&#8221; overlay_strength=&#8221;0.3&#8243;...","og_url":"https:\/\/hitstergame.com\/sl-si\/politika-zasebnosti\/","og_site_name":"Hitster","article_modified_time":"2024-12-04T15:39:43+00:00","twitter_card":"summary_large_image","twitter_misc":{"Est. reading time":"8 minutes"},"schema":{"@context":"https:\/\/schema.org","@graph":[{"@type":"WebPage","@id":"https:\/\/hitstergame.com\/sl-si\/politika-zasebnosti\/","url":"https:\/\/hitstergame.com\/sl-si\/politika-zasebnosti\/","name":"Politika zasebnosti - Hitster","isPartOf":{"@id":"https:\/\/hitstergame.com\/sl-si\/#website"},"datePublished":"2022-03-17T06:58:22+00:00","dateModified":"2024-12-04T15:39:43+00:00","breadcrumb":{"@id":"https:\/\/hitstergame.com\/sl-si\/politika-zasebnosti\/#breadcrumb"},"inLanguage":"sl-SI","potentialAction":[{"@type":"ReadAction","target":["https:\/\/hitstergame.com\/sl-si\/politika-zasebnosti\/"]}]},{"@type":"BreadcrumbList","@id":"https:\/\/hitstergame.com\/sl-si\/politika-zasebnosti\/#breadcrumb","itemListElement":[{"@type":"ListItem","position":1,"name":"Home","item":"https:\/\/hitstergame.com\/sl-si\/"},{"@type":"ListItem","position":2,"name":"Politika zasebnosti"}]},{"@type":"WebSite","@id":"https:\/\/hitstergame.com\/sl-si\/#website","url":"https:\/\/hitstergame.com\/sl-si\/","name":"Hitster","description":"","publisher":{"@id":"https:\/\/hitstergame.com\/sl-si\/#organization"},"potentialAction":[{"@type":"SearchAction","target":{"@type":"EntryPoint","urlTemplate":"https:\/\/hitstergame.com\/sl-si\/?s={search_term_string}"},"query-input":{"@type":"PropertyValueSpecification","valueRequired":true,"valueName":"search_term_string"}}],"inLanguage":"sl-SI"},{"@type":"Organization","@id":"https:\/\/hitstergame.com\/sl-si\/#organization","name":"Hitstergame.com","url":"https:\/\/hitstergame.com\/sl-si\/","logo":{"@type":"ImageObject","inLanguage":"sl-SI","@id":"https:\/\/hitstergame.com\/sl-si\/#\/schema\/logo\/image\/","url":"https:\/\/hitstergame.com\/wp-content\/uploads\/2022\/06\/hitster-logo-small.png","contentUrl":"https:\/\/hitstergame.com\/wp-content\/uploads\/2022\/06\/hitster-logo-small.png","width":250,"height":71,"caption":"Hitstergame.com"},"image":{"@id":"https:\/\/hitstergame.com\/sl-si\/#\/schema\/logo\/image\/"}}]}},"featured_image_src":null,"featured_image_src_square":null,"_links":{"self":[{"href":"https:\/\/hitstergame.com\/sl-si\/wp-json\/wp\/v2\/pages\/91482","targetHints":{"allow":["GET"]}}],"collection":[{"href":"https:\/\/hitstergame.com\/sl-si\/wp-json\/wp\/v2\/pages"}],"about":[{"href":"https:\/\/hitstergame.com\/sl-si\/wp-json\/wp\/v2\/types\/page"}],"author":[{"embeddable":true,"href":"https:\/\/hitstergame.com\/sl-si\/wp-json\/wp\/v2\/users\/5"}],"replies":[{"embeddable":true,"href":"https:\/\/hitstergame.com\/sl-si\/wp-json\/wp\/v2\/comments?post=91482"}],"version-history":[{"count":0,"href":"https:\/\/hitstergame.com\/sl-si\/wp-json\/wp\/v2\/pages\/91482\/revisions"}],"wp:attachment":[{"href":"https:\/\/hitstergame.com\/sl-si\/wp-json\/wp\/v2\/media?parent=91482"}],"curies":[{"name":"wp","href":"https:\/\/api.w.org\/{rel}","templated":true}]}}