{"id":10994,"date":"2024-06-04T12:31:12","date_gmt":"2024-06-04T10:31:12","guid":{"rendered":"https:\/\/hitstergame.com\/?page_id=10994"},"modified":"2024-06-21T14:41:01","modified_gmt":"2024-06-21T12:41:01","slug":"hitster-summer-tour","status":"publish","type":"page","link":"https:\/\/hitstergame.com\/nl-nl\/hitster-summer-tour\/","title":{"rendered":"Hitster Summer Tour"},"content":{"rendered":"[vc_row type=&#8221;full_width_content&#8221; full_screen_row_position=&#8221;middle&#8221; column_margin=&#8221;default&#8221; column_direction=&#8221;default&#8221; column_direction_tablet=&#8221;default&#8221; column_direction_phone=&#8221;default&#8221; scene_position=&#8221;center&#8221; text_color=&#8221;dark&#8221; text_align=&#8221;left&#8221; row_border_radius=&#8221;none&#8221; row_border_radius_applies=&#8221;bg&#8221; overflow=&#8221;visible&#8221; advanced_gradient_angle=&#8221;0&#8243; overlay_strength=&#8221;0.3&#8243; gradient_direction=&#8221;left_to_right&#8221; shape_divider_position=&#8221;bottom&#8221; bg_image_animation=&#8221;none&#8221; gradient_type=&#8221;default&#8221; shape_type=&#8221;&#8221;][vc_column column_padding=&#8221;padding-5-percent&#8221; column_padding_tablet=&#8221;inherit&#8221; column_padding_phone=&#8221;inherit&#8221; column_padding_position=&#8221;all&#8221; column_element_spacing=&#8221;default&#8221; background_color=&#8221;#f0286e&#8221; background_color_opacity=&#8221;1&#8243; background_hover_color_opacity=&#8221;1&#8243; column_shadow=&#8221;none&#8221; column_border_radius=&#8221;none&#8221; column_link_target=&#8221;_self&#8221; column_position=&#8221;default&#8221; advanced_gradient_angle=&#8221;0&#8243; gradient_direction=&#8221;left_to_right&#8221; overlay_strength=&#8221;0.3&#8243; width=&#8221;1\/1&#8243; tablet_width_inherit=&#8221;default&#8221; tablet_text_alignment=&#8221;default&#8221; phone_text_alignment=&#8221;default&#8221; animation_type=&#8221;default&#8221; bg_image_animation=&#8221;none&#8221; border_type=&#8221;simple&#8221; column_border_width=&#8221;none&#8221; column_border_style=&#8221;solid&#8221; gradient_type=&#8221;default&#8221;][nectar_highlighted_text color_type=&#8221;regular&#8221; style=&#8221;full_text&#8221; highlight_expansion=&#8221;default&#8221;]\n<h1>Update: Hitster Summer Tour geannuleerd<\/h1>\n<p>We moeten jullie helaas laten weten dat we door onvoorziene omstandigheden de Hitster Summer Tour moeten annuleren. We snappen dat dit teleurstellend is en bieden onze excuses aan voor het ongemak.<br \/>\nWe doen ons best om jullie de beste ervaring te bieden en zijn druk bezig met het zoeken naar andere manieren om met jullie in contact te komen.<br \/>\nHeb je vragen of opmerkingen? Neem dan gerust contact op met onze <a href=\"https:\/\/hitstergame.com\/nl-nl\/contact\/\">klantenservice<\/a>. We horen graag van je en helpen je graag verder.<br \/>\nDank jullie wel voor het begrip.[\/nectar_highlighted_text][\/vc_column][vc_column column_padding=&#8221;no-extra-padding&#8221; column_padding_tablet=&#8221;inherit&#8221; column_padding_phone=&#8221;inherit&#8221; column_padding_position=&#8221;all&#8221; column_element_spacing=&#8221;default&#8221; background_color_opacity=&#8221;1&#8243; background_hover_color_opacity=&#8221;1&#8243; column_shadow=&#8221;none&#8221; column_border_radius=&#8221;none&#8221; column_link_target=&#8221;_self&#8221; column_position=&#8221;default&#8221; advanced_gradient_angle=&#8221;0&#8243; gradient_direction=&#8221;left_to_right&#8221; overlay_strength=&#8221;0.3&#8243; width=&#8221;1\/1&#8243; tablet_width_inherit=&#8221;default&#8221; tablet_text_alignment=&#8221;default&#8221; phone_text_alignment=&#8221;default&#8221; animation_type=&#8221;default&#8221; bg_image_animation=&#8221;none&#8221; border_type=&#8221;simple&#8221; column_border_width=&#8221;none&#8221; column_border_style=&#8221;solid&#8221; gradient_type=&#8221;default&#8221; offset=&#8221;vc_hidden-lg vc_hidden-md vc_hidden-sm&#8221;][vc_video link=&#8221;https:\/\/watch.videodelivery.net\/fc0765aad331840e0f52a6215df9b48a?muted=true&amp;preload=true&amp;loop=true&amp;autoplay=true&#8221; el_aspect=&#8221;916&#8243; align=&#8221;center&#8221;][\/vc_column][\/vc_row][vc_row type=&#8221;full_width_content&#8221; full_screen_row_position=&#8221;middle&#8221; column_margin=&#8221;default&#8221; column_direction=&#8221;default&#8221; column_direction_tablet=&#8221;default&#8221; column_direction_phone=&#8221;default&#8221; scene_position=&#8221;center&#8221; text_color=&#8221;dark&#8221; text_align=&#8221;left&#8221; row_border_radius=&#8221;none&#8221; row_border_radius_applies=&#8221;bg&#8221; overflow=&#8221;visible&#8221; advanced_gradient_angle=&#8221;0&#8243; overlay_strength=&#8221;0.3&#8243; gradient_direction=&#8221;left_to_right&#8221; shape_divider_position=&#8221;bottom&#8221; bg_image_animation=&#8221;none&#8221; gradient_type=&#8221;default&#8221; shape_type=&#8221;&#8221;][vc_column column_padding=&#8221;no-extra-padding&#8221; column_padding_tablet=&#8221;inherit&#8221; column_padding_phone=&#8221;inherit&#8221; column_padding_position=&#8221;all&#8221; column_element_spacing=&#8221;default&#8221; background_color_opacity=&#8221;1&#8243; background_hover_color_opacity=&#8221;1&#8243; column_shadow=&#8221;none&#8221; column_border_radius=&#8221;none&#8221; column_link_target=&#8221;_self&#8221; column_position=&#8221;default&#8221; advanced_gradient_angle=&#8221;0&#8243; gradient_direction=&#8221;left_to_right&#8221; overlay_strength=&#8221;0.3&#8243; width=&#8221;1\/1&#8243; tablet_width_inherit=&#8221;default&#8221; tablet_text_alignment=&#8221;default&#8221; phone_text_alignment=&#8221;default&#8221; animation_type=&#8221;default&#8221; bg_image_animation=&#8221;none&#8221; border_type=&#8221;simple&#8221; column_border_width=&#8221;none&#8221; column_border_style=&#8221;solid&#8221; gradient_type=&#8221;default&#8221; offset=&#8221;vc_hidden-xs&#8221;][vc_video link=&#8221;https:\/\/watch.videodelivery.net\/5ea1d6f853d2f8b3943391c0758654ea?muted=true&amp;preload=true&amp;loop=true&amp;autoplay=true&#8221; align=&#8221;center&#8221;][\/vc_column][\/vc_row][vc_row type=&#8221;full_width_background&#8221; full_screen_row_position=&#8221;middle&#8221; column_margin=&#8221;default&#8221; column_direction=&#8221;default&#8221; column_direction_tablet=&#8221;default&#8221; column_direction_phone=&#8221;default&#8221; bg_image=&#8221;10995&#8243; bg_position=&#8221;left top&#8221; background_image_loading=&#8221;default&#8221; bg_repeat=&#8221;no-repeat&#8221; scene_position=&#8221;center&#8221; top_padding=&#8221;60&#8243; bottom_padding=&#8221;60&#8243; text_color=&#8221;dark&#8221; text_align=&#8221;left&#8221; row_border_radius=&#8221;none&#8221; row_border_radius_applies=&#8221;bg&#8221; overflow=&#8221;visible&#8221; advanced_gradient_angle=&#8221;0&#8243; overlay_strength=&#8221;0.3&#8243; gradient_direction=&#8221;left_to_right&#8221; shape_divider_position=&#8221;bottom&#8221; bg_image_animation=&#8221;none&#8221; gradient_type=&#8221;default&#8221; shape_type=&#8221;&#8221;][vc_column column_padding=&#8221;no-extra-padding&#8221; column_padding_tablet=&#8221;inherit&#8221; column_padding_phone=&#8221;inherit&#8221; column_padding_position=&#8221;all&#8221; column_element_spacing=&#8221;default&#8221; background_color_opacity=&#8221;1&#8243; background_hover_color_opacity=&#8221;1&#8243; column_shadow=&#8221;none&#8221; column_border_radius=&#8221;none&#8221; column_link_target=&#8221;_self&#8221; column_position=&#8221;default&#8221; advanced_gradient_angle=&#8221;0&#8243; gradient_direction=&#8221;left_to_right&#8221; overlay_strength=&#8221;0.3&#8243; width=&#8221;1\/2&#8243; tablet_width_inherit=&#8221;default&#8221; tablet_text_alignment=&#8221;default&#8221; phone_text_alignment=&#8221;default&#8221; animation_type=&#8221;default&#8221; bg_image_animation=&#8221;none&#8221; border_type=&#8221;simple&#8221; column_border_width=&#8221;none&#8221; column_border_style=&#8221;solid&#8221; gradient_type=&#8221;default&#8221;][nectar_highlighted_text color_type=&#8221;regular&#8221; style=&#8221;full_text&#8221; highlight_expansion=&#8221;default&#8221;]\n<h2>Rijd mee met de Hitster Summer Tour!<\/h2>\n<p>De Hitster bus is klaar voor vertrek! De komende weken rijdt onze Hitster Truck door h\u00e9\u00e9l Nederland en Belgi\u00eb. Speel mee met de XXL Hitster Summer Party en maak kans op exclusieve Hitster prijzen, Fresh N&#8217;Rebel producten en leuke verrassingen. Bekijk snel de plaatsen waar we langskomen en mis deze unieke ervaring niet! Zien we jou snel?[\/nectar_highlighted_text][\/vc_column][vc_column column_padding=&#8221;no-extra-padding&#8221; column_padding_tablet=&#8221;inherit&#8221; column_padding_phone=&#8221;inherit&#8221; column_padding_position=&#8221;all&#8221; column_element_spacing=&#8221;default&#8221; background_color_opacity=&#8221;1&#8243; background_hover_color_opacity=&#8221;1&#8243; column_shadow=&#8221;none&#8221; column_border_radius=&#8221;none&#8221; column_link_target=&#8221;_self&#8221; column_position=&#8221;default&#8221; advanced_gradient_angle=&#8221;0&#8243; gradient_direction=&#8221;left_to_right&#8221; overlay_strength=&#8221;0.3&#8243; width=&#8221;1\/2&#8243; tablet_width_inherit=&#8221;default&#8221; tablet_text_alignment=&#8221;default&#8221; phone_text_alignment=&#8221;default&#8221; animation_type=&#8221;default&#8221; bg_image_animation=&#8221;none&#8221; border_type=&#8221;simple&#8221; column_border_width=&#8221;none&#8221; column_border_style=&#8221;solid&#8221; gradient_type=&#8221;default&#8221;][image_with_animation image_url=&#8221;11070&#8243; image_size=&#8221;medium&#8221; animation_type=&#8221;entrance&#8221; animation=&#8221;Fade In&#8221; hover_animation=&#8221;none&#8221; alignment=&#8221;center&#8221; border_radius=&#8221;none&#8221; box_shadow=&#8221;none&#8221; image_loading=&#8221;default&#8221; max_width=&#8221;100%&#8221; max_width_mobile=&#8221;default&#8221;][\/vc_column][vc_column column_padding=&#8221;no-extra-padding&#8221; column_padding_tablet=&#8221;inherit&#8221; column_padding_phone=&#8221;inherit&#8221; column_padding_position=&#8221;all&#8221; top_margin=&#8221;60&#8243; column_element_spacing=&#8221;default&#8221; background_color_opacity=&#8221;1&#8243; background_hover_color_opacity=&#8221;1&#8243; column_shadow=&#8221;none&#8221; column_border_radius=&#8221;none&#8221; column_link_target=&#8221;_self&#8221; column_position=&#8221;default&#8221; advanced_gradient_angle=&#8221;0&#8243; gradient_direction=&#8221;left_to_right&#8221; overlay_strength=&#8221;0.3&#8243; width=&#8221;1\/1&#8243; tablet_width_inherit=&#8221;default&#8221; tablet_text_alignment=&#8221;default&#8221; phone_text_alignment=&#8221;default&#8221; animation_type=&#8221;default&#8221; bg_image_animation=&#8221;none&#8221; border_type=&#8221;simple&#8221; column_border_width=&#8221;none&#8221; column_border_style=&#8221;solid&#8221; gradient_type=&#8221;default&#8221;][nectar_highlighted_text color_type=&#8221;regular&#8221; text_color=&#8221;#ffffff&#8221; style=&#8221;full_text&#8221; highlight_expansion=&#8221;default&#8221;]\n<h2 style=\"text-align: center; color: #f0286e;\">&#8211; geannuleerd &#8211;<\/h2>\n<h2 style=\"text-align: center;\"><s>Tour details<\/s><\/h2>\n<p style=\"text-align: center;\"><s style=\"text-align: center;\"><strong><a style=\"color: #fff;\" href=\"#june\">Juni<\/a> | <a style=\"color: #fff;\" href=\"#july\">Juli<\/a> | <a style=\"color: #fff;\" href=\"#august\">Augustus<\/a><\/strong><\/s><\/p>\n<h3 id=\"june\" style=\"text-align: center;\"><s>Juni<\/s><\/h3>\n<p style=\"text-align: center;\"><s style=\"text-align: center;\">\ud83d\udccd<strong> donderdag 6 juni <a href=\"https:\/\/maps.app.goo.gl\/hHxNm8DYDyq32zQ78\" target=\"_blank\" rel=\"noopener\">@ Winkelcentrum Goes<\/a><\/strong><\/s><br \/>\n<s style=\"text-align: center;\"><strong>\ud83d\udccdzaterdag 15 juni <a href=\"https:\/\/maps.app.goo.gl\/7FKufGRekgUMBJ3H9\" target=\"_blank\" rel=\"noopener\">@ Boothstock Rotterdam<\/a><\/strong><\/s><br \/>\n<s style=\"text-align: center;\"><strong>\ud83d\udccdzondag 16 juni <a href=\"https:\/\/maps.app.goo.gl\/BNiA68fviV3Y5pvU9\" target=\"_blank\" rel=\"noopener\">@ Lepeltje Lepeltje Zwolle<\/a><\/strong><\/s><\/p>\n<h3 id=\"july\" style=\"text-align: center;\"><strong><s>Juli<\/s><\/strong><\/h3>\n<p style=\"text-align: center;\"><s style=\"text-align: center;\"><strong>\ud83d\udccdzondag 28 juli <a href=\"https:\/\/maps.app.goo.gl\/AWBca8oNBPieUvsA6\" target=\"_blank\" rel=\"noopener\">@ Zandvoort Boulevard<\/a><\/strong><\/s><\/p>\n<h3 id=\"august\" style=\"text-align: center;\"><strong><s>Augustus<\/s><\/strong><\/h3>\n<p style=\"text-align: center;\"><s style=\"text-align: center;\"><strong>\ud83d\udccdzondag 18 augustus <a href=\"https:\/\/maps.app.goo.gl\/8oTHH5Wejur2vv8S8\" target=\"_blank\" rel=\"noopener\">@ W Festival &#8211; Belgie<\/a><\/strong><\/s><br \/>\n<s style=\"text-align: center;\"><strong>\ud83d\udccdzaterdag 24 augustus <a href=\"https:\/\/maps.app.goo.gl\/vtGfpdnbX9EW6ZUV8\" target=\"_blank\" rel=\"noopener\">@ Lepeltje Lepeltje Amersfoort<\/a><\/strong><\/s><\/p>\n[\/nectar_highlighted_text][\/vc_column][vc_column column_padding=&#8221;no-extra-padding&#8221; column_padding_tablet=&#8221;inherit&#8221; column_padding_phone=&#8221;inherit&#8221; column_padding_position=&#8221;all&#8221; top_margin=&#8221;30&#8243; column_element_spacing=&#8221;default&#8221; background_color_opacity=&#8221;1&#8243; background_hover_color_opacity=&#8221;1&#8243; column_shadow=&#8221;none&#8221; column_border_radius=&#8221;none&#8221; column_link_target=&#8221;_self&#8221; column_position=&#8221;default&#8221; advanced_gradient_angle=&#8221;0&#8243; gradient_direction=&#8221;left_to_right&#8221; overlay_strength=&#8221;0.3&#8243; width=&#8221;1\/1&#8243; tablet_width_inherit=&#8221;default&#8221; tablet_text_alignment=&#8221;default&#8221; phone_text_alignment=&#8221;default&#8221; animation_type=&#8221;default&#8221; bg_image_animation=&#8221;none&#8221; border_type=&#8221;simple&#8221; column_border_width=&#8221;none&#8221; column_border_style=&#8221;solid&#8221; gradient_type=&#8221;default&#8221;][vc_gallery type=&#8221;nectarslider_style&#8221; images=&#8221;12433,12461&#8243; image_loading=&#8221;default&#8221; bullet_navigation=&#8221;true&#8221; bullet_navigation_style=&#8221;see_through&#8221; onclick=&#8221;link_no&#8221; img_size=&#8221;full&#8221;][\/vc_column][\/vc_row]\n","protected":false},"excerpt":{"rendered":"<p>[vc_row type=&#8221;full_width_content&#8221; full_screen_row_position=&#8221;middle&#8221; column_margin=&#8221;default&#8221; column_direction=&#8221;default&#8221; column_direction_tablet=&#8221;default&#8221; column_direction_phone=&#8221;default&#8221; scene_position=&#8221;center&#8221; text_color=&#8221;dark&#8221; text_align=&#8221;left&#8221; row_border_radius=&#8221;none&#8221; row_border_radius_applies=&#8221;bg&#8221; overflow=&#8221;visible&#8221; advanced_gradient_angle=&#8221;0&#8243; overlay_strength=&#8221;0.3&#8243; gradient_direction=&#8221;left_to_right&#8221; shape_divider_position=&#8221;bottom&#8221; bg_image_animation=&#8221;none&#8221; gradient_type=&#8221;default&#8221; shape_type=&#8221;&#8221;][vc_column column_padding=&#8221;padding-5-percent&#8221; column_padding_tablet=&#8221;inherit&#8221; column_padding_phone=&#8221;inherit&#8221; column_padding_position=&#8221;all&#8221; column_element_spacing=&#8221;default&#8221; background_color=&#8221;#f0286e&#8221; background_color_opacity=&#8221;1&#8243; background_hover_color_opacity=&#8221;1&#8243; column_shadow=&#8221;none&#8221; column_border_radius=&#8221;none&#8221;&#8230;<\/p>\n","protected":false},"author":5,"featured_media":0,"parent":0,"menu_order":0,"comment_status":"closed","ping_status":"closed","template":"","meta":{"inline_featured_image":false,"footnotes":""},"class_list":["post-10994","page","type-page","status-publish"],"yoast_head":"<!-- This site is optimized with the Yoast SEO plugin v27.4 - https:\/\/yoast.com\/product\/yoast-seo-wordpress\/ -->\n<title>Hitster Summer Tour - Hitster<\/title>\n<meta name=\"description\" content=\"De Hitster bus is klaar voor vertrek! De komende weken rijdt onze Hitster Truck door h\u00e9\u00e9l Nederland en Belgi\u00eb. Speel mee met de XXL Hitster Summer Party en maak kans op exclusieve Hitster prijzen, Fresh N&#039;Rebel producten en leuke verrassingen.\" \/>\n<meta name=\"robots\" content=\"index, follow, max-snippet:-1, max-image-preview:large, max-video-preview:-1\" \/>\n<link rel=\"canonical\" href=\"https:\/\/hitstergame.com\/nl-nl\/hitster-summer-tour\/\" \/>\n<meta property=\"og:locale\" content=\"nl_NL\" \/>\n<meta property=\"og:type\" content=\"article\" \/>\n<meta property=\"og:title\" content=\"Hitster Summer Tour - Hitster\" \/>\n<meta property=\"og:description\" content=\"De Hitster bus is klaar voor vertrek! De komende weken rijdt onze Hitster Truck door h\u00e9\u00e9l Nederland en Belgi\u00eb. Speel mee met de XXL Hitster Summer Party en maak kans op exclusieve Hitster prijzen, Fresh N&#039;Rebel producten en leuke verrassingen.\" \/>\n<meta property=\"og:url\" content=\"https:\/\/hitstergame.com\/nl-nl\/hitster-summer-tour\/\" \/>\n<meta property=\"og:site_name\" content=\"Hitster\" \/>\n<meta property=\"article:modified_time\" content=\"2024-06-21T12:41:01+00:00\" \/>\n<meta name=\"twitter:card\" content=\"summary_large_image\" \/>\n<meta name=\"twitter:label1\" content=\"Geschatte leestijd\" \/>\n\t<meta name=\"twitter:data1\" content=\"4 minuten\" \/>\n<script type=\"application\/ld+json\" class=\"yoast-schema-graph\">{\"@context\":\"https:\\\/\\\/schema.org\",\"@graph\":[{\"@type\":\"WebPage\",\"@id\":\"https:\\\/\\\/hitstergame.com\\\/nl-nl\\\/hitster-summer-tour\\\/\",\"url\":\"https:\\\/\\\/hitstergame.com\\\/nl-nl\\\/hitster-summer-tour\\\/\",\"name\":\"Hitster Summer Tour - Hitster\",\"isPartOf\":{\"@id\":\"https:\\\/\\\/hitstergame.com\\\/nl-nl\\\/#website\"},\"datePublished\":\"2024-06-04T10:31:12+00:00\",\"dateModified\":\"2024-06-21T12:41:01+00:00\",\"description\":\"De Hitster bus is klaar voor vertrek! De komende weken rijdt onze Hitster Truck door h\u00e9\u00e9l Nederland en Belgi\u00eb. Speel mee met de XXL Hitster Summer Party en maak kans op exclusieve Hitster prijzen, Fresh N'Rebel producten en leuke verrassingen.\",\"breadcrumb\":{\"@id\":\"https:\\\/\\\/hitstergame.com\\\/nl-nl\\\/hitster-summer-tour\\\/#breadcrumb\"},\"inLanguage\":\"nl-NL\",\"potentialAction\":[{\"@type\":\"ReadAction\",\"target\":[\"https:\\\/\\\/hitstergame.com\\\/nl-nl\\\/hitster-summer-tour\\\/\"]}]},{\"@type\":\"BreadcrumbList\",\"@id\":\"https:\\\/\\\/hitstergame.com\\\/nl-nl\\\/hitster-summer-tour\\\/#breadcrumb\",\"itemListElement\":[{\"@type\":\"ListItem\",\"position\":1,\"name\":\"Home\",\"item\":\"https:\\\/\\\/hitstergame.com\\\/nl-nl\\\/\"},{\"@type\":\"ListItem\",\"position\":2,\"name\":\"Hitster Summer Tour\"}]},{\"@type\":\"WebSite\",\"@id\":\"https:\\\/\\\/hitstergame.com\\\/nl-nl\\\/#website\",\"url\":\"https:\\\/\\\/hitstergame.com\\\/nl-nl\\\/\",\"name\":\"Hitster\",\"description\":\"\",\"publisher\":{\"@id\":\"https:\\\/\\\/hitstergame.com\\\/nl-nl\\\/#organization\"},\"potentialAction\":[{\"@type\":\"SearchAction\",\"target\":{\"@type\":\"EntryPoint\",\"urlTemplate\":\"https:\\\/\\\/hitstergame.com\\\/nl-nl\\\/?s={search_term_string}\"},\"query-input\":{\"@type\":\"PropertyValueSpecification\",\"valueRequired\":true,\"valueName\":\"search_term_string\"}}],\"inLanguage\":\"nl-NL\"},{\"@type\":\"Organization\",\"@id\":\"https:\\\/\\\/hitstergame.com\\\/nl-nl\\\/#organization\",\"name\":\"Hitstergame.com\",\"url\":\"https:\\\/\\\/hitstergame.com\\\/nl-nl\\\/\",\"logo\":{\"@type\":\"ImageObject\",\"inLanguage\":\"nl-NL\",\"@id\":\"https:\\\/\\\/hitstergame.com\\\/nl-nl\\\/#\\\/schema\\\/logo\\\/image\\\/\",\"url\":\"https:\\\/\\\/hitstergame.com\\\/wp-content\\\/uploads\\\/2022\\\/06\\\/hitster-logo-small.png\",\"contentUrl\":\"https:\\\/\\\/hitstergame.com\\\/wp-content\\\/uploads\\\/2022\\\/06\\\/hitster-logo-small.png\",\"width\":250,\"height\":71,\"caption\":\"Hitstergame.com\"},\"image\":{\"@id\":\"https:\\\/\\\/hitstergame.com\\\/nl-nl\\\/#\\\/schema\\\/logo\\\/image\\\/\"}}]}<\/script>\n<!-- \/ Yoast SEO plugin. -->","yoast_head_json":{"title":"Hitster Summer Tour - Hitster","description":"De Hitster bus is klaar voor vertrek! De komende weken rijdt onze Hitster Truck door h\u00e9\u00e9l Nederland en Belgi\u00eb. Speel mee met de XXL Hitster Summer Party en maak kans op exclusieve Hitster prijzen, Fresh N'Rebel producten en leuke verrassingen.","robots":{"index":"index","follow":"follow","max-snippet":"max-snippet:-1","max-image-preview":"max-image-preview:large","max-video-preview":"max-video-preview:-1"},"canonical":"https:\/\/hitstergame.com\/nl-nl\/hitster-summer-tour\/","og_locale":"nl_NL","og_type":"article","og_title":"Hitster Summer Tour - Hitster","og_description":"De Hitster bus is klaar voor vertrek! De komende weken rijdt onze Hitster Truck door h\u00e9\u00e9l Nederland en Belgi\u00eb. Speel mee met de XXL Hitster Summer Party en maak kans op exclusieve Hitster prijzen, Fresh N'Rebel producten en leuke verrassingen.","og_url":"https:\/\/hitstergame.com\/nl-nl\/hitster-summer-tour\/","og_site_name":"Hitster","article_modified_time":"2024-06-21T12:41:01+00:00","twitter_card":"summary_large_image","twitter_misc":{"Geschatte leestijd":"4 minuten"},"schema":{"@context":"https:\/\/schema.org","@graph":[{"@type":"WebPage","@id":"https:\/\/hitstergame.com\/nl-nl\/hitster-summer-tour\/","url":"https:\/\/hitstergame.com\/nl-nl\/hitster-summer-tour\/","name":"Hitster Summer Tour - Hitster","isPartOf":{"@id":"https:\/\/hitstergame.com\/nl-nl\/#website"},"datePublished":"2024-06-04T10:31:12+00:00","dateModified":"2024-06-21T12:41:01+00:00","description":"De Hitster bus is klaar voor vertrek! De komende weken rijdt onze Hitster Truck door h\u00e9\u00e9l Nederland en Belgi\u00eb. Speel mee met de XXL Hitster Summer Party en maak kans op exclusieve Hitster prijzen, Fresh N'Rebel producten en leuke verrassingen.","breadcrumb":{"@id":"https:\/\/hitstergame.com\/nl-nl\/hitster-summer-tour\/#breadcrumb"},"inLanguage":"nl-NL","potentialAction":[{"@type":"ReadAction","target":["https:\/\/hitstergame.com\/nl-nl\/hitster-summer-tour\/"]}]},{"@type":"BreadcrumbList","@id":"https:\/\/hitstergame.com\/nl-nl\/hitster-summer-tour\/#breadcrumb","itemListElement":[{"@type":"ListItem","position":1,"name":"Home","item":"https:\/\/hitstergame.com\/nl-nl\/"},{"@type":"ListItem","position":2,"name":"Hitster Summer Tour"}]},{"@type":"WebSite","@id":"https:\/\/hitstergame.com\/nl-nl\/#website","url":"https:\/\/hitstergame.com\/nl-nl\/","name":"Hitster","description":"","publisher":{"@id":"https:\/\/hitstergame.com\/nl-nl\/#organization"},"potentialAction":[{"@type":"SearchAction","target":{"@type":"EntryPoint","urlTemplate":"https:\/\/hitstergame.com\/nl-nl\/?s={search_term_string}"},"query-input":{"@type":"PropertyValueSpecification","valueRequired":true,"valueName":"search_term_string"}}],"inLanguage":"nl-NL"},{"@type":"Organization","@id":"https:\/\/hitstergame.com\/nl-nl\/#organization","name":"Hitstergame.com","url":"https:\/\/hitstergame.com\/nl-nl\/","logo":{"@type":"ImageObject","inLanguage":"nl-NL","@id":"https:\/\/hitstergame.com\/nl-nl\/#\/schema\/logo\/image\/","url":"https:\/\/hitstergame.com\/wp-content\/uploads\/2022\/06\/hitster-logo-small.png","contentUrl":"https:\/\/hitstergame.com\/wp-content\/uploads\/2022\/06\/hitster-logo-small.png","width":250,"height":71,"caption":"Hitstergame.com"},"image":{"@id":"https:\/\/hitstergame.com\/nl-nl\/#\/schema\/logo\/image\/"}}]}},"featured_image_src":null,"featured_image_src_square":null,"_links":{"self":[{"href":"https:\/\/hitstergame.com\/nl-nl\/wp-json\/wp\/v2\/pages\/10994","targetHints":{"allow":["GET"]}}],"collection":[{"href":"https:\/\/hitstergame.com\/nl-nl\/wp-json\/wp\/v2\/pages"}],"about":[{"href":"https:\/\/hitstergame.com\/nl-nl\/wp-json\/wp\/v2\/types\/page"}],"author":[{"embeddable":true,"href":"https:\/\/hitstergame.com\/nl-nl\/wp-json\/wp\/v2\/users\/5"}],"replies":[{"embeddable":true,"href":"https:\/\/hitstergame.com\/nl-nl\/wp-json\/wp\/v2\/comments?post=10994"}],"version-history":[{"count":0,"href":"https:\/\/hitstergame.com\/nl-nl\/wp-json\/wp\/v2\/pages\/10994\/revisions"}],"wp:attachment":[{"href":"https:\/\/hitstergame.com\/nl-nl\/wp-json\/wp\/v2\/media?parent=10994"}],"curies":[{"name":"wp","href":"https:\/\/api.w.org\/{rel}","templated":true}]}}