{"id":187235,"date":"2025-11-11T10:56:00","date_gmt":"2025-11-11T08:56:00","guid":{"rendered":"https:\/\/hitstergame.com\/?page_id=187235"},"modified":"2025-11-19T12:40:41","modified_gmt":"2025-11-19T10:40:41","slug":"personuvernd-smaforrits","status":"publish","type":"page","link":"https:\/\/hitstergame.com\/is-is\/personuvernd-smaforrits\/","title":{"rendered":"Pers\u00f3nuverndarstefna \u2013 Hitster-appi\u00f0"},"content":{"rendered":"[vc_row type=&#8220;in_container&#8220; full_screen_row_position=&#8220;middle&#8220; column_margin=&#8220;default&#8220; column_direction=&#8220;default&#8220; column_direction_tablet=&#8220;default&#8220; column_direction_phone=&#8220;default&#8220; scene_position=&#8220;center&#8220; text_color=&#8220;dark&#8220; text_align=&#8220;left&#8220; row_border_radius=&#8220;none&#8220; row_border_radius_applies=&#8220;bg&#8220; overflow=&#8220;visible&#8220; overlay_strength=&#8220;0.3&#8243; gradient_direction=&#8220;left_to_right&#8220; shape_divider_position=&#8220;bottom&#8220; bg_image_animation=&#8220;none&#8220;][vc_column column_padding=&#8220;no-extra-padding&#8220; column_padding_tablet=&#8220;inherit&#8220; column_padding_phone=&#8220;inherit&#8220; column_padding_position=&#8220;all&#8220; column_element_spacing=&#8220;default&#8220; background_color_opacity=&#8220;1&#8243; background_hover_color_opacity=&#8220;1&#8243; column_shadow=&#8220;none&#8220; column_border_radius=&#8220;none&#8220; column_link_target=&#8220;_self&#8220; column_position=&#8220;default&#8220; gradient_direction=&#8220;left_to_right&#8220; overlay_strength=&#8220;0.3&#8243; width=&#8220;1\/1&#8243; tablet_width_inherit=&#8220;default&#8220; tablet_text_alignment=&#8220;default&#8220; phone_text_alignment=&#8220;default&#8220; animation_type=&#8220;default&#8220; bg_image_animation=&#8220;none&#8220; border_type=&#8220;simple&#8220; column_border_width=&#8220;none&#8220; column_border_style=&#8220;solid&#8220;][nectar_highlighted_text color_type=&#8220;regular&#8220; style=&#8220;full_text&#8220; highlight_expansion=&#8220;default&#8220;]\n<h1>Pers\u00f3nuverndarstefna \u2013 Hitster-appi\u00f0<\/h1>\n<h2>1. Inngangur<\/h2>\n<p>Vi\u00f0 vir\u00f0um fri\u00f0helgi \u00fe\u00edna og skuldbindum okkur til a\u00f0 tryggja a\u00f0 pers\u00f3nuuppl\u00fdsingar \u00fe\u00ednar s\u00e9u me\u00f0h\u00f6ndla\u00f0ar \u00e1 \u00f6ruggan og \u00e1byrgan h\u00e1tt. \u00deessi pers\u00f3nuverndarstefna \u00fatsk\u00fdrir hva\u00f0a g\u00f6gn Hitster-appi\u00f0 safnar, hvernig vi\u00f0 notum \u00feau og hva\u00f0a r\u00e9ttindi \u00fe\u00fa \u00e1tt.<br \/>\nHitster-appi\u00f0 er hanna\u00f0 me\u00f0 pers\u00f3nuvernd \u00ed huga. \u00dea\u00f0 safnar ekki e\u00f0a geymir nein g\u00f6gn sem beinl\u00ednis au\u00f0kenna \u00feig. Allar greiningar eru nafnlausar og nota\u00f0ar eing\u00f6ngu til a\u00f0 b\u00e6ta virkni og frammist\u00f6\u00f0u appsins.<\/p>\n<h2>2. Hva\u00f0 appi\u00f0 gerir<\/h2>\n<p>Hitster-appi\u00f0 gerir spilurum kleift a\u00f0 skanna QR-k\u00f3\u00f0a \u00e1 spilin og nj\u00f3ta gagnvirkrar t\u00f3nlistarupplifunar.<br \/>\nTil a\u00f0 vi\u00f0halda og b\u00e6ta appi\u00f0 safnum vi\u00f0 takm\u00f6rku\u00f0um t\u00e6knilegum uppl\u00fdsingum um notkun appsins. \u00deetta felur \u00ed s\u00e9r atbur\u00f0ag\u00f6gn, svo sem:<\/p>\n<ul>\n<li>fj\u00f6lda upphafinna lota;<\/li>\n<li>almenn frammista\u00f0a apps (hr\u00f6rnun, hle\u00f0slut\u00edmar);<\/li>\n<li>grunnuppl\u00fdsingar um uppsetningu apps; og<\/li>\n<li>villugreiningarg\u00f6gn til a\u00f0 leysa t\u00e6knileg vandam\u00e1l.<\/li>\n<\/ul>\n<p>Engar pers\u00f3nulegar au\u00f0kenningar, reikningsuppl\u00fdsingar e\u00f0a tengili\u00f0auppl\u00fdsingar eru safna\u00f0ar.<\/p>\n<h2>3. G\u00f6gn sem safna\u00f0 er og tilgangur \u00feeirra<\/h2>\n<ul>\n<li><strong>Virkni- og notkunarg\u00f6gn:<\/strong> Til a\u00f0 skilja hvernig eiginleikar eru nota\u00f0ir og vi\u00f0halda t\u00e6knilegri frammist\u00f6\u00f0u.\n<ul>\n<li>D\u00e6mi: Fj\u00f6ldi upphafinna lota<\/li>\n<li>Lagagrundv\u00f6llur: L\u00f6gm\u00e6t hagsmuni (Grein 6(1)(f) GDPR)<\/li>\n<\/ul>\n<\/li>\n<li><strong>G\u00f6gn um hr\u00f6rnun og villuleit:<\/strong> Til a\u00f0 uppg\u00f6tva og laga villur \u00ed appinu.\n<ul>\n<li>D\u00e6mi: Hr\u00f6rnunarsk\u00fdrslur, villuloggar o.s.frv.<\/li>\n<li>Lagagrundv\u00f6llur: L\u00f6gm\u00e6t hagsmuni (Grein 6(1)(f) GDPR)<\/li>\n<\/ul>\n<\/li>\n<li><strong>Uppsetningar- og notkunarm\u00e6lingar:<\/strong> Til a\u00f0 m\u00e6la ni\u00f0urhal og almenna st\u00f6\u00f0ugleika appsins.\n<ul>\n<li>D\u00e6mi: Uppsetningarvi\u00f0bur\u00f0ir apps<\/li>\n<li>Lagagrundv\u00f6llur: L\u00f6gm\u00e6t hagsmuni (Grein 6(1)(f) GDPR)<\/li>\n<\/ul>\n<\/li>\n<\/ul>\n<p>Vi\u00f0 safnum ekki n\u00f6fnum, tengili\u00f0auppl\u00fdsingum, augl\u00fdsingaa\u00f0ger\u00f0um e\u00f0a n\u00e1kv\u00e6mri sta\u00f0setningu.<br \/>\nVi\u00f0 notum heldur ekki vefk\u00f6kur, marka\u00f0spixla e\u00f0a a\u00f0ra t\u00e6kni sem fylgist me\u00f0 \u00fe\u00e9r \u00e1 milli apps e\u00f0a vefs\u00ed\u00f0na.<\/p>\n<h2>4. Hvernig greiningar (Analytics) virka<\/h2>\n<p>Vi\u00f0 notum Google Firebase Analytics til a\u00f0 safna samanteknum, nafnlausum uppl\u00fdsingum um notkun appsins.<br \/>\nFirebase b\u00fdr til handah\u00f3fskennt \u201eApp Instance ID\u201c \u00feegar \u00fe\u00fa opnar appi\u00f0 \u00ed fyrsta sinn.<br \/>\n\u00deetta au\u00f0kenni gerir okkur kleift a\u00f0 m\u00e6la hversu oft appi\u00f0 er nota\u00f0 en au\u00f0kennir \u00feig ekki pers\u00f3nulega.<br \/>\nAu\u00f0kenni\u00f0 endurstillist sj\u00e1lfkrafa \u00feegar appi\u00f0 er afinstalla\u00f0 og IP-t\u00f6lur eru ekki skr\u00e1\u00f0ar n\u00e9 geymdar.<br \/>\nAllar augl\u00fdsingaa\u00f0ger\u00f0ir (\u00fear me\u00f0 tali\u00f0 Google Signals og Advertising IDs) eru \u00f3virkar.<br \/>\nVinnsla gagna fer fram \u00e1 evr\u00f3pskum net\u00fej\u00f3num Google undir eftirliti Jumbo Group og \u00ed samr\u00e6mi vi\u00f0 skilm\u00e1la Google um <a href=\"https:\/\/firebase.google.com\/terms\/data-processing-terms\" target=\"_blank\" rel=\"noopener\">gagnavinnslu<\/a> (Data Processing Terms).<\/p>\n<h2>5. Lagagrundv\u00f6llur vinnslu<\/h2>\n<p>\u00dear sem vi\u00f0 s\u00f6fnum a\u00f0eins t\u00e6knilegum notkunarg\u00f6gnum byggjum vi\u00f0 vinnsluna \u00e1 l\u00f6gm\u00e6tum hagsmunum samkv\u00e6mt grein 6(1)(f) GDPR, me\u00f0 \u00feeim tilgangi a\u00f0:<\/p>\n<ul>\n<li>vi\u00f0halda virkni appsins;<\/li>\n<li>tryggja \u00f6ryggi og villuleit; og<\/li>\n<li>skilja hvernig eiginleikar eru nota\u00f0ir til a\u00f0 b\u00e6ta notendaupplifun.<\/li>\n<\/ul>\n<p>Enginn sam\u00feykkishnappur (consent banner) er nau\u00f0synlegur samkv\u00e6mt ePrivacy tilskipun, \u00fear sem engar vefk\u00f6kur e\u00f0a \u00f3\u00fearfaleg au\u00f0kenni til rekja notendur eru notu\u00f0.<\/p>\n<h2>6. Geymsla gagna<\/h2>\n<p>Vi\u00f0 geymum a\u00f0eins samantekin og nafnlaus g\u00f6gn um atbur\u00f0i svo lengi sem nau\u00f0synlegt er til a\u00f0 greina frammist\u00f6\u00f0u appsins og vi\u00f0halda virkni.<br \/>\nG\u00f6gn tengd App Instance ID renna sj\u00e1lfkrafa \u00fat e\u00f0a ver\u00f0a \u00f3a\u00f0gengileg \u00feegar appi\u00f0 er afinstalla\u00f0.<\/p>\n<h2>7. Vi\u00f0takendur gagna<\/h2>\n<p>A\u00f0gangur a\u00f0 greiningarg\u00f6gnum er takmarka\u00f0ur vi\u00f0:<\/p>\n<ul>\n<li>Hitster \u00fer\u00f3unarteymi\u00f0;<\/li>\n<li>Jumbo Group appateymi (til eftirlits og samr\u00e6mis); og<\/li>\n<li>The Data Story (fyrirt\u00e6ki sem veitir t\u00e6knilega greiningara\u00f0sto\u00f0).<\/li>\n<\/ul>\n<p>Allir a\u00f0ilar starfa samkv\u00e6mt tr\u00fana\u00f0ar- og vinnslusamningum \u00ed samr\u00e6mi vi\u00f0 GDPR.<\/p>\n<h2>8. Al\u00fej\u00f3\u00f0legir gagnaflutningar<\/h2>\n<p>Greiningarg\u00f6gn eru geymd innan Evr\u00f3pusambandsins \u00ed gagnageymslusv\u00e6\u00f0i Google Cloud \u00ed ESB.<br \/>\nEf g\u00f6gn kunna a\u00f0 vera flutt \u00fat fyrir EES (t.d. vegna t\u00e6knilegs stu\u00f0nings Google), er \u00fea\u00f0 stj\u00f3rna\u00f0 me\u00f0 sta\u00f0la\u00f0ri samningsreglu (SCC) sem sam\u00feykkt er af Evr\u00f3pusambandinu.<\/p>\n<h2>9. R\u00e9ttindi \u00fe\u00edn<\/h2>\n<p>\u00dear sem g\u00f6gn sem unnin eru \u00ed gegnum Hitster-appi\u00f0 au\u00f0kenna \u00feig ekki, eiga r\u00e9ttindi samkv\u00e6mt GDPR (eins og a\u00f0gangur, lei\u00f0r\u00e9tting e\u00f0a ey\u00f0ing) almennt ekki vi\u00f0.<br \/>\nEf \u00fe\u00fa hefur samband vi\u00f0 okkur var\u00f0andi pers\u00f3nuverndarm\u00e1l, munum vi\u00f0 svara fyrirspurn \u00feinni me\u00f0 gegns\u00e6i og a\u00f0sto\u00f0a eftir bestu getu.<br \/>\n\u00de\u00fa getur haft samband vi\u00f0 okkur \u00e1 netfanginu: <a href=\"mailto:gdpr@jumboplay.com\">gdpr@jumboplay.com<\/a>.<br \/>\nEf \u00fe\u00fa telur a\u00f0 vi\u00f0 h\u00f6fum ekki me\u00f0h\u00f6ndla\u00f0 g\u00f6gn \u00fe\u00edn \u00e1 vi\u00f0eigandi h\u00e1tt, getur \u00fe\u00fa haft samband vi\u00f0 \u00feitt sta\u00f0bundna pers\u00f3nuverndarstofnun (Data Protection Authority).<\/p>\n<h2>10. \u00d6ryggi og nafnleynd<\/h2>\n<p>Vi\u00f0 beitum vi\u00f0eigandi t\u00e6knilegum og skipulagslegum r\u00e1\u00f0st\u00f6funum til a\u00f0 tryggja a\u00f0 \u00f6ll atbur\u00f0ag\u00f6gn s\u00e9u nafnlaus, samantekin og me\u00f0h\u00f6ndlu\u00f0 \u00e1 \u00f6ruggan h\u00e1tt.<\/p>\n<h2>11. Breytingar \u00e1 \u00feessari pers\u00f3nuverndarstefnu<\/h2>\n<p>Vi\u00f0 getum uppf\u00e6rt \u00feessa pers\u00f3nuverndarstefnu t\u00edmabundi\u00f0 til a\u00f0 endurspegla breytingar \u00e1 t\u00e6kni e\u00f0a regluger\u00f0um.<br \/>\nN\u00fdjasta \u00fatg\u00e1fan ver\u00f0ur alltaf a\u00f0gengileg \u00ed appinu og \u00e1 vefs\u00ed\u00f0u okkar.<\/p>\n<h2>12. Haf\u00f0u samband<\/h2>\n<p>Fyrir spurningar um \u00feessa pers\u00f3nuverndarstefnu e\u00f0a vinnslu gagna, vinsamlegast haf\u00f0u samband vi\u00f0: <a href=\"mailto:gdpr@jumboplay.com\">gdpr@jumboplay.com<\/a>.<br \/>\nJumbo Group B.V., Westzijde 184, 1506 EK Zaandam, Holland[\/nectar_highlighted_text][\/vc_column][\/vc_row]\n","protected":false},"excerpt":{"rendered":"<p>[vc_row type=&#8220;in_container&#8220; full_screen_row_position=&#8220;middle&#8220; column_margin=&#8220;default&#8220; column_direction=&#8220;default&#8220; column_direction_tablet=&#8220;default&#8220; column_direction_phone=&#8220;default&#8220; scene_position=&#8220;center&#8220; text_color=&#8220;dark&#8220; text_align=&#8220;left&#8220; row_border_radius=&#8220;none&#8220; row_border_radius_applies=&#8220;bg&#8220; overflow=&#8220;visible&#8220; overlay_strength=&#8220;0.3&#8243; gradient_direction=&#8220;left_to_right&#8220; shape_divider_position=&#8220;bottom&#8220; bg_image_animation=&#8220;none&#8220;][vc_column column_padding=&#8220;no-extra-padding&#8220; column_padding_tablet=&#8220;inherit&#8220; column_padding_phone=&#8220;inherit&#8220; column_padding_position=&#8220;all&#8220; column_element_spacing=&#8220;default&#8220; background_color_opacity=&#8220;1&#8243; background_hover_color_opacity=&#8220;1&#8243; column_shadow=&#8220;none&#8220; column_border_radius=&#8220;none&#8220; column_link_target=&#8220;_self&#8220; column_position=&#8220;default&#8220; gradient_direction=&#8220;left_to_right&#8220; overlay_strength=&#8220;0.3&#8243;&#8230;<\/p>\n","protected":false},"author":5,"featured_media":0,"parent":0,"menu_order":0,"comment_status":"closed","ping_status":"closed","template":"","meta":{"inline_featured_image":false,"footnotes":""},"class_list":["post-187235","page","type-page","status-publish"],"yoast_head":"<!-- This site is optimized with the Yoast SEO plugin v27.3 - https:\/\/yoast.com\/product\/yoast-seo-wordpress\/ -->\n<title>Pers\u00f3nuverndarstefna \u2013 Hitster-appi\u00f0 - Hitster<\/title>\n<meta name=\"robots\" content=\"index, follow, max-snippet:-1, max-image-preview:large, max-video-preview:-1\" \/>\n<link rel=\"canonical\" href=\"https:\/\/hitstergame.com\/is-is\/personuvernd-smaforrits\/\" \/>\n<meta property=\"og:locale\" content=\"is_IS\" \/>\n<meta property=\"og:type\" content=\"article\" \/>\n<meta property=\"og:title\" content=\"Pers\u00f3nuverndarstefna \u2013 Hitster-appi\u00f0 - Hitster\" \/>\n<meta property=\"og:description\" content=\"[vc_row type=&#8220;in_container&#8220; full_screen_row_position=&#8220;middle&#8220; column_margin=&#8220;default&#8220; column_direction=&#8220;default&#8220; column_direction_tablet=&#8220;default&#8220; column_direction_phone=&#8220;default&#8220; scene_position=&#8220;center&#8220; text_color=&#8220;dark&#8220; text_align=&#8220;left&#8220; row_border_radius=&#8220;none&#8220; row_border_radius_applies=&#8220;bg&#8220; overflow=&#8220;visible&#8220; overlay_strength=&#8220;0.3&#8243; gradient_direction=&#8220;left_to_right&#8220; shape_divider_position=&#8220;bottom&#8220; bg_image_animation=&#8220;none&#8220;][vc_column column_padding=&#8220;no-extra-padding&#8220; column_padding_tablet=&#8220;inherit&#8220; column_padding_phone=&#8220;inherit&#8220; column_padding_position=&#8220;all&#8220; column_element_spacing=&#8220;default&#8220; background_color_opacity=&#8220;1&#8243; background_hover_color_opacity=&#8220;1&#8243; column_shadow=&#8220;none&#8220; column_border_radius=&#8220;none&#8220; column_link_target=&#8220;_self&#8220; column_position=&#8220;default&#8220; gradient_direction=&#8220;left_to_right&#8220; overlay_strength=&#8220;0.3&#8243;...\" \/>\n<meta property=\"og:url\" content=\"https:\/\/hitstergame.com\/is-is\/personuvernd-smaforrits\/\" \/>\n<meta property=\"og:site_name\" content=\"Hitster\" \/>\n<meta property=\"article:modified_time\" content=\"2025-11-19T10:40:41+00:00\" \/>\n<meta name=\"twitter:card\" content=\"summary_large_image\" \/>\n<meta name=\"twitter:label1\" content=\"Est. reading time\" \/>\n\t<meta name=\"twitter:data1\" content=\"4 minutes\" \/>\n<script type=\"application\/ld+json\" class=\"yoast-schema-graph\">{\"@context\":\"https:\\\/\\\/schema.org\",\"@graph\":[{\"@type\":\"WebPage\",\"@id\":\"https:\\\/\\\/hitstergame.com\\\/is-is\\\/personuvernd-smaforrits\\\/\",\"url\":\"https:\\\/\\\/hitstergame.com\\\/is-is\\\/personuvernd-smaforrits\\\/\",\"name\":\"Pers\u00f3nuverndarstefna \u2013 Hitster-appi\u00f0 - Hitster\",\"isPartOf\":{\"@id\":\"https:\\\/\\\/hitstergame.com\\\/is-is\\\/#website\"},\"datePublished\":\"2025-11-11T08:56:00+00:00\",\"dateModified\":\"2025-11-19T10:40:41+00:00\",\"breadcrumb\":{\"@id\":\"https:\\\/\\\/hitstergame.com\\\/is-is\\\/personuvernd-smaforrits\\\/#breadcrumb\"},\"inLanguage\":\"is\",\"potentialAction\":[{\"@type\":\"ReadAction\",\"target\":[\"https:\\\/\\\/hitstergame.com\\\/is-is\\\/personuvernd-smaforrits\\\/\"]}]},{\"@type\":\"BreadcrumbList\",\"@id\":\"https:\\\/\\\/hitstergame.com\\\/is-is\\\/personuvernd-smaforrits\\\/#breadcrumb\",\"itemListElement\":[{\"@type\":\"ListItem\",\"position\":1,\"name\":\"Home\",\"item\":\"https:\\\/\\\/hitstergame.com\\\/is-is\\\/\"},{\"@type\":\"ListItem\",\"position\":2,\"name\":\"Pers\u00f3nuverndarstefna \u2013 Hitster-appi\u00f0\"}]},{\"@type\":\"WebSite\",\"@id\":\"https:\\\/\\\/hitstergame.com\\\/is-is\\\/#website\",\"url\":\"https:\\\/\\\/hitstergame.com\\\/is-is\\\/\",\"name\":\"Hitster\",\"description\":\"\",\"publisher\":{\"@id\":\"https:\\\/\\\/hitstergame.com\\\/is-is\\\/#organization\"},\"potentialAction\":[{\"@type\":\"SearchAction\",\"target\":{\"@type\":\"EntryPoint\",\"urlTemplate\":\"https:\\\/\\\/hitstergame.com\\\/is-is\\\/?s={search_term_string}\"},\"query-input\":{\"@type\":\"PropertyValueSpecification\",\"valueRequired\":true,\"valueName\":\"search_term_string\"}}],\"inLanguage\":\"is\"},{\"@type\":\"Organization\",\"@id\":\"https:\\\/\\\/hitstergame.com\\\/is-is\\\/#organization\",\"name\":\"Hitstergame.com\",\"url\":\"https:\\\/\\\/hitstergame.com\\\/is-is\\\/\",\"logo\":{\"@type\":\"ImageObject\",\"inLanguage\":\"is\",\"@id\":\"https:\\\/\\\/hitstergame.com\\\/is-is\\\/#\\\/schema\\\/logo\\\/image\\\/\",\"url\":\"https:\\\/\\\/hitstergame.com\\\/wp-content\\\/uploads\\\/2022\\\/06\\\/hitster-logo-small.png\",\"contentUrl\":\"https:\\\/\\\/hitstergame.com\\\/wp-content\\\/uploads\\\/2022\\\/06\\\/hitster-logo-small.png\",\"width\":250,\"height\":71,\"caption\":\"Hitstergame.com\"},\"image\":{\"@id\":\"https:\\\/\\\/hitstergame.com\\\/is-is\\\/#\\\/schema\\\/logo\\\/image\\\/\"}}]}<\/script>\n<!-- \/ Yoast SEO plugin. -->","yoast_head_json":{"title":"Pers\u00f3nuverndarstefna \u2013 Hitster-appi\u00f0 - Hitster","robots":{"index":"index","follow":"follow","max-snippet":"max-snippet:-1","max-image-preview":"max-image-preview:large","max-video-preview":"max-video-preview:-1"},"canonical":"https:\/\/hitstergame.com\/is-is\/personuvernd-smaforrits\/","og_locale":"is_IS","og_type":"article","og_title":"Pers\u00f3nuverndarstefna \u2013 Hitster-appi\u00f0 - Hitster","og_description":"[vc_row type=&#8220;in_container&#8220; full_screen_row_position=&#8220;middle&#8220; column_margin=&#8220;default&#8220; column_direction=&#8220;default&#8220; column_direction_tablet=&#8220;default&#8220; column_direction_phone=&#8220;default&#8220; scene_position=&#8220;center&#8220; text_color=&#8220;dark&#8220; text_align=&#8220;left&#8220; row_border_radius=&#8220;none&#8220; row_border_radius_applies=&#8220;bg&#8220; overflow=&#8220;visible&#8220; overlay_strength=&#8220;0.3&#8243; gradient_direction=&#8220;left_to_right&#8220; shape_divider_position=&#8220;bottom&#8220; bg_image_animation=&#8220;none&#8220;][vc_column column_padding=&#8220;no-extra-padding&#8220; column_padding_tablet=&#8220;inherit&#8220; column_padding_phone=&#8220;inherit&#8220; column_padding_position=&#8220;all&#8220; column_element_spacing=&#8220;default&#8220; background_color_opacity=&#8220;1&#8243; background_hover_color_opacity=&#8220;1&#8243; column_shadow=&#8220;none&#8220; column_border_radius=&#8220;none&#8220; column_link_target=&#8220;_self&#8220; column_position=&#8220;default&#8220; gradient_direction=&#8220;left_to_right&#8220; overlay_strength=&#8220;0.3&#8243;...","og_url":"https:\/\/hitstergame.com\/is-is\/personuvernd-smaforrits\/","og_site_name":"Hitster","article_modified_time":"2025-11-19T10:40:41+00:00","twitter_card":"summary_large_image","twitter_misc":{"Est. reading time":"4 minutes"},"schema":{"@context":"https:\/\/schema.org","@graph":[{"@type":"WebPage","@id":"https:\/\/hitstergame.com\/is-is\/personuvernd-smaforrits\/","url":"https:\/\/hitstergame.com\/is-is\/personuvernd-smaforrits\/","name":"Pers\u00f3nuverndarstefna \u2013 Hitster-appi\u00f0 - Hitster","isPartOf":{"@id":"https:\/\/hitstergame.com\/is-is\/#website"},"datePublished":"2025-11-11T08:56:00+00:00","dateModified":"2025-11-19T10:40:41+00:00","breadcrumb":{"@id":"https:\/\/hitstergame.com\/is-is\/personuvernd-smaforrits\/#breadcrumb"},"inLanguage":"is","potentialAction":[{"@type":"ReadAction","target":["https:\/\/hitstergame.com\/is-is\/personuvernd-smaforrits\/"]}]},{"@type":"BreadcrumbList","@id":"https:\/\/hitstergame.com\/is-is\/personuvernd-smaforrits\/#breadcrumb","itemListElement":[{"@type":"ListItem","position":1,"name":"Home","item":"https:\/\/hitstergame.com\/is-is\/"},{"@type":"ListItem","position":2,"name":"Pers\u00f3nuverndarstefna \u2013 Hitster-appi\u00f0"}]},{"@type":"WebSite","@id":"https:\/\/hitstergame.com\/is-is\/#website","url":"https:\/\/hitstergame.com\/is-is\/","name":"Hitster","description":"","publisher":{"@id":"https:\/\/hitstergame.com\/is-is\/#organization"},"potentialAction":[{"@type":"SearchAction","target":{"@type":"EntryPoint","urlTemplate":"https:\/\/hitstergame.com\/is-is\/?s={search_term_string}"},"query-input":{"@type":"PropertyValueSpecification","valueRequired":true,"valueName":"search_term_string"}}],"inLanguage":"is"},{"@type":"Organization","@id":"https:\/\/hitstergame.com\/is-is\/#organization","name":"Hitstergame.com","url":"https:\/\/hitstergame.com\/is-is\/","logo":{"@type":"ImageObject","inLanguage":"is","@id":"https:\/\/hitstergame.com\/is-is\/#\/schema\/logo\/image\/","url":"https:\/\/hitstergame.com\/wp-content\/uploads\/2022\/06\/hitster-logo-small.png","contentUrl":"https:\/\/hitstergame.com\/wp-content\/uploads\/2022\/06\/hitster-logo-small.png","width":250,"height":71,"caption":"Hitstergame.com"},"image":{"@id":"https:\/\/hitstergame.com\/is-is\/#\/schema\/logo\/image\/"}}]}},"featured_image_src":null,"featured_image_src_square":null,"_links":{"self":[{"href":"https:\/\/hitstergame.com\/is-is\/wp-json\/wp\/v2\/pages\/187235","targetHints":{"allow":["GET"]}}],"collection":[{"href":"https:\/\/hitstergame.com\/is-is\/wp-json\/wp\/v2\/pages"}],"about":[{"href":"https:\/\/hitstergame.com\/is-is\/wp-json\/wp\/v2\/types\/page"}],"author":[{"embeddable":true,"href":"https:\/\/hitstergame.com\/is-is\/wp-json\/wp\/v2\/users\/5"}],"replies":[{"embeddable":true,"href":"https:\/\/hitstergame.com\/is-is\/wp-json\/wp\/v2\/comments?post=187235"}],"version-history":[{"count":0,"href":"https:\/\/hitstergame.com\/is-is\/wp-json\/wp\/v2\/pages\/187235\/revisions"}],"wp:attachment":[{"href":"https:\/\/hitstergame.com\/is-is\/wp-json\/wp\/v2\/media?parent=187235"}],"curies":[{"name":"wp","href":"https:\/\/api.w.org\/{rel}","templated":true}]}}