{"id":187221,"date":"2022-07-26T13:03:42","date_gmt":"2022-07-26T11:03:42","guid":{"rendered":"https:\/\/hitstergame.com\/?page_id=187221"},"modified":"2026-02-10T10:29:31","modified_gmt":"2026-02-10T08:29:31","slug":"hafdu-samband","status":"publish","type":"page","link":"https:\/\/hitstergame.com\/is-is\/hafdu-samband\/","title":{"rendered":"Haf\u00f0u samband"},"content":{"rendered":"[vc_row type=&#8220;in_container&#8220; full_screen_row_position=&#8220;middle&#8220; column_margin=&#8220;default&#8220; column_direction=&#8220;default&#8220; column_direction_tablet=&#8220;default&#8220; column_direction_phone=&#8220;default&#8220; scene_position=&#8220;center&#8220; text_color=&#8220;dark&#8220; text_align=&#8220;left&#8220; row_border_radius=&#8220;none&#8220; row_border_radius_applies=&#8220;bg&#8220; overflow=&#8220;visible&#8220; overlay_strength=&#8220;0.3&#8243; gradient_direction=&#8220;left_to_right&#8220; shape_divider_position=&#8220;bottom&#8220; bg_image_animation=&#8220;none&#8220;][vc_column column_padding=&#8220;no-extra-padding&#8220; column_padding_tablet=&#8220;inherit&#8220; column_padding_phone=&#8220;inherit&#8220; column_padding_position=&#8220;all&#8220; bottom_margin=&#8220;25&#8243; column_element_spacing=&#8220;default&#8220; background_color_opacity=&#8220;1&#8243; background_hover_color_opacity=&#8220;1&#8243; column_shadow=&#8220;none&#8220; column_border_radius=&#8220;none&#8220; column_link_target=&#8220;_self&#8220; column_position=&#8220;default&#8220; advanced_gradient_angle=&#8220;0&#8243; gradient_direction=&#8220;left_to_right&#8220; overlay_strength=&#8220;0.3&#8243; width=&#8220;1\/1&#8243; tablet_width_inherit=&#8220;default&#8220; tablet_text_alignment=&#8220;default&#8220; phone_text_alignment=&#8220;default&#8220; animation_type=&#8220;default&#8220; bg_image_animation=&#8220;none&#8220; border_type=&#8220;simple&#8220; column_border_width=&#8220;none&#8220; column_border_style=&#8220;solid&#8220; gradient_type=&#8220;default&#8220;][nectar_highlighted_text color_type=&#8220;regular&#8220; style=&#8220;full_text&#8220; highlight_expansion=&#8220;default&#8220;]\n<h1 style=\"text-align: center;\">Haf\u00f0u samband<\/h1>\n[\/nectar_highlighted_text][\/vc_column][vc_column column_padding=&#8220;no-extra-padding&#8220; column_padding_tablet=&#8220;inherit&#8220; column_padding_phone=&#8220;inherit&#8220; column_padding_position=&#8220;all&#8220; column_element_spacing=&#8220;default&#8220; background_color_opacity=&#8220;1&#8243; background_hover_color_opacity=&#8220;1&#8243; column_shadow=&#8220;none&#8220; column_border_radius=&#8220;none&#8220; column_link_target=&#8220;_self&#8220; column_position=&#8220;default&#8220; advanced_gradient_angle=&#8220;0&#8243; gradient_direction=&#8220;left_to_right&#8220; overlay_strength=&#8220;0.3&#8243; width=&#8220;1\/4&#8243; tablet_width_inherit=&#8220;default&#8220; tablet_text_alignment=&#8220;default&#8220; phone_text_alignment=&#8220;default&#8220; animation_type=&#8220;default&#8220; bg_image_animation=&#8220;none&#8220; border_type=&#8220;simple&#8220; column_border_width=&#8220;none&#8220; column_border_style=&#8220;solid&#8220; gradient_type=&#8220;default&#8220;][\/vc_column][vc_column column_padding=&#8220;no-extra-padding&#8220; column_padding_tablet=&#8220;inherit&#8220; column_padding_phone=&#8220;inherit&#8220; column_padding_position=&#8220;all&#8220; column_element_spacing=&#8220;default&#8220; background_color_opacity=&#8220;1&#8243; background_hover_color_opacity=&#8220;1&#8243; column_shadow=&#8220;none&#8220; column_border_radius=&#8220;none&#8220; column_link_target=&#8220;_self&#8220; column_position=&#8220;default&#8220; advanced_gradient_angle=&#8220;0&#8243; gradient_direction=&#8220;left_to_right&#8220; overlay_strength=&#8220;0.3&#8243; width=&#8220;1\/2&#8243; tablet_width_inherit=&#8220;default&#8220; tablet_text_alignment=&#8220;default&#8220; phone_text_alignment=&#8220;default&#8220; animation_type=&#8220;default&#8220; bg_image_animation=&#8220;none&#8220; border_type=&#8220;simple&#8220; column_border_width=&#8220;none&#8220; column_border_style=&#8220;solid&#8220; gradient_type=&#8220;default&#8220;][vc_column_text]Ertu me\u00f0 spurningu, kv\u00f6rtun, \u00e1bendingu e\u00f0a athugasemd? Sendu okkur skilabo\u00f0 me\u00f0 \u00fev\u00ed a\u00f0 nota tengili\u00f0aformi\u00f0 h\u00e9r a\u00f0 ne\u00f0an.<\/p>\n<p>Ef \u00fe\u00fa hefur ekki sko\u00f0a\u00f0 Algengar spurningar enn, finnur \u00fe\u00fa \u00fe\u00e6r <a href=\"https:\/\/hitstergame.com\/is-is\/algengar-spurningar\/\">h\u00e9r<\/a>.[\/vc_column_text][\/vc_column][vc_column column_padding=&#8220;no-extra-padding&#8220; column_padding_tablet=&#8220;inherit&#8220; column_padding_phone=&#8220;inherit&#8220; column_padding_position=&#8220;all&#8220; column_element_spacing=&#8220;default&#8220; background_color_opacity=&#8220;1&#8243; background_hover_color_opacity=&#8220;1&#8243; column_shadow=&#8220;none&#8220; column_border_radius=&#8220;none&#8220; column_link_target=&#8220;_self&#8220; column_position=&#8220;default&#8220; advanced_gradient_angle=&#8220;0&#8243; gradient_direction=&#8220;left_to_right&#8220; overlay_strength=&#8220;0.3&#8243; width=&#8220;1\/4&#8243; tablet_width_inherit=&#8220;default&#8220; tablet_text_alignment=&#8220;default&#8220; phone_text_alignment=&#8220;default&#8220; animation_type=&#8220;default&#8220; bg_image_animation=&#8220;none&#8220; border_type=&#8220;simple&#8220; column_border_width=&#8220;none&#8220; column_border_style=&#8220;solid&#8220; gradient_type=&#8220;default&#8220;][\/vc_column][\/vc_row]\n","protected":false},"excerpt":{"rendered":"<p>[vc_row type=&#8220;in_container&#8220; full_screen_row_position=&#8220;middle&#8220; column_margin=&#8220;default&#8220; column_direction=&#8220;default&#8220; column_direction_tablet=&#8220;default&#8220; column_direction_phone=&#8220;default&#8220; scene_position=&#8220;center&#8220; text_color=&#8220;dark&#8220; text_align=&#8220;left&#8220; row_border_radius=&#8220;none&#8220; row_border_radius_applies=&#8220;bg&#8220; overflow=&#8220;visible&#8220; overlay_strength=&#8220;0.3&#8243; gradient_direction=&#8220;left_to_right&#8220; shape_divider_position=&#8220;bottom&#8220; bg_image_animation=&#8220;none&#8220;][vc_column column_padding=&#8220;no-extra-padding&#8220; column_padding_tablet=&#8220;inherit&#8220; column_padding_phone=&#8220;inherit&#8220; column_padding_position=&#8220;all&#8220; bottom_margin=&#8220;25&#8243; column_element_spacing=&#8220;default&#8220; background_color_opacity=&#8220;1&#8243; background_hover_color_opacity=&#8220;1&#8243; column_shadow=&#8220;none&#8220; column_border_radius=&#8220;none&#8220; column_link_target=&#8220;_self&#8220; column_position=&#8220;default&#8220; advanced_gradient_angle=&#8220;0&#8243;&#8230;<\/p>\n","protected":false},"author":5,"featured_media":0,"parent":0,"menu_order":0,"comment_status":"closed","ping_status":"closed","template":"","meta":{"inline_featured_image":false,"footnotes":""},"class_list":["post-187221","page","type-page","status-publish"],"yoast_head":"<!-- This site is optimized with the Yoast SEO plugin v27.4 - https:\/\/yoast.com\/product\/yoast-seo-wordpress\/ -->\n<title>Haf\u00f0u samband - Hitster<\/title>\n<meta name=\"robots\" content=\"index, follow, max-snippet:-1, max-image-preview:large, max-video-preview:-1\" \/>\n<link rel=\"canonical\" href=\"https:\/\/hitstergame.com\/is-is\/hafdu-samband\/\" \/>\n<meta property=\"og:locale\" content=\"is_IS\" \/>\n<meta property=\"og:type\" content=\"article\" \/>\n<meta property=\"og:title\" content=\"Haf\u00f0u samband - Hitster\" \/>\n<meta property=\"og:description\" content=\"[vc_row type=&#8220;in_container&#8220; full_screen_row_position=&#8220;middle&#8220; column_margin=&#8220;default&#8220; column_direction=&#8220;default&#8220; column_direction_tablet=&#8220;default&#8220; column_direction_phone=&#8220;default&#8220; scene_position=&#8220;center&#8220; text_color=&#8220;dark&#8220; text_align=&#8220;left&#8220; row_border_radius=&#8220;none&#8220; row_border_radius_applies=&#8220;bg&#8220; overflow=&#8220;visible&#8220; overlay_strength=&#8220;0.3&#8243; gradient_direction=&#8220;left_to_right&#8220; shape_divider_position=&#8220;bottom&#8220; bg_image_animation=&#8220;none&#8220;][vc_column column_padding=&#8220;no-extra-padding&#8220; column_padding_tablet=&#8220;inherit&#8220; column_padding_phone=&#8220;inherit&#8220; column_padding_position=&#8220;all&#8220; bottom_margin=&#8220;25&#8243; column_element_spacing=&#8220;default&#8220; background_color_opacity=&#8220;1&#8243; background_hover_color_opacity=&#8220;1&#8243; column_shadow=&#8220;none&#8220; column_border_radius=&#8220;none&#8220; column_link_target=&#8220;_self&#8220; column_position=&#8220;default&#8220; advanced_gradient_angle=&#8220;0&#8243;...\" \/>\n<meta property=\"og:url\" content=\"https:\/\/hitstergame.com\/is-is\/hafdu-samband\/\" \/>\n<meta property=\"og:site_name\" content=\"Hitster\" \/>\n<meta property=\"article:modified_time\" content=\"2026-02-10T08:29:31+00:00\" \/>\n<meta name=\"twitter:card\" content=\"summary_large_image\" \/>\n<meta name=\"twitter:label1\" content=\"Est. reading time\" \/>\n\t<meta name=\"twitter:data1\" content=\"1 minute\" \/>\n<script type=\"application\/ld+json\" class=\"yoast-schema-graph\">{\"@context\":\"https:\\\/\\\/schema.org\",\"@graph\":[{\"@type\":\"WebPage\",\"@id\":\"https:\\\/\\\/hitstergame.com\\\/is-is\\\/hafdu-samband\\\/\",\"url\":\"https:\\\/\\\/hitstergame.com\\\/is-is\\\/hafdu-samband\\\/\",\"name\":\"Haf\u00f0u samband - Hitster\",\"isPartOf\":{\"@id\":\"https:\\\/\\\/hitstergame.com\\\/is-is\\\/#website\"},\"datePublished\":\"2022-07-26T11:03:42+00:00\",\"dateModified\":\"2026-02-10T08:29:31+00:00\",\"breadcrumb\":{\"@id\":\"https:\\\/\\\/hitstergame.com\\\/is-is\\\/hafdu-samband\\\/#breadcrumb\"},\"inLanguage\":\"is\",\"potentialAction\":[{\"@type\":\"ReadAction\",\"target\":[\"https:\\\/\\\/hitstergame.com\\\/is-is\\\/hafdu-samband\\\/\"]}]},{\"@type\":\"BreadcrumbList\",\"@id\":\"https:\\\/\\\/hitstergame.com\\\/is-is\\\/hafdu-samband\\\/#breadcrumb\",\"itemListElement\":[{\"@type\":\"ListItem\",\"position\":1,\"name\":\"Home\",\"item\":\"https:\\\/\\\/hitstergame.com\\\/is-is\\\/\"},{\"@type\":\"ListItem\",\"position\":2,\"name\":\"Haf\u00f0u samband\"}]},{\"@type\":\"WebSite\",\"@id\":\"https:\\\/\\\/hitstergame.com\\\/is-is\\\/#website\",\"url\":\"https:\\\/\\\/hitstergame.com\\\/is-is\\\/\",\"name\":\"Hitster\",\"description\":\"\",\"publisher\":{\"@id\":\"https:\\\/\\\/hitstergame.com\\\/is-is\\\/#organization\"},\"potentialAction\":[{\"@type\":\"SearchAction\",\"target\":{\"@type\":\"EntryPoint\",\"urlTemplate\":\"https:\\\/\\\/hitstergame.com\\\/is-is\\\/?s={search_term_string}\"},\"query-input\":{\"@type\":\"PropertyValueSpecification\",\"valueRequired\":true,\"valueName\":\"search_term_string\"}}],\"inLanguage\":\"is\"},{\"@type\":\"Organization\",\"@id\":\"https:\\\/\\\/hitstergame.com\\\/is-is\\\/#organization\",\"name\":\"Hitstergame.com\",\"url\":\"https:\\\/\\\/hitstergame.com\\\/is-is\\\/\",\"logo\":{\"@type\":\"ImageObject\",\"inLanguage\":\"is\",\"@id\":\"https:\\\/\\\/hitstergame.com\\\/is-is\\\/#\\\/schema\\\/logo\\\/image\\\/\",\"url\":\"https:\\\/\\\/hitstergame.com\\\/wp-content\\\/uploads\\\/2022\\\/06\\\/hitster-logo-small.png\",\"contentUrl\":\"https:\\\/\\\/hitstergame.com\\\/wp-content\\\/uploads\\\/2022\\\/06\\\/hitster-logo-small.png\",\"width\":250,\"height\":71,\"caption\":\"Hitstergame.com\"},\"image\":{\"@id\":\"https:\\\/\\\/hitstergame.com\\\/is-is\\\/#\\\/schema\\\/logo\\\/image\\\/\"}}]}<\/script>\n<!-- \/ Yoast SEO plugin. -->","yoast_head_json":{"title":"Haf\u00f0u samband - Hitster","robots":{"index":"index","follow":"follow","max-snippet":"max-snippet:-1","max-image-preview":"max-image-preview:large","max-video-preview":"max-video-preview:-1"},"canonical":"https:\/\/hitstergame.com\/is-is\/hafdu-samband\/","og_locale":"is_IS","og_type":"article","og_title":"Haf\u00f0u samband - Hitster","og_description":"[vc_row type=&#8220;in_container&#8220; full_screen_row_position=&#8220;middle&#8220; column_margin=&#8220;default&#8220; column_direction=&#8220;default&#8220; column_direction_tablet=&#8220;default&#8220; column_direction_phone=&#8220;default&#8220; scene_position=&#8220;center&#8220; text_color=&#8220;dark&#8220; text_align=&#8220;left&#8220; row_border_radius=&#8220;none&#8220; row_border_radius_applies=&#8220;bg&#8220; overflow=&#8220;visible&#8220; overlay_strength=&#8220;0.3&#8243; gradient_direction=&#8220;left_to_right&#8220; shape_divider_position=&#8220;bottom&#8220; bg_image_animation=&#8220;none&#8220;][vc_column column_padding=&#8220;no-extra-padding&#8220; column_padding_tablet=&#8220;inherit&#8220; column_padding_phone=&#8220;inherit&#8220; column_padding_position=&#8220;all&#8220; bottom_margin=&#8220;25&#8243; column_element_spacing=&#8220;default&#8220; background_color_opacity=&#8220;1&#8243; background_hover_color_opacity=&#8220;1&#8243; column_shadow=&#8220;none&#8220; column_border_radius=&#8220;none&#8220; column_link_target=&#8220;_self&#8220; column_position=&#8220;default&#8220; advanced_gradient_angle=&#8220;0&#8243;...","og_url":"https:\/\/hitstergame.com\/is-is\/hafdu-samband\/","og_site_name":"Hitster","article_modified_time":"2026-02-10T08:29:31+00:00","twitter_card":"summary_large_image","twitter_misc":{"Est. reading time":"1 minute"},"schema":{"@context":"https:\/\/schema.org","@graph":[{"@type":"WebPage","@id":"https:\/\/hitstergame.com\/is-is\/hafdu-samband\/","url":"https:\/\/hitstergame.com\/is-is\/hafdu-samband\/","name":"Haf\u00f0u samband - Hitster","isPartOf":{"@id":"https:\/\/hitstergame.com\/is-is\/#website"},"datePublished":"2022-07-26T11:03:42+00:00","dateModified":"2026-02-10T08:29:31+00:00","breadcrumb":{"@id":"https:\/\/hitstergame.com\/is-is\/hafdu-samband\/#breadcrumb"},"inLanguage":"is","potentialAction":[{"@type":"ReadAction","target":["https:\/\/hitstergame.com\/is-is\/hafdu-samband\/"]}]},{"@type":"BreadcrumbList","@id":"https:\/\/hitstergame.com\/is-is\/hafdu-samband\/#breadcrumb","itemListElement":[{"@type":"ListItem","position":1,"name":"Home","item":"https:\/\/hitstergame.com\/is-is\/"},{"@type":"ListItem","position":2,"name":"Haf\u00f0u samband"}]},{"@type":"WebSite","@id":"https:\/\/hitstergame.com\/is-is\/#website","url":"https:\/\/hitstergame.com\/is-is\/","name":"Hitster","description":"","publisher":{"@id":"https:\/\/hitstergame.com\/is-is\/#organization"},"potentialAction":[{"@type":"SearchAction","target":{"@type":"EntryPoint","urlTemplate":"https:\/\/hitstergame.com\/is-is\/?s={search_term_string}"},"query-input":{"@type":"PropertyValueSpecification","valueRequired":true,"valueName":"search_term_string"}}],"inLanguage":"is"},{"@type":"Organization","@id":"https:\/\/hitstergame.com\/is-is\/#organization","name":"Hitstergame.com","url":"https:\/\/hitstergame.com\/is-is\/","logo":{"@type":"ImageObject","inLanguage":"is","@id":"https:\/\/hitstergame.com\/is-is\/#\/schema\/logo\/image\/","url":"https:\/\/hitstergame.com\/wp-content\/uploads\/2022\/06\/hitster-logo-small.png","contentUrl":"https:\/\/hitstergame.com\/wp-content\/uploads\/2022\/06\/hitster-logo-small.png","width":250,"height":71,"caption":"Hitstergame.com"},"image":{"@id":"https:\/\/hitstergame.com\/is-is\/#\/schema\/logo\/image\/"}}]}},"featured_image_src":null,"featured_image_src_square":null,"_links":{"self":[{"href":"https:\/\/hitstergame.com\/is-is\/wp-json\/wp\/v2\/pages\/187221","targetHints":{"allow":["GET"]}}],"collection":[{"href":"https:\/\/hitstergame.com\/is-is\/wp-json\/wp\/v2\/pages"}],"about":[{"href":"https:\/\/hitstergame.com\/is-is\/wp-json\/wp\/v2\/types\/page"}],"author":[{"embeddable":true,"href":"https:\/\/hitstergame.com\/is-is\/wp-json\/wp\/v2\/users\/5"}],"replies":[{"embeddable":true,"href":"https:\/\/hitstergame.com\/is-is\/wp-json\/wp\/v2\/comments?post=187221"}],"version-history":[{"count":0,"href":"https:\/\/hitstergame.com\/is-is\/wp-json\/wp\/v2\/pages\/187221\/revisions"}],"wp:attachment":[{"href":"https:\/\/hitstergame.com\/is-is\/wp-json\/wp\/v2\/media?parent=187221"}],"curies":[{"name":"wp","href":"https:\/\/api.w.org\/{rel}","templated":true}]}}