{"id":5298,"date":"2022-04-05T13:14:34","date_gmt":"2022-04-05T11:14:34","guid":{"rendered":"https:\/\/hitstergame.wpengine.com\/?page_id=5298"},"modified":"2023-10-09T14:47:28","modified_gmt":"2023-10-09T12:47:28","slug":"home","status":"publish","type":"page","link":"https:\/\/hitstergame.com\/hu-hu\/","title":{"rendered":"Home"},"content":{"rendered":"[vc_row type=&#8221;full_width_content&#8221; full_screen_row_position=&#8221;middle&#8221; column_margin=&#8221;default&#8221; column_direction=&#8221;default&#8221; column_direction_tablet=&#8221;default&#8221; column_direction_phone=&#8221;default&#8221; scene_position=&#8221;center&#8221; text_color=&#8221;dark&#8221; text_align=&#8221;left&#8221; row_border_radius=&#8221;none&#8221; row_border_radius_applies=&#8221;bg&#8221; overflow=&#8221;visible&#8221; advanced_gradient_angle=&#8221;0&#8243; overlay_strength=&#8221;0.3&#8243; gradient_direction=&#8221;left_to_right&#8221; shape_divider_position=&#8221;bottom&#8221; bg_image_animation=&#8221;none&#8221; gradient_type=&#8221;default&#8221; shape_type=&#8221;&#8221;][vc_column column_padding=&#8221;no-extra-padding&#8221; column_padding_tablet=&#8221;inherit&#8221; column_padding_phone=&#8221;inherit&#8221; column_padding_position=&#8221;all&#8221; column_element_spacing=&#8221;default&#8221; background_color_opacity=&#8221;1&#8243; background_hover_color_opacity=&#8221;1&#8243; column_shadow=&#8221;none&#8221; column_border_radius=&#8221;none&#8221; column_link_target=&#8221;_self&#8221; column_position=&#8221;default&#8221; advanced_gradient_angle=&#8221;0&#8243; gradient_direction=&#8221;left_to_right&#8221; overlay_strength=&#8221;0.3&#8243; width=&#8221;1\/1&#8243; tablet_width_inherit=&#8221;default&#8221; tablet_text_alignment=&#8221;default&#8221; phone_text_alignment=&#8221;default&#8221; animation_type=&#8221;default&#8221; bg_image_animation=&#8221;none&#8221; border_type=&#8221;simple&#8221; column_border_width=&#8221;none&#8221; column_border_style=&#8221;solid&#8221; gradient_type=&#8221;default&#8221;][vc_video link=&#8221;https:\/\/watch.videodelivery.net\/dd47b8de8655dc1ba32617c3a55411a3?muted=true&#038;preload=true&#038;loop=true&#038;autoplay=true&#8221; align=&#8221;center&#8221;][\/vc_column][\/vc_row][vc_row type=&#8221;full_width_background&#8221; full_screen_row_position=&#8221;middle&#8221; column_margin=&#8221;default&#8221; column_direction=&#8221;default&#8221; column_direction_tablet=&#8221;default&#8221; column_direction_phone=&#8221;default&#8221; bg_color=&#8221;#000000&#8243; scene_position=&#8221;center&#8221; text_color=&#8221;dark&#8221; text_align=&#8221;center&#8221; row_border_radius=&#8221;none&#8221; row_border_radius_applies=&#8221;bg&#8221; overflow=&#8221;visible&#8221; advanced_gradient_angle=&#8221;0&#8243; overlay_strength=&#8221;0.3&#8243; gradient_direction=&#8221;left_to_right&#8221; shape_divider_position=&#8221;bottom&#8221; bg_image_animation=&#8221;none&#8221; gradient_type=&#8221;default&#8221; shape_type=&#8221;&#8221;][vc_column column_padding=&#8221;padding-10-percent&#8221; column_padding_tablet=&#8221;inherit&#8221; column_padding_phone=&#8221;inherit&#8221; column_padding_position=&#8221;bottom&#8221; top_margin=&#8221;30&#8243; column_element_spacing=&#8221;default&#8221; background_color_opacity=&#8221;1&#8243; background_hover_color_opacity=&#8221;1&#8243; column_shadow=&#8221;none&#8221; column_border_radius=&#8221;none&#8221; column_link_target=&#8221;_self&#8221; column_position=&#8221;default&#8221; advanced_gradient_angle=&#8221;0&#8243; gradient_direction=&#8221;left_to_right&#8221; overlay_strength=&#8221;0.3&#8243; width=&#8221;1\/1&#8243; tablet_width_inherit=&#8221;default&#8221; tablet_text_alignment=&#8221;default&#8221; phone_text_alignment=&#8221;default&#8221; animation_type=&#8221;default&#8221; enable_animation=&#8221;true&#8221; animation=&#8221;grow-in&#8221; bg_image_animation=&#8221;none&#8221; border_type=&#8221;simple&#8221; column_border_width=&#8221;none&#8221; column_border_style=&#8221;solid&#8221; gradient_type=&#8221;default&#8221; delay=&#8221;300&#8243;][nectar_highlighted_text color_type=&#8221;regular&#8221; text_color=&#8221;#ffc850&#8243; style=&#8221;full_text&#8221; highlight_expansion=&#8221;default&#8221;]\n<h1>IND\u00cdTSD BE A BULIT HITSTERREL!<\/h1>\n[\/nectar_highlighted_text][nectar_highlighted_text color_type=&#8221;regular&#8221; highlight_color=&#8221;#f0286e&#8221; text_color=&#8221;#ffffff&#8221; style=&#8221;full_text&#8221; highlight_expansion=&#8221;default&#8221;]\n<h3>Hallgass leny\u0171g\u00f6z\u0151 sl\u00e1gereket az elm\u00falt 100 \u00e9vb\u0151l. Felv\u00e1ltva \u00e1ll\u00edts\u00e1tok id\u0151rendi sorrendbe a sz\u00e1mokat az id\u0151vonalatokon, mik\u00f6zben eml\u00e9kt\u00far\u00e1t tesztek a m\u00faltba.<\/h3>\n[\/nectar_highlighted_text][nectar_highlighted_text color_type=&#8221;regular&#8221; text_color=&#8221;#00aad2&#8243; style=&#8221;full_text&#8221; highlight_expansion=&#8221;default&#8221;]\n<h3>Az els\u0151 j\u00e1t\u00e9kos, aki \u00f6sszegy\u0171jt 10 k\u00e1rty\u00e1t, elnyeri a HITSTER c\u00edmet.<\/h3>\n[\/nectar_highlighted_text][\/vc_column][\/vc_row][vc_row type=&#8221;full_width_background&#8221; full_screen_row_position=&#8221;middle&#8221; column_margin=&#8221;default&#8221; column_direction=&#8221;default&#8221; column_direction_tablet=&#8221;default&#8221; column_direction_phone=&#8221;default&#8221; bg_color=&#8221;#000000&#8243; scene_position=&#8221;center&#8221; text_color=&#8221;dark&#8221; text_align=&#8221;left&#8221; row_border_radius=&#8221;none&#8221; row_border_radius_applies=&#8221;bg&#8221; overflow=&#8221;visible&#8221; advanced_gradient_angle=&#8221;0&#8243; overlay_strength=&#8221;0.3&#8243; gradient_direction=&#8221;left_to_right&#8221; shape_divider_position=&#8221;bottom&#8221; bg_image_animation=&#8221;none&#8221; gradient_type=&#8221;default&#8221; shape_type=&#8221;&#8221;][vc_column column_padding=&#8221;padding-10-percent&#8221; column_padding_tablet=&#8221;inherit&#8221; column_padding_phone=&#8221;inherit&#8221; column_padding_position=&#8221;bottom&#8221; top_margin=&#8221;0&#8243; column_element_spacing=&#8221;default&#8221; background_color_opacity=&#8221;1&#8243; background_hover_color_opacity=&#8221;1&#8243; column_shadow=&#8221;none&#8221; column_border_radius=&#8221;none&#8221; column_link_target=&#8221;_self&#8221; column_position=&#8221;default&#8221; advanced_gradient_angle=&#8221;0&#8243; gradient_direction=&#8221;left_to_right&#8221; overlay_strength=&#8221;0.3&#8243; width=&#8221;1\/1&#8243; tablet_width_inherit=&#8221;default&#8221; tablet_text_alignment=&#8221;default&#8221; phone_text_alignment=&#8221;default&#8221; animation_type=&#8221;default&#8221; bg_image_animation=&#8221;none&#8221; border_type=&#8221;simple&#8221; column_border_width=&#8221;none&#8221; column_border_style=&#8221;solid&#8221; gradient_type=&#8221;default&#8221;][vc_row_inner column_margin=&#8221;default&#8221; column_direction=&#8221;default&#8221; column_direction_tablet=&#8221;default&#8221; column_direction_phone=&#8221;default&#8221; text_align=&#8221;left&#8221; row_position=&#8221;default&#8221; row_position_tablet=&#8221;inherit&#8221; row_position_phone=&#8221;inherit&#8221; overflow=&#8221;visible&#8221; pointer_events=&#8221;all&#8221;][vc_column_inner column_padding=&#8221;no-extra-padding&#8221; column_padding_tablet=&#8221;inherit&#8221; column_padding_phone=&#8221;inherit&#8221; column_padding_position=&#8221;all&#8221; column_element_spacing=&#8221;default&#8221; background_color_opacity=&#8221;1&#8243; background_hover_color_opacity=&#8221;1&#8243; column_shadow=&#8221;none&#8221; column_border_radius=&#8221;none&#8221; column_link_target=&#8221;_self&#8221; advanced_gradient_angle=&#8221;0&#8243; gradient_direction=&#8221;left_to_right&#8221; overlay_strength=&#8221;0.3&#8243; width=&#8221;1\/2&#8243; tablet_width_inherit=&#8221;default&#8221; animation_type=&#8221;default&#8221; enable_animation=&#8221;true&#8221; animation=&#8221;grow-in&#8221; bg_image_animation=&#8221;none&#8221; border_type=&#8221;simple&#8221; column_border_width=&#8221;none&#8221; column_border_style=&#8221;solid&#8221; gradient_type=&#8221;default&#8221; delay=&#8221;300&#8243;][image_with_animation image_url=&#8221;265&#8243; image_size=&#8221;full&#8221; animation_type=&#8221;entrance&#8221; animation=&#8221;Fade In&#8221; hover_animation=&#8221;none&#8221; alignment=&#8221;center&#8221; border_radius=&#8221;none&#8221; box_shadow=&#8221;none&#8221; image_loading=&#8221;default&#8221; max_width=&#8221;100%&#8221; max_width_mobile=&#8221;default&#8221;][\/vc_column_inner][vc_column_inner column_padding=&#8221;no-extra-padding&#8221; column_padding_tablet=&#8221;inherit&#8221; column_padding_phone=&#8221;inherit&#8221; column_padding_position=&#8221;all&#8221; column_element_spacing=&#8221;default&#8221; background_color_opacity=&#8221;1&#8243; background_hover_color_opacity=&#8221;1&#8243; column_shadow=&#8221;none&#8221; column_border_radius=&#8221;none&#8221; column_link_target=&#8221;_self&#8221; advanced_gradient_angle=&#8221;0&#8243; gradient_direction=&#8221;left_to_right&#8221; overlay_strength=&#8221;0.3&#8243; width=&#8221;1\/2&#8243; tablet_width_inherit=&#8221;default&#8221; animation_type=&#8221;default&#8221; enable_animation=&#8221;true&#8221; animation=&#8221;grow-in&#8221; bg_image_animation=&#8221;none&#8221; border_type=&#8221;simple&#8221; column_border_width=&#8221;none&#8221; column_border_style=&#8221;solid&#8221; gradient_type=&#8221;default&#8221; delay=&#8221;300&#8243;][image_with_animation image_url=&#8221;6339&#8243; image_size=&#8221;full&#8221; animation_type=&#8221;entrance&#8221; animation=&#8221;Fade In&#8221; hover_animation=&#8221;none&#8221; alignment=&#8221;&#8221; border_radius=&#8221;none&#8221; box_shadow=&#8221;none&#8221; image_loading=&#8221;default&#8221; max_width=&#8221;100%&#8221; max_width_mobile=&#8221;default&#8221;][vc_column_text]\n<h3 style=\"color: #00aad2;\">1. A DJ j\u00e1tszik egy sz\u00e1mot<\/h3>\n<p>H\u00fazz egy zenek\u00e1rty\u00e1t \u00e9s olvasd be a QR k\u00f3dot, hogy automatikusan megsz\u00f3laljon Spotify-r\u00f3l<\/p>\n<h3 style=\"color: #00aad2;\">2. Helyezd el a zenek\u00e1rty\u00e1t<\/h3>\n<p>Tal\u00e1ld ki, mikor jelent meg a sz\u00e1m, \u00e9s helyezd el a k\u00e1rty\u00e1t a megfelel\u0151 helyre a zenei id\u0151vonaladon<\/p>\n<h3 style=\"color: #00aad2;\">3. Ford\u00edtsd fel a zenek\u00e1rty\u00e1t<\/h3>\n<p>Ha helyes, megtarthatod a zenek\u00e1rty\u00e1t az id\u0151vonalad \u00e9p\u00edt\u00e9s\u00e9hez<\/p>\n[\/vc_column_text][image_with_animation image_url=&#8221;6339&#8243; image_size=&#8221;full&#8221; animation_type=&#8221;entrance&#8221; animation=&#8221;Fade In&#8221; hover_animation=&#8221;none&#8221; alignment=&#8221;&#8221; border_radius=&#8221;none&#8221; box_shadow=&#8221;none&#8221; image_loading=&#8221;default&#8221; max_width=&#8221;100%&#8221; max_width_mobile=&#8221;default&#8221;][\/vc_column_inner][\/vc_row_inner][\/vc_column][\/vc_row][vc_row type=&#8221;full_width_background&#8221; full_screen_row_position=&#8221;middle&#8221; column_margin=&#8221;default&#8221; column_direction=&#8221;default&#8221; column_direction_tablet=&#8221;default&#8221; column_direction_phone=&#8221;default&#8221; bg_color=&#8221;#000000&#8243; scene_position=&#8221;center&#8221; text_color=&#8221;dark&#8221; text_align=&#8221;center&#8221; row_border_radius=&#8221;none&#8221; row_border_radius_applies=&#8221;bg&#8221; overflow=&#8221;visible&#8221; advanced_gradient_angle=&#8221;0&#8243; overlay_strength=&#8221;0.3&#8243; gradient_direction=&#8221;left_to_right&#8221; shape_divider_position=&#8221;bottom&#8221; bg_image_animation=&#8221;none&#8221; gradient_type=&#8221;default&#8221; shape_type=&#8221;&#8221;][vc_column column_padding=&#8221;padding-10-percent&#8221; column_padding_tablet=&#8221;inherit&#8221; column_padding_phone=&#8221;inherit&#8221; column_padding_position=&#8221;bottom&#8221; column_element_spacing=&#8221;default&#8221; background_color_opacity=&#8221;1&#8243; background_hover_color_opacity=&#8221;1&#8243; column_shadow=&#8221;none&#8221; column_border_radius=&#8221;none&#8221; column_link_target=&#8221;_self&#8221; column_position=&#8221;default&#8221; advanced_gradient_angle=&#8221;0&#8243; gradient_direction=&#8221;left_to_right&#8221; overlay_strength=&#8221;0.3&#8243; width=&#8221;1\/1&#8243; tablet_width_inherit=&#8221;default&#8221; tablet_text_alignment=&#8221;default&#8221; phone_text_alignment=&#8221;default&#8221; animation_type=&#8221;default&#8221; enable_animation=&#8221;true&#8221; animation=&#8221;grow-in&#8221; bg_image_animation=&#8221;none&#8221; border_type=&#8221;simple&#8221; column_border_width=&#8221;none&#8221; column_border_style=&#8221;solid&#8221; gradient_type=&#8221;default&#8221; delay=&#8221;300&#8243;][nectar_highlighted_text color_type=&#8221;regular&#8221; text_color=&#8221;#ffc850&#8243; style=&#8221;full_text&#8221; highlight_expansion=&#8221;default&#8221;]\n<h1>HITSTER ZENE!<\/h1>\n[\/nectar_highlighted_text][vc_raw_html]JTNDaWZyYW1lJTIwc3R5bGUlM0QlMjJib3JkZXItcmFkaXVzJTNBMTJweCUyMiUyMHNyYyUzRCUyMmh0dHBzJTNBJTJGJTJGb3Blbi5zcG90aWZ5LmNvbSUyRmVtYmVkJTJGcGxheWxpc3QlMkYya2VOVnpjZ1FJcWU1ZWhUUTFYY1Z5JTNGdXRtX3NvdXJjZSUzRGdlbmVyYXRvciUyMiUyMHdpZHRoJTNEJTIyMTAwJTI1JTIyJTIwaGVpZ2h0JTNEJTIyMzUyJTIyJTIwZnJhbWVCb3JkZXIlM0QlMjIwJTIyJTIwYWxsb3dmdWxsc2NyZWVuJTNEJTIyJTIyJTIwYWxsb3clM0QlMjJhdXRvcGxheSUzQiUyMGNsaXBib2FyZC13cml0ZSUzQiUyMGVuY3J5cHRlZC1tZWRpYSUzQiUyMGZ1bGxzY3JlZW4lM0IlMjBwaWN0dXJlLWluLXBpY3R1cmUlMjIlMjBsb2FkaW5nJTNEJTIybGF6eSUyMiUzRSUzQyUyRmlmcmFtZSUzRQ==[\/vc_raw_html][\/vc_column][\/vc_row][vc_row type=&#8221;full_width_background&#8221; full_screen_row_position=&#8221;middle&#8221; column_margin=&#8221;default&#8221; column_direction=&#8221;default&#8221; column_direction_tablet=&#8221;default&#8221; column_direction_phone=&#8221;default&#8221; bg_color=&#8221;#000000&#8243; scene_position=&#8221;center&#8221; text_color=&#8221;dark&#8221; text_align=&#8221;center&#8221; row_border_radius=&#8221;none&#8221; row_border_radius_applies=&#8221;bg&#8221; overflow=&#8221;visible&#8221; advanced_gradient_angle=&#8221;0&#8243; overlay_strength=&#8221;0.3&#8243; gradient_direction=&#8221;left_to_right&#8221; shape_divider_position=&#8221;bottom&#8221; bg_image_animation=&#8221;none&#8221; gradient_type=&#8221;default&#8221; shape_type=&#8221;&#8221;][vc_column column_padding=&#8221;no-extra-padding&#8221; column_padding_tablet=&#8221;inherit&#8221; column_padding_phone=&#8221;inherit&#8221; column_padding_position=&#8221;all&#8221; column_element_spacing=&#8221;default&#8221; background_color_opacity=&#8221;1&#8243; background_hover_color_opacity=&#8221;1&#8243; column_shadow=&#8221;none&#8221; column_border_radius=&#8221;none&#8221; column_link_target=&#8221;_self&#8221; column_position=&#8221;default&#8221; advanced_gradient_angle=&#8221;0&#8243; gradient_direction=&#8221;left_to_right&#8221; overlay_strength=&#8221;0.3&#8243; width=&#8221;1\/1&#8243; tablet_width_inherit=&#8221;default&#8221; tablet_text_alignment=&#8221;default&#8221; phone_text_alignment=&#8221;default&#8221; animation_type=&#8221;default&#8221; enable_animation=&#8221;true&#8221; animation=&#8221;grow-in&#8221; bg_image_animation=&#8221;none&#8221; border_type=&#8221;simple&#8221; column_border_width=&#8221;none&#8221; column_border_style=&#8221;solid&#8221; gradient_type=&#8221;default&#8221; delay=&#8221;300&#8243;][nectar_highlighted_text color_type=&#8221;regular&#8221; text_color=&#8221;#ffc850&#8243; style=&#8221;full_text&#8221; highlight_expansion=&#8221;default&#8221;]\n<h1>AMIT AZ EMBEREK MONDANAK!<\/h1>\n[\/nectar_highlighted_text][testimonial_slider style=&#8221;minimal&#8221; star_rating_color=&#8221;extra-color-3&#8243;][testimonial star_rating=&#8221;100%&#8221; title=&#8221;Testimonial&#8221; id=&#8221;1696855636680-10&#8243; tab_id=&#8221;1696855636681-5&#8243; name=&#8221;Lcakuriren&#8221; quote=&#8221;Ez a t\u00f6k\u00e9letes j\u00e1t\u00e9k a buli megkezd\u00e9s\u00e9hez!&#8221;][testimonial star_rating=&#8221;100%&#8221; title=&#8221;Testimonial&#8221; id=&#8221;1696855636717-2&#8243; tab_id=&#8221;1696855636718-4&#8243; quote=&#8221;Ez a zenei j\u00e1t\u00e9k a t\u00f6k\u00e9letes bulij\u00e1t\u00e9k. Persze, el\u0151nyben vagy, ha jobban benne vagy a zenei t\u00e9m\u00e1ban, de alapvet\u0151en az okos j\u00e1t\u00e9kr\u00f3l \u00e9s egy adag szerencs\u00e9r\u0151l is sz\u00f3l. A k\u00e1rty\u00e1k egy id\u0151vonalat alkotnak, Te pedig dalokat cser\u00e9lhetsz, vagy lophatsz az ellenfeleidt\u0151l. A j\u00f3 zene \u00e9s a remek hangulat garant\u00e1lt.&#8221; name=&#8221;Expressen&#8221;][testimonial star_rating=&#8221;100%&#8221; title=&#8221;Testimonial&#8221; id=&#8221;1696855636727-8&#8243; tab_id=&#8221;1696855636727-6&#8243; quote=&#8221;Egy t\u00f6k\u00e9letes kar\u00e1csonyi aj\u00e1nd\u00e9k \u00e9s egy j\u00f3 kar\u00e1csonyesti j\u00e1t\u00e9k.&#8221; name=&#8221;Caf\u00e9&#8221;][\/testimonial_slider][divider line_type=&#8221;No Line&#8221; custom_height=&#8221;200&#8243;][\/vc_column][\/vc_row]\n","protected":false},"excerpt":{"rendered":"<p>[vc_row type=&#8221;full_width_content&#8221; full_screen_row_position=&#8221;middle&#8221; column_margin=&#8221;default&#8221; column_direction=&#8221;default&#8221; column_direction_tablet=&#8221;default&#8221; column_direction_phone=&#8221;default&#8221; scene_position=&#8221;center&#8221; text_color=&#8221;dark&#8221; text_align=&#8221;left&#8221; row_border_radius=&#8221;none&#8221; row_border_radius_applies=&#8221;bg&#8221; overflow=&#8221;visible&#8221; advanced_gradient_angle=&#8221;0&#8243; overlay_strength=&#8221;0.3&#8243; gradient_direction=&#8221;left_to_right&#8221; shape_divider_position=&#8221;bottom&#8221; bg_image_animation=&#8221;none&#8221; gradient_type=&#8221;default&#8221; shape_type=&#8221;&#8221;][vc_column column_padding=&#8221;no-extra-padding&#8221; column_padding_tablet=&#8221;inherit&#8221; column_padding_phone=&#8221;inherit&#8221; column_padding_position=&#8221;all&#8221; column_element_spacing=&#8221;default&#8221; background_color_opacity=&#8221;1&#8243; background_hover_color_opacity=&#8221;1&#8243; column_shadow=&#8221;none&#8221; column_border_radius=&#8221;none&#8221; column_link_target=&#8221;_self&#8221;&#8230;<\/p>\n","protected":false},"author":5,"featured_media":0,"parent":0,"menu_order":0,"comment_status":"closed","ping_status":"closed","template":"","meta":{"inline_featured_image":false,"footnotes":""},"class_list":["post-5298","page","type-page","status-publish"],"yoast_head":"<!-- This site is optimized with the Yoast SEO plugin v27.3 - https:\/\/yoast.com\/product\/yoast-seo-wordpress\/ -->\n<title>Home - Hitster<\/title>\n<meta name=\"robots\" content=\"index, follow, max-snippet:-1, max-image-preview:large, max-video-preview:-1\" \/>\n<link rel=\"canonical\" href=\"https:\/\/hitstergame.com\/hu-hu\/\" \/>\n<meta property=\"og:locale\" content=\"hu_HU\" \/>\n<meta property=\"og:type\" content=\"article\" \/>\n<meta property=\"og:title\" content=\"Home - Hitster\" \/>\n<meta property=\"og:description\" content=\"Fedezd fel a Hitster-t: az ultim\u00e1tum bulij\u00e1t! T\u00f6bb mint 300 a legnagyobb sl\u00e1gerrel az elm\u00falt 100 \u00e9vben, a Hitster t\u00f6k\u00e9letes partij\u00e1t\u00e9k egy este telis-tele nevet\u00e9ssel, \u00e9nekl\u00e9ssel, t\u00e1ncol\u00e1ssal \u00e9s k\u00f6z\u00f6s eml\u00e9kekkel. Nyisd ki a dobozt, p\u00e1szt\u00e1zd be a zenei k\u00e1rty\u00e1n l\u00e9v\u0151 QR k\u00f3dot, \u00e9s hagyd, hogy a zene elv\u00e9gezze a t\u00f6bbit, hogy beind\u00edtsa a bulit!\" \/>\n<meta property=\"og:url\" content=\"https:\/\/hitstergame.com\/hu-hu\/\" \/>\n<meta property=\"og:site_name\" content=\"Hitster\" \/>\n<meta property=\"article:modified_time\" content=\"2023-10-09T12:47:28+00:00\" \/>\n<meta property=\"og:image\" content=\"https:\/\/hitstergame.com\/wp-content\/uploads\/2023\/09\/Hitster-OG-image.jpg\" \/>\n\t<meta property=\"og:image:width\" content=\"1200\" \/>\n\t<meta property=\"og:image:height\" content=\"631\" \/>\n\t<meta property=\"og:image:type\" content=\"image\/jpeg\" \/>\n<meta name=\"twitter:card\" content=\"summary_large_image\" \/>\n<meta name=\"twitter:title\" content=\"Home - Hitster\" \/>\n<meta name=\"twitter:description\" content=\"Fedezd fel a Hitster-t: az ultim\u00e1tum bulij\u00e1t! T\u00f6bb mint 300 a legnagyobb sl\u00e1gerrel az elm\u00falt 100 \u00e9vben, a Hitster t\u00f6k\u00e9letes partij\u00e1t\u00e9k egy este telis-tele nevet\u00e9ssel, \u00e9nekl\u00e9ssel, t\u00e1ncol\u00e1ssal \u00e9s k\u00f6z\u00f6s eml\u00e9kekkel. Nyisd ki a dobozt, p\u00e1szt\u00e1zd be a zenei k\u00e1rty\u00e1n l\u00e9v\u0151 QR k\u00f3dot, \u00e9s hagyd, hogy a zene elv\u00e9gezze a t\u00f6bbit, hogy beind\u00edtsa a bulit!\" \/>\n<meta name=\"twitter:label1\" content=\"Becs\u00fclt olvas\u00e1si id\u0151\" \/>\n\t<meta name=\"twitter:data1\" content=\"3 perc\" \/>\n<script type=\"application\/ld+json\" class=\"yoast-schema-graph\">{\"@context\":\"https:\\\/\\\/schema.org\",\"@graph\":[{\"@type\":\"WebPage\",\"@id\":\"https:\\\/\\\/hitstergame.com\\\/hu-hu\\\/\",\"url\":\"https:\\\/\\\/hitstergame.com\\\/hu-hu\\\/\",\"name\":\"Home - Hitster\",\"isPartOf\":{\"@id\":\"https:\\\/\\\/hitstergame.com\\\/hu-hu\\\/#website\"},\"datePublished\":\"2022-04-05T11:14:34+00:00\",\"dateModified\":\"2023-10-09T12:47:28+00:00\",\"breadcrumb\":{\"@id\":\"https:\\\/\\\/hitstergame.com\\\/hu-hu\\\/#breadcrumb\"},\"inLanguage\":\"hu\",\"potentialAction\":[{\"@type\":\"ReadAction\",\"target\":[\"https:\\\/\\\/hitstergame.com\\\/hu-hu\\\/\"]}]},{\"@type\":\"BreadcrumbList\",\"@id\":\"https:\\\/\\\/hitstergame.com\\\/hu-hu\\\/#breadcrumb\",\"itemListElement\":[{\"@type\":\"ListItem\",\"position\":1,\"name\":\"Home\",\"item\":\"https:\\\/\\\/hitstergame.com\\\/hu-hu\\\/\"},{\"@type\":\"ListItem\",\"position\":2,\"name\":\"Home\"}]},{\"@type\":\"WebSite\",\"@id\":\"https:\\\/\\\/hitstergame.com\\\/hu-hu\\\/#website\",\"url\":\"https:\\\/\\\/hitstergame.com\\\/hu-hu\\\/\",\"name\":\"Hitster\",\"description\":\"\",\"publisher\":{\"@id\":\"https:\\\/\\\/hitstergame.com\\\/hu-hu\\\/#organization\"},\"potentialAction\":[{\"@type\":\"SearchAction\",\"target\":{\"@type\":\"EntryPoint\",\"urlTemplate\":\"https:\\\/\\\/hitstergame.com\\\/hu-hu\\\/?s={search_term_string}\"},\"query-input\":{\"@type\":\"PropertyValueSpecification\",\"valueRequired\":true,\"valueName\":\"search_term_string\"}}],\"inLanguage\":\"hu\"},{\"@type\":\"Organization\",\"@id\":\"https:\\\/\\\/hitstergame.com\\\/hu-hu\\\/#organization\",\"name\":\"Hitstergame.com\",\"url\":\"https:\\\/\\\/hitstergame.com\\\/hu-hu\\\/\",\"logo\":{\"@type\":\"ImageObject\",\"inLanguage\":\"hu\",\"@id\":\"https:\\\/\\\/hitstergame.com\\\/hu-hu\\\/#\\\/schema\\\/logo\\\/image\\\/\",\"url\":\"https:\\\/\\\/hitstergame.com\\\/wp-content\\\/uploads\\\/2022\\\/06\\\/hitster-logo-small.png\",\"contentUrl\":\"https:\\\/\\\/hitstergame.com\\\/wp-content\\\/uploads\\\/2022\\\/06\\\/hitster-logo-small.png\",\"width\":250,\"height\":71,\"caption\":\"Hitstergame.com\"},\"image\":{\"@id\":\"https:\\\/\\\/hitstergame.com\\\/hu-hu\\\/#\\\/schema\\\/logo\\\/image\\\/\"}}]}<\/script>\n<!-- \/ Yoast SEO plugin. -->","yoast_head_json":{"title":"Home - Hitster","robots":{"index":"index","follow":"follow","max-snippet":"max-snippet:-1","max-image-preview":"max-image-preview:large","max-video-preview":"max-video-preview:-1"},"canonical":"https:\/\/hitstergame.com\/hu-hu\/","og_locale":"hu_HU","og_type":"article","og_title":"Home - Hitster","og_description":"Fedezd fel a Hitster-t: az ultim\u00e1tum bulij\u00e1t! T\u00f6bb mint 300 a legnagyobb sl\u00e1gerrel az elm\u00falt 100 \u00e9vben, a Hitster t\u00f6k\u00e9letes partij\u00e1t\u00e9k egy este telis-tele nevet\u00e9ssel, \u00e9nekl\u00e9ssel, t\u00e1ncol\u00e1ssal \u00e9s k\u00f6z\u00f6s eml\u00e9kekkel. Nyisd ki a dobozt, p\u00e1szt\u00e1zd be a zenei k\u00e1rty\u00e1n l\u00e9v\u0151 QR k\u00f3dot, \u00e9s hagyd, hogy a zene elv\u00e9gezze a t\u00f6bbit, hogy beind\u00edtsa a bulit!","og_url":"https:\/\/hitstergame.com\/hu-hu\/","og_site_name":"Hitster","article_modified_time":"2023-10-09T12:47:28+00:00","og_image":[{"width":1200,"height":631,"url":"https:\/\/hitstergame.com\/wp-content\/uploads\/2023\/09\/Hitster-OG-image.jpg","type":"image\/jpeg"}],"twitter_card":"summary_large_image","twitter_title":"Home - Hitster","twitter_description":"Fedezd fel a Hitster-t: az ultim\u00e1tum bulij\u00e1t! T\u00f6bb mint 300 a legnagyobb sl\u00e1gerrel az elm\u00falt 100 \u00e9vben, a Hitster t\u00f6k\u00e9letes partij\u00e1t\u00e9k egy este telis-tele nevet\u00e9ssel, \u00e9nekl\u00e9ssel, t\u00e1ncol\u00e1ssal \u00e9s k\u00f6z\u00f6s eml\u00e9kekkel. Nyisd ki a dobozt, p\u00e1szt\u00e1zd be a zenei k\u00e1rty\u00e1n l\u00e9v\u0151 QR k\u00f3dot, \u00e9s hagyd, hogy a zene elv\u00e9gezze a t\u00f6bbit, hogy beind\u00edtsa a bulit!","twitter_misc":{"Becs\u00fclt olvas\u00e1si id\u0151":"3 perc"},"schema":{"@context":"https:\/\/schema.org","@graph":[{"@type":"WebPage","@id":"https:\/\/hitstergame.com\/hu-hu\/","url":"https:\/\/hitstergame.com\/hu-hu\/","name":"Home - Hitster","isPartOf":{"@id":"https:\/\/hitstergame.com\/hu-hu\/#website"},"datePublished":"2022-04-05T11:14:34+00:00","dateModified":"2023-10-09T12:47:28+00:00","breadcrumb":{"@id":"https:\/\/hitstergame.com\/hu-hu\/#breadcrumb"},"inLanguage":"hu","potentialAction":[{"@type":"ReadAction","target":["https:\/\/hitstergame.com\/hu-hu\/"]}]},{"@type":"BreadcrumbList","@id":"https:\/\/hitstergame.com\/hu-hu\/#breadcrumb","itemListElement":[{"@type":"ListItem","position":1,"name":"Home","item":"https:\/\/hitstergame.com\/hu-hu\/"},{"@type":"ListItem","position":2,"name":"Home"}]},{"@type":"WebSite","@id":"https:\/\/hitstergame.com\/hu-hu\/#website","url":"https:\/\/hitstergame.com\/hu-hu\/","name":"Hitster","description":"","publisher":{"@id":"https:\/\/hitstergame.com\/hu-hu\/#organization"},"potentialAction":[{"@type":"SearchAction","target":{"@type":"EntryPoint","urlTemplate":"https:\/\/hitstergame.com\/hu-hu\/?s={search_term_string}"},"query-input":{"@type":"PropertyValueSpecification","valueRequired":true,"valueName":"search_term_string"}}],"inLanguage":"hu"},{"@type":"Organization","@id":"https:\/\/hitstergame.com\/hu-hu\/#organization","name":"Hitstergame.com","url":"https:\/\/hitstergame.com\/hu-hu\/","logo":{"@type":"ImageObject","inLanguage":"hu","@id":"https:\/\/hitstergame.com\/hu-hu\/#\/schema\/logo\/image\/","url":"https:\/\/hitstergame.com\/wp-content\/uploads\/2022\/06\/hitster-logo-small.png","contentUrl":"https:\/\/hitstergame.com\/wp-content\/uploads\/2022\/06\/hitster-logo-small.png","width":250,"height":71,"caption":"Hitstergame.com"},"image":{"@id":"https:\/\/hitstergame.com\/hu-hu\/#\/schema\/logo\/image\/"}}]}},"featured_image_src":null,"featured_image_src_square":null,"_links":{"self":[{"href":"https:\/\/hitstergame.com\/hu-hu\/wp-json\/wp\/v2\/pages\/5298","targetHints":{"allow":["GET"]}}],"collection":[{"href":"https:\/\/hitstergame.com\/hu-hu\/wp-json\/wp\/v2\/pages"}],"about":[{"href":"https:\/\/hitstergame.com\/hu-hu\/wp-json\/wp\/v2\/types\/page"}],"author":[{"embeddable":true,"href":"https:\/\/hitstergame.com\/hu-hu\/wp-json\/wp\/v2\/users\/5"}],"replies":[{"embeddable":true,"href":"https:\/\/hitstergame.com\/hu-hu\/wp-json\/wp\/v2\/comments?post=5298"}],"version-history":[{"count":0,"href":"https:\/\/hitstergame.com\/hu-hu\/wp-json\/wp\/v2\/pages\/5298\/revisions"}],"wp:attachment":[{"href":"https:\/\/hitstergame.com\/hu-hu\/wp-json\/wp\/v2\/media?parent=5298"}],"curies":[{"name":"wp","href":"https:\/\/api.w.org\/{rel}","templated":true}]}}