{"id":9692,"date":"2024-02-16T22:37:24","date_gmt":"2024-02-16T20:37:24","guid":{"rendered":"https:\/\/hitstergame.com\/ios-issue-notice\/"},"modified":"2025-11-03T11:19:31","modified_gmt":"2025-11-03T09:19:31","slug":"ios-issue-notice","status":"publish","type":"page","link":"https:\/\/hitstergame.com\/fr-ca\/ios-issue-notice\/","title":{"rendered":"iOS issue notice"},"content":{"rendered":"[vc_row type= &raquo;in_container &raquo; full_screen_row_position= &raquo;middle &raquo; column_margin= &raquo;default &raquo; column_direction= &raquo;default &raquo; column_direction_tablet= &raquo;default &raquo; column_direction_phone= &raquo;default &raquo; scene_position= &raquo;center &raquo; text_color= &raquo;dark &raquo; text_align= &raquo;left &raquo; row_border_radius= &raquo;none &raquo; row_border_radius_applies= &raquo;bg &raquo; overflow= &raquo;visible &raquo; overlay_strength= &raquo;0.3&Prime; gradient_direction= &raquo;left_to_right &raquo; shape_divider_position= &raquo;bottom &raquo; bg_image_animation= &raquo;none &raquo;][vc_column column_padding= &raquo;no-extra-padding &raquo; column_padding_tablet= &raquo;inherit &raquo; column_padding_phone= &raquo;inherit &raquo; column_padding_position= &raquo;all &raquo; column_element_spacing= &raquo;default &raquo; background_color_opacity= &raquo;1&Prime; background_hover_color_opacity= &raquo;1&Prime; column_shadow= &raquo;none &raquo; column_border_radius= &raquo;none &raquo; column_link_target= &raquo;_self &raquo; column_position= &raquo;default &raquo; gradient_direction= &raquo;left_to_right &raquo; overlay_strength= &raquo;0.3&Prime; width= &raquo;1\/1&Prime; tablet_width_inherit= &raquo;default &raquo; tablet_text_alignment= &raquo;default &raquo; phone_text_alignment= &raquo;default &raquo; animation_type= &raquo;default &raquo; bg_image_animation= &raquo;none &raquo; border_type= &raquo;simple &raquo; column_border_width= &raquo;none &raquo; column_border_style= &raquo;solid &raquo;][vc_column_text]\n<h1>Avis important :<\/h1>\n<p>Certains utilisateurs iOS et Android disposant d\u2019un compte <strong>Spotify Free<\/strong> peuvent actuellement rencontrer des probl\u00e8mes de lecture lors de l\u2019utilisation de notre application. Dans certains cas, les morceaux ne se lancent pas imm\u00e9diatement ou un \u00e9cran blanc peut appara\u00eetre bri\u00e8vement avant le d\u00e9marrage de la musique. Ce probl\u00e8me semble \u00eatre li\u00e9 \u00e0 une mise \u00e0 jour r\u00e9cente de Spotify, qui affecte plusieurs applications et utilisateurs d\u00e9pendant de leur service.<\/p>\n<h2>Solution temporaire :<\/h2>\n<p>Les utilisateurs disposant d\u2019un compte <strong>Spotify Premium<\/strong> ne devraient pas rencontrer ce probl\u00e8me lors de la lecture de <strong>morceaux complets<\/strong>. Nous tenons \u00e0 vous assurer que nous suivons la situation de pr\u00e8s et faisons tout notre possible pour contribuer \u00e0 sa r\u00e9solution. Nous vous remercions sinc\u00e8rement de votre compr\u00e9hension et de votre patience pendant cette p\u00e9riode.<\/p>\n<p>Pour toute question ou pour signaler d\u2019autres probl\u00e8mes, n\u2019h\u00e9sitez pas \u00e0 contacter notre \u00e9quipe d\u2019assistance.[\/vc_column_text][\/vc_column][\/vc_row]\n","protected":false},"excerpt":{"rendered":"<p>[vc_row type= &raquo;in_container &raquo; full_screen_row_position= &raquo;middle &raquo; column_margin= &raquo;default &raquo; column_direction= &raquo;default &raquo; column_direction_tablet= &raquo;default &raquo; column_direction_phone= &raquo;default &raquo; scene_position= &raquo;center &raquo; text_color= &raquo;dark &raquo; text_align= &raquo;left &raquo; row_border_radius= &raquo;none&#8230;<\/p>\n","protected":false},"author":7,"featured_media":0,"parent":0,"menu_order":0,"comment_status":"closed","ping_status":"closed","template":"","meta":{"inline_featured_image":false,"footnotes":""},"class_list":["post-9692","page","type-page","status-publish"],"yoast_head":"<!-- This site is optimized with the Yoast SEO plugin v27.4 - https:\/\/yoast.com\/product\/yoast-seo-wordpress\/ -->\n<title>iOS issue notice - Hitster<\/title>\n<meta name=\"robots\" content=\"noindex, follow\" \/>\n<meta property=\"og:locale\" content=\"fr_CA\" \/>\n<meta property=\"og:type\" content=\"article\" \/>\n<meta property=\"og:title\" content=\"iOS issue notice - Hitster\" \/>\n<meta property=\"og:description\" content=\"[vc_row type= &raquo;in_container &raquo; full_screen_row_position= &raquo;middle &raquo; column_margin= &raquo;default &raquo; column_direction= &raquo;default &raquo; column_direction_tablet= &raquo;default &raquo; column_direction_phone= &raquo;default &raquo; scene_position= &raquo;center &raquo; text_color= &raquo;dark &raquo; text_align= &raquo;left &raquo; row_border_radius= &raquo;none...\" \/>\n<meta property=\"og:url\" content=\"https:\/\/hitstergame.com\/fr-ca\/ios-issue-notice\/\" \/>\n<meta property=\"og:site_name\" content=\"Hitster\" \/>\n<meta property=\"article:modified_time\" content=\"2025-11-03T09:19:31+00:00\" \/>\n<meta name=\"twitter:card\" content=\"summary_large_image\" \/>\n<meta name=\"twitter:label1\" content=\"Estimation du temps de lecture\" \/>\n\t<meta name=\"twitter:data1\" content=\"1 minute\" \/>\n<script type=\"application\/ld+json\" class=\"yoast-schema-graph\">{\"@context\":\"https:\\\/\\\/schema.org\",\"@graph\":[{\"@type\":\"WebPage\",\"@id\":\"https:\\\/\\\/hitstergame.com\\\/fr-ca\\\/ios-issue-notice\\\/\",\"url\":\"https:\\\/\\\/hitstergame.com\\\/fr-ca\\\/ios-issue-notice\\\/\",\"name\":\"iOS issue notice - Hitster\",\"isPartOf\":{\"@id\":\"https:\\\/\\\/hitstergame.com\\\/fr-ca\\\/#website\"},\"datePublished\":\"2024-02-16T20:37:24+00:00\",\"dateModified\":\"2025-11-03T09:19:31+00:00\",\"breadcrumb\":{\"@id\":\"https:\\\/\\\/hitstergame.com\\\/fr-ca\\\/ios-issue-notice\\\/#breadcrumb\"},\"inLanguage\":\"fr-CA\",\"potentialAction\":[{\"@type\":\"ReadAction\",\"target\":[\"https:\\\/\\\/hitstergame.com\\\/fr-ca\\\/ios-issue-notice\\\/\"]}]},{\"@type\":\"BreadcrumbList\",\"@id\":\"https:\\\/\\\/hitstergame.com\\\/fr-ca\\\/ios-issue-notice\\\/#breadcrumb\",\"itemListElement\":[{\"@type\":\"ListItem\",\"position\":1,\"name\":\"Home\",\"item\":\"https:\\\/\\\/hitstergame.com\\\/fr-ca\\\/\"},{\"@type\":\"ListItem\",\"position\":2,\"name\":\"iOS issue notice\"}]},{\"@type\":\"WebSite\",\"@id\":\"https:\\\/\\\/hitstergame.com\\\/fr-ca\\\/#website\",\"url\":\"https:\\\/\\\/hitstergame.com\\\/fr-ca\\\/\",\"name\":\"Hitster\",\"description\":\"\",\"publisher\":{\"@id\":\"https:\\\/\\\/hitstergame.com\\\/fr-ca\\\/#organization\"},\"potentialAction\":[{\"@type\":\"SearchAction\",\"target\":{\"@type\":\"EntryPoint\",\"urlTemplate\":\"https:\\\/\\\/hitstergame.com\\\/fr-ca\\\/?s={search_term_string}\"},\"query-input\":{\"@type\":\"PropertyValueSpecification\",\"valueRequired\":true,\"valueName\":\"search_term_string\"}}],\"inLanguage\":\"fr-CA\"},{\"@type\":\"Organization\",\"@id\":\"https:\\\/\\\/hitstergame.com\\\/fr-ca\\\/#organization\",\"name\":\"Hitstergame.com\",\"url\":\"https:\\\/\\\/hitstergame.com\\\/fr-ca\\\/\",\"logo\":{\"@type\":\"ImageObject\",\"inLanguage\":\"fr-CA\",\"@id\":\"https:\\\/\\\/hitstergame.com\\\/fr-ca\\\/#\\\/schema\\\/logo\\\/image\\\/\",\"url\":\"https:\\\/\\\/hitstergame.com\\\/wp-content\\\/uploads\\\/2022\\\/06\\\/hitster-logo-small.png\",\"contentUrl\":\"https:\\\/\\\/hitstergame.com\\\/wp-content\\\/uploads\\\/2022\\\/06\\\/hitster-logo-small.png\",\"width\":250,\"height\":71,\"caption\":\"Hitstergame.com\"},\"image\":{\"@id\":\"https:\\\/\\\/hitstergame.com\\\/fr-ca\\\/#\\\/schema\\\/logo\\\/image\\\/\"}}]}<\/script>\n<!-- \/ Yoast SEO plugin. -->","yoast_head_json":{"title":"iOS issue notice - Hitster","robots":{"index":"noindex","follow":"follow"},"og_locale":"fr_CA","og_type":"article","og_title":"iOS issue notice - Hitster","og_description":"[vc_row type= &raquo;in_container &raquo; full_screen_row_position= &raquo;middle &raquo; column_margin= &raquo;default &raquo; column_direction= &raquo;default &raquo; column_direction_tablet= &raquo;default &raquo; column_direction_phone= &raquo;default &raquo; scene_position= &raquo;center &raquo; text_color= &raquo;dark &raquo; text_align= &raquo;left &raquo; row_border_radius= &raquo;none...","og_url":"https:\/\/hitstergame.com\/fr-ca\/ios-issue-notice\/","og_site_name":"Hitster","article_modified_time":"2025-11-03T09:19:31+00:00","twitter_card":"summary_large_image","twitter_misc":{"Estimation du temps de lecture":"1 minute"},"schema":{"@context":"https:\/\/schema.org","@graph":[{"@type":"WebPage","@id":"https:\/\/hitstergame.com\/fr-ca\/ios-issue-notice\/","url":"https:\/\/hitstergame.com\/fr-ca\/ios-issue-notice\/","name":"iOS issue notice - Hitster","isPartOf":{"@id":"https:\/\/hitstergame.com\/fr-ca\/#website"},"datePublished":"2024-02-16T20:37:24+00:00","dateModified":"2025-11-03T09:19:31+00:00","breadcrumb":{"@id":"https:\/\/hitstergame.com\/fr-ca\/ios-issue-notice\/#breadcrumb"},"inLanguage":"fr-CA","potentialAction":[{"@type":"ReadAction","target":["https:\/\/hitstergame.com\/fr-ca\/ios-issue-notice\/"]}]},{"@type":"BreadcrumbList","@id":"https:\/\/hitstergame.com\/fr-ca\/ios-issue-notice\/#breadcrumb","itemListElement":[{"@type":"ListItem","position":1,"name":"Home","item":"https:\/\/hitstergame.com\/fr-ca\/"},{"@type":"ListItem","position":2,"name":"iOS issue notice"}]},{"@type":"WebSite","@id":"https:\/\/hitstergame.com\/fr-ca\/#website","url":"https:\/\/hitstergame.com\/fr-ca\/","name":"Hitster","description":"","publisher":{"@id":"https:\/\/hitstergame.com\/fr-ca\/#organization"},"potentialAction":[{"@type":"SearchAction","target":{"@type":"EntryPoint","urlTemplate":"https:\/\/hitstergame.com\/fr-ca\/?s={search_term_string}"},"query-input":{"@type":"PropertyValueSpecification","valueRequired":true,"valueName":"search_term_string"}}],"inLanguage":"fr-CA"},{"@type":"Organization","@id":"https:\/\/hitstergame.com\/fr-ca\/#organization","name":"Hitstergame.com","url":"https:\/\/hitstergame.com\/fr-ca\/","logo":{"@type":"ImageObject","inLanguage":"fr-CA","@id":"https:\/\/hitstergame.com\/fr-ca\/#\/schema\/logo\/image\/","url":"https:\/\/hitstergame.com\/wp-content\/uploads\/2022\/06\/hitster-logo-small.png","contentUrl":"https:\/\/hitstergame.com\/wp-content\/uploads\/2022\/06\/hitster-logo-small.png","width":250,"height":71,"caption":"Hitstergame.com"},"image":{"@id":"https:\/\/hitstergame.com\/fr-ca\/#\/schema\/logo\/image\/"}}]}},"featured_image_src":null,"featured_image_src_square":null,"_links":{"self":[{"href":"https:\/\/hitstergame.com\/fr-ca\/wp-json\/wp\/v2\/pages\/9692","targetHints":{"allow":["GET"]}}],"collection":[{"href":"https:\/\/hitstergame.com\/fr-ca\/wp-json\/wp\/v2\/pages"}],"about":[{"href":"https:\/\/hitstergame.com\/fr-ca\/wp-json\/wp\/v2\/types\/page"}],"author":[{"embeddable":true,"href":"https:\/\/hitstergame.com\/fr-ca\/wp-json\/wp\/v2\/users\/7"}],"replies":[{"embeddable":true,"href":"https:\/\/hitstergame.com\/fr-ca\/wp-json\/wp\/v2\/comments?post=9692"}],"version-history":[{"count":0,"href":"https:\/\/hitstergame.com\/fr-ca\/wp-json\/wp\/v2\/pages\/9692\/revisions"}],"wp:attachment":[{"href":"https:\/\/hitstergame.com\/fr-ca\/wp-json\/wp\/v2\/media?parent=9692"}],"curies":[{"name":"wp","href":"https:\/\/api.w.org\/{rel}","templated":true}]}}