{"id":5295,"date":"2022-04-05T13:14:34","date_gmt":"2022-04-05T11:14:34","guid":{"rendered":"https:\/\/hitstergame.wpengine.com\/?page_id=5295"},"modified":"2023-11-14T18:00:19","modified_gmt":"2023-11-14T16:00:19","slug":"home","status":"publish","type":"page","link":"https:\/\/hitstergame.com\/fr-ca\/","title":{"rendered":"Home"},"content":{"rendered":"[vc_row type= &raquo;full_width_content &raquo; full_screen_row_position= &raquo;middle &raquo; column_margin= &raquo;default &raquo; column_direction= &raquo;default &raquo; column_direction_tablet= &raquo;default &raquo; column_direction_phone= &raquo;default &raquo; scene_position= &raquo;center &raquo; text_color= &raquo;dark &raquo; text_align= &raquo;left &raquo; row_border_radius= &raquo;none &raquo; row_border_radius_applies= &raquo;bg &raquo; overflow= &raquo;visible &raquo; advanced_gradient_angle= &raquo;0&Prime; overlay_strength= &raquo;0.3&Prime; gradient_direction= &raquo;left_to_right &raquo; shape_divider_position= &raquo;bottom &raquo; bg_image_animation= &raquo;none &raquo; gradient_type= &raquo;default &raquo; shape_type= &raquo; &raquo;][vc_column column_padding= &raquo;no-extra-padding &raquo; column_padding_tablet= &raquo;inherit &raquo; column_padding_phone= &raquo;inherit &raquo; column_padding_position= &raquo;all &raquo; column_element_spacing= &raquo;default &raquo; background_color_opacity= &raquo;1&Prime; background_hover_color_opacity= &raquo;1&Prime; column_shadow= &raquo;none &raquo; column_border_radius= &raquo;none &raquo; column_link_target= &raquo;_self &raquo; column_position= &raquo;default &raquo; gradient_direction= &raquo;left_to_right &raquo; overlay_strength= &raquo;0.3&Prime; width= &raquo;1\/1&Prime; tablet_width_inherit= &raquo;default &raquo; tablet_text_alignment= &raquo;default &raquo; phone_text_alignment= &raquo;default &raquo; animation_type= &raquo;default &raquo; bg_image_animation= &raquo;none &raquo; border_type= &raquo;simple &raquo; column_border_width= &raquo;none &raquo; column_border_style= &raquo;solid &raquo;][vc_video link= &raquo;https:\/\/watch.videodelivery.net\/7c66108762eadedcd60595255b65c7de?muted=true&amp;preload=true&amp;loop=true&amp;autoplay=true &raquo;][\/vc_column][\/vc_row][vc_row type= &raquo;full_width_background &raquo; full_screen_row_position= &raquo;middle &raquo; column_margin= &raquo;default &raquo; column_direction= &raquo;default &raquo; column_direction_tablet= &raquo;default &raquo; column_direction_phone= &raquo;default &raquo; bg_color= &raquo;#000000&Prime; scene_position= &raquo;center &raquo; text_color= &raquo;dark &raquo; text_align= &raquo;center &raquo; row_border_radius= &raquo;none &raquo; row_border_radius_applies= &raquo;bg &raquo; overflow= &raquo;visible &raquo; advanced_gradient_angle= &raquo;0&Prime; overlay_strength= &raquo;0.3&Prime; gradient_direction= &raquo;left_to_right &raquo; shape_divider_position= &raquo;bottom &raquo; bg_image_animation= &raquo;none &raquo; gradient_type= &raquo;default &raquo; shape_type= &raquo; &raquo;][vc_column column_padding= &raquo;padding-10-percent &raquo; column_padding_tablet= &raquo;inherit &raquo; column_padding_phone= &raquo;inherit &raquo; column_padding_position= &raquo;bottom &raquo; top_margin= &raquo;30&Prime; column_element_spacing= &raquo;default &raquo; background_color_opacity= &raquo;1&Prime; background_hover_color_opacity= &raquo;1&Prime; column_shadow= &raquo;none &raquo; column_border_radius= &raquo;none &raquo; column_link_target= &raquo;_self &raquo; column_position= &raquo;default &raquo; advanced_gradient_angle= &raquo;0&Prime; gradient_direction= &raquo;left_to_right &raquo; overlay_strength= &raquo;0.3&Prime; width= &raquo;1\/1&Prime; tablet_width_inherit= &raquo;default &raquo; tablet_text_alignment= &raquo;default &raquo; phone_text_alignment= &raquo;default &raquo; animation_type= &raquo;default &raquo; enable_animation= &raquo;true &raquo; animation= &raquo;grow-in &raquo; bg_image_animation= &raquo;none &raquo; border_type= &raquo;simple &raquo; column_border_width= &raquo;none &raquo; column_border_style= &raquo;solid &raquo; gradient_type= &raquo;default &raquo; delay= &raquo;300&Prime;][nectar_highlighted_text color_type= &raquo;regular &raquo; text_color= &raquo;#ffc850&Prime; style= &raquo;full_text &raquo; highlight_expansion= &raquo;default &raquo;]\n<h1>Avec HITSTER, organisez une f\u00eate improvis\u00e9e !<\/h1>\n[\/nectar_highlighted_text][nectar_highlighted_text color_type= &raquo;regular &raquo; text_color= &raquo;#ffffff &raquo; style= &raquo;full_text &raquo; highlight_expansion= &raquo;default &raquo;]\n<h3>\u00c9coutez <span style=\"color: #f0286e;\">plus de 100 ans<\/span> de tubes tous plus m\u00e9morables les uns que les autres, placez-les tour \u00e0 tour par ordre chronologique sur votre ligne du temps musicale et cr\u00e9ez votre propre voyage dans le pass\u00e9.<\/h3>\n[\/nectar_highlighted_text][nectar_highlighted_text color_type= &raquo;regular &raquo; text_color= &raquo;#00aad2&Prime; style= &raquo;full_text &raquo; highlight_expansion= &raquo;default &raquo;]\n<h3>Le premier joueur qui r\u00e9ussit \u00e0 placer correctement 10 hits est couronn\u00e9 HITSTER.<\/h3>\n[\/nectar_highlighted_text][\/vc_column][\/vc_row][vc_row type= &raquo;full_width_background &raquo; full_screen_row_position= &raquo;middle &raquo; column_margin= &raquo;default &raquo; column_direction= &raquo;default &raquo; column_direction_tablet= &raquo;default &raquo; column_direction_phone= &raquo;default &raquo; bg_color= &raquo;#000000&Prime; scene_position= &raquo;center &raquo; text_color= &raquo;dark &raquo; text_align= &raquo;left &raquo; row_border_radius= &raquo;none &raquo; row_border_radius_applies= &raquo;bg &raquo; overflow= &raquo;visible &raquo; advanced_gradient_angle= &raquo;0&Prime; overlay_strength= &raquo;0.3&Prime; gradient_direction= &raquo;left_to_right &raquo; shape_divider_position= &raquo;bottom &raquo; bg_image_animation= &raquo;none &raquo; gradient_type= &raquo;default &raquo; shape_type= &raquo; &raquo;][vc_column column_padding= &raquo;padding-10-percent &raquo; column_padding_tablet= &raquo;inherit &raquo; column_padding_phone= &raquo;inherit &raquo; column_padding_position= &raquo;bottom &raquo; top_margin= &raquo;0&Prime; column_element_spacing= &raquo;default &raquo; background_color_opacity= &raquo;1&Prime; background_hover_color_opacity= &raquo;1&Prime; column_shadow= &raquo;none &raquo; column_border_radius= &raquo;none &raquo; column_link_target= &raquo;_self &raquo; column_position= &raquo;default &raquo; advanced_gradient_angle= &raquo;0&Prime; gradient_direction= &raquo;left_to_right &raquo; overlay_strength= &raquo;0.3&Prime; width= &raquo;1\/1&Prime; tablet_width_inherit= &raquo;default &raquo; tablet_text_alignment= &raquo;default &raquo; phone_text_alignment= &raquo;default &raquo; animation_type= &raquo;default &raquo; bg_image_animation= &raquo;none &raquo; border_type= &raquo;simple &raquo; column_border_width= &raquo;none &raquo; column_border_style= &raquo;solid &raquo; gradient_type= &raquo;default &raquo;][vc_row_inner column_margin= &raquo;default &raquo; column_direction= &raquo;default &raquo; column_direction_tablet= &raquo;default &raquo; column_direction_phone= &raquo;default &raquo; text_align= &raquo;left &raquo; row_position= &raquo;default &raquo; row_position_tablet= &raquo;inherit &raquo; row_position_phone= &raquo;inherit &raquo; overflow= &raquo;visible &raquo; pointer_events= &raquo;all &raquo;][vc_column_inner column_padding= &raquo;no-extra-padding &raquo; column_padding_tablet= &raquo;inherit &raquo; column_padding_phone= &raquo;inherit &raquo; column_padding_position= &raquo;all &raquo; column_element_spacing= &raquo;default &raquo; background_color_opacity= &raquo;1&Prime; background_hover_color_opacity= &raquo;1&Prime; column_shadow= &raquo;none &raquo; column_border_radius= &raquo;none &raquo; column_link_target= &raquo;_self &raquo; advanced_gradient_angle= &raquo;0&Prime; gradient_direction= &raquo;left_to_right &raquo; overlay_strength= &raquo;0.3&Prime; width= &raquo;1\/2&Prime; tablet_width_inherit= &raquo;default &raquo; animation_type= &raquo;default &raquo; enable_animation= &raquo;true &raquo; animation= &raquo;grow-in &raquo; bg_image_animation= &raquo;none &raquo; border_type= &raquo;simple &raquo; column_border_width= &raquo;none &raquo; column_border_style= &raquo;solid &raquo; gradient_type= &raquo;default &raquo; delay= &raquo;300&Prime;][image_with_animation image_url= &raquo;265&Prime; image_size= &raquo;full &raquo; animation_type= &raquo;entrance &raquo; animation= &raquo;Fade In &raquo; hover_animation= &raquo;none &raquo; alignment= &raquo;center &raquo; border_radius= &raquo;none &raquo; box_shadow= &raquo;none &raquo; image_loading= &raquo;default &raquo; max_width= &raquo;100% &raquo; max_width_mobile= &raquo;default &raquo;][\/vc_column_inner][vc_column_inner column_padding= &raquo;no-extra-padding &raquo; column_padding_tablet= &raquo;inherit &raquo; column_padding_phone= &raquo;inherit &raquo; column_padding_position= &raquo;all &raquo; column_element_spacing= &raquo;default &raquo; background_color_opacity= &raquo;1&Prime; background_hover_color_opacity= &raquo;1&Prime; column_shadow= &raquo;none &raquo; column_border_radius= &raquo;none &raquo; column_link_target= &raquo;_self &raquo; advanced_gradient_angle= &raquo;0&Prime; gradient_direction= &raquo;left_to_right &raquo; overlay_strength= &raquo;0.3&Prime; width= &raquo;1\/2&Prime; tablet_width_inherit= &raquo;default &raquo; animation_type= &raquo;default &raquo; enable_animation= &raquo;true &raquo; animation= &raquo;grow-in &raquo; bg_image_animation= &raquo;none &raquo; border_type= &raquo;simple &raquo; column_border_width= &raquo;none &raquo; column_border_style= &raquo;solid &raquo; gradient_type= &raquo;default &raquo; delay= &raquo;300&Prime;][image_with_animation image_url= &raquo;843&Prime; image_size= &raquo;full &raquo; animation_type= &raquo;entrance &raquo; animation= &raquo;Fade In &raquo; hover_animation= &raquo;none &raquo; alignment= &raquo; &raquo; border_radius= &raquo;none &raquo; box_shadow= &raquo;none &raquo; image_loading= &raquo;default &raquo; max_width= &raquo;100% &raquo; max_width_mobile= &raquo;default &raquo;][\/vc_column_inner][\/vc_row_inner][\/vc_column][\/vc_row][vc_row type= &raquo;full_width_background &raquo; full_screen_row_position= &raquo;middle &raquo; column_margin= &raquo;default &raquo; column_direction= &raquo;default &raquo; column_direction_tablet= &raquo;default &raquo; column_direction_phone= &raquo;default &raquo; bg_color= &raquo;#000000&Prime; scene_position= &raquo;center &raquo; text_color= &raquo;dark &raquo; text_align= &raquo;center &raquo; row_border_radius= &raquo;none &raquo; row_border_radius_applies= &raquo;bg &raquo; overflow= &raquo;visible &raquo; advanced_gradient_angle= &raquo;0&Prime; overlay_strength= &raquo;0.3&Prime; gradient_direction= &raquo;left_to_right &raquo; shape_divider_position= &raquo;bottom &raquo; bg_image_animation= &raquo;none &raquo; gradient_type= &raquo;default &raquo; shape_type= &raquo; &raquo;][vc_column column_padding= &raquo;padding-10-percent &raquo; column_padding_tablet= &raquo;inherit &raquo; column_padding_phone= &raquo;inherit &raquo; column_padding_position= &raquo;bottom &raquo; column_element_spacing= &raquo;default &raquo; background_color_opacity= &raquo;1&Prime; background_hover_color_opacity= &raquo;1&Prime; column_shadow= &raquo;none &raquo; column_border_radius= &raquo;none &raquo; column_link_target= &raquo;_self &raquo; column_position= &raquo;default &raquo; advanced_gradient_angle= &raquo;0&Prime; gradient_direction= &raquo;left_to_right &raquo; overlay_strength= &raquo;0.3&Prime; width= &raquo;1\/1&Prime; tablet_width_inherit= &raquo;default &raquo; tablet_text_alignment= &raquo;default &raquo; phone_text_alignment= &raquo;default &raquo; animation_type= &raquo;default &raquo; enable_animation= &raquo;true &raquo; animation= &raquo;grow-in &raquo; bg_image_animation= &raquo;none &raquo; border_type= &raquo;simple &raquo; column_border_width= &raquo;none &raquo; column_border_style= &raquo;solid &raquo; gradient_type= &raquo;default &raquo; delay= &raquo;300&Prime;][nectar_highlighted_text color_type= &raquo;regular &raquo; text_color= &raquo;#ffc850&Prime; style= &raquo;full_text &raquo; highlight_expansion= &raquo;default &raquo;]\n<h1>HITSTER musique!<\/h1>\n[\/nectar_highlighted_text][vc_raw_html]JTNDaWZyYW1lJTIwc3R5bGUlM0QlMjJib3JkZXItcmFkaXVzJTNBMTJweCUyMiUyMHNyYyUzRCUyMmh0dHBzJTNBJTJGJTJGb3Blbi5zcG90aWZ5LmNvbSUyRmVtYmVkJTJGcGxheWxpc3QlMkYzUGZ0OVZrRDJQWElLOUVQT2xWbzlaJTNGdXRtX3NvdXJjZSUzRGdlbmVyYXRvciUyMiUyMHdpZHRoJTNEJTIyMTAwJTI1JTIyJTIwaGVpZ2h0JTNEJTIyMzUyJTIyJTIwZnJhbWVCb3JkZXIlM0QlMjIwJTIyJTIwYWxsb3dmdWxsc2NyZWVuJTNEJTIyJTIyJTIwYWxsb3clM0QlMjJhdXRvcGxheSUzQiUyMGNsaXBib2FyZC13cml0ZSUzQiUyMGVuY3J5cHRlZC1tZWRpYSUzQiUyMGZ1bGxzY3JlZW4lM0IlMjBwaWN0dXJlLWluLXBpY3R1cmUlMjIlMjBsb2FkaW5nJTNEJTIybGF6eSUyMiUzRSUzQyUyRmlmcmFtZSUzRQ==[\/vc_raw_html][\/vc_column][\/vc_row][vc_row type= &raquo;full_width_background &raquo; full_screen_row_position= &raquo;middle &raquo; column_margin= &raquo;default &raquo; column_direction= &raquo;default &raquo; column_direction_tablet= &raquo;default &raquo; column_direction_phone= &raquo;default &raquo; bg_color= &raquo;#000000&Prime; scene_position= &raquo;center &raquo; text_color= &raquo;dark &raquo; text_align= &raquo;center &raquo; row_border_radius= &raquo;none &raquo; row_border_radius_applies= &raquo;bg &raquo; overflow= &raquo;visible &raquo; advanced_gradient_angle= &raquo;0&Prime; overlay_strength= &raquo;0.3&Prime; gradient_direction= &raquo;left_to_right &raquo; shape_divider_position= &raquo;bottom &raquo; bg_image_animation= &raquo;none &raquo; gradient_type= &raquo;default &raquo; shape_type= &raquo; &raquo;][vc_column column_padding= &raquo;no-extra-padding &raquo; column_padding_tablet= &raquo;inherit &raquo; column_padding_phone= &raquo;inherit &raquo; column_padding_position= &raquo;all &raquo; column_element_spacing= &raquo;default &raquo; background_color_opacity= &raquo;1&Prime; background_hover_color_opacity= &raquo;1&Prime; column_shadow= &raquo;none &raquo; column_border_radius= &raquo;none &raquo; column_link_target= &raquo;_self &raquo; column_position= &raquo;default &raquo; advanced_gradient_angle= &raquo;0&Prime; gradient_direction= &raquo;left_to_right &raquo; overlay_strength= &raquo;0.3&Prime; width= &raquo;1\/1&Prime; tablet_width_inherit= &raquo;default &raquo; tablet_text_alignment= &raquo;default &raquo; phone_text_alignment= &raquo;default &raquo; animation_type= &raquo;default &raquo; enable_animation= &raquo;true &raquo; animation= &raquo;grow-in &raquo; bg_image_animation= &raquo;none &raquo; border_type= &raquo;simple &raquo; column_border_width= &raquo;none &raquo; column_border_style= &raquo;solid &raquo; gradient_type= &raquo;default &raquo; delay= &raquo;300&Prime;][nectar_highlighted_text color_type= &raquo;regular &raquo; text_color= &raquo;#ffc850&Prime; style= &raquo;full_text &raquo; highlight_expansion= &raquo;default &raquo;]\n<h1>Ce que disent les gens!<\/h1>\n[\/nectar_highlighted_text][testimonial_slider style= &raquo;minimal &raquo; star_rating_color= &raquo;extra-color-3&Prime;][testimonial star_rating= &raquo;100% &raquo; title= &raquo;Testimonial &raquo; id= &raquo;1699977607578-0&Prime; tab_id= &raquo;1699977607580-4&Prime; name= &raquo;Lcakuriren &raquo; quote= &raquo;This is the perfect game to get the party started! &raquo;][testimonial star_rating= &raquo;100% &raquo; title= &raquo;Testimonial &raquo; id= &raquo;1699977607717-10&Prime; tab_id= &raquo;1699977607719-1&Prime; quote= &raquo;This music game is the perfect party game. Sure, you&rsquo;ll have an advantage if you&rsquo;re into music but it&rsquo;s also about playing it smart and have a stroke of luck. The cards form a timeline and you can swap songs and steal cards from your opponents. Great music and good atmosphere is guaranteed. &raquo; name= &raquo;Expressen &raquo;][testimonial star_rating= &raquo;100% &raquo; title= &raquo;Testimonial &raquo; id= &raquo;1699977607772-3&Prime; tab_id= &raquo;1699977607773-5&Prime; quote= &raquo;A perfect Christmas present and a suitable Christmas Eve activity. &raquo; name= &raquo;Caf\u00e9 &raquo;][\/testimonial_slider][divider line_type= &raquo;No Line &raquo; custom_height= &raquo;200&Prime;][\/vc_column][\/vc_row]\n","protected":false},"excerpt":{"rendered":"<p>[vc_row type= &raquo;full_width_content &raquo; full_screen_row_position= &raquo;middle &raquo; column_margin= &raquo;default &raquo; column_direction= &raquo;default &raquo; column_direction_tablet= &raquo;default &raquo; column_direction_phone= &raquo;default &raquo; scene_position= &raquo;center &raquo; text_color= &raquo;dark &raquo; text_align= &raquo;left &raquo; row_border_radius= &raquo;none&#8230;<\/p>\n","protected":false},"author":5,"featured_media":0,"parent":0,"menu_order":0,"comment_status":"closed","ping_status":"closed","template":"","meta":{"inline_featured_image":false,"footnotes":""},"class_list":["post-5295","page","type-page","status-publish"],"yoast_head":"<!-- This site is optimized with the Yoast SEO plugin v27.4 - https:\/\/yoast.com\/product\/yoast-seo-wordpress\/ -->\n<title>Home - Hitster<\/title>\n<meta name=\"robots\" content=\"index, follow, max-snippet:-1, max-image-preview:large, max-video-preview:-1\" \/>\n<link rel=\"canonical\" href=\"https:\/\/hitstergame.com\/fr-ca\/\" \/>\n<meta property=\"og:locale\" content=\"fr_CA\" \/>\n<meta property=\"og:type\" content=\"article\" \/>\n<meta property=\"og:title\" content=\"Home - Hitster\" \/>\n<meta property=\"og:description\" content=\"D\u00e9couvrez Hitster : le jeu de soir\u00e9e ultime ! Avec plus de 300 des plus grands succ\u00e8s des 100 derni\u00e8res ann\u00e9es, Hitster est le jeu de soir\u00e9e parfait pour une soir\u00e9e remplie de rires, de chants, de danse et de souvenirs partag\u00e9s. Ouvrez la bo\u00eete, scannez le code QR sur la carte de musique et laissez la musique faire le reste pour lancer la soir\u00e9e !\" \/>\n<meta property=\"og:url\" content=\"https:\/\/hitstergame.com\/fr-ca\/\" \/>\n<meta property=\"og:site_name\" content=\"Hitster\" \/>\n<meta property=\"article:modified_time\" content=\"2023-11-14T16:00:19+00:00\" \/>\n<meta property=\"og:image\" content=\"https:\/\/hitstergame.com\/wp-content\/uploads\/2023\/09\/Hitster-OG-image.jpg\" \/>\n\t<meta property=\"og:image:width\" content=\"1200\" \/>\n\t<meta property=\"og:image:height\" content=\"631\" \/>\n\t<meta property=\"og:image:type\" content=\"image\/jpeg\" \/>\n<meta name=\"twitter:card\" content=\"summary_large_image\" \/>\n<meta name=\"twitter:title\" content=\"Home - Hitster\" \/>\n<meta name=\"twitter:description\" content=\"D\u00e9couvrez Hitster : le jeu de soir\u00e9e ultime ! Avec plus de 300 des plus grands succ\u00e8s des 100 derni\u00e8res ann\u00e9es, Hitster est le jeu de soir\u00e9e parfait pour une soir\u00e9e remplie de rires, de chants, de danse et de souvenirs partag\u00e9s. Ouvrez la bo\u00eete, scannez le code QR sur la carte de musique et laissez la musique faire le reste pour lancer la soir\u00e9e !\" \/>\n<meta name=\"twitter:label1\" content=\"Estimation du temps de lecture\" \/>\n\t<meta name=\"twitter:data1\" content=\"3 minutes\" \/>\n<script type=\"application\/ld+json\" class=\"yoast-schema-graph\">{\"@context\":\"https:\\\/\\\/schema.org\",\"@graph\":[{\"@type\":\"WebPage\",\"@id\":\"https:\\\/\\\/hitstergame.com\\\/fr-ca\\\/\",\"url\":\"https:\\\/\\\/hitstergame.com\\\/fr-ca\\\/\",\"name\":\"Home - Hitster\",\"isPartOf\":{\"@id\":\"https:\\\/\\\/hitstergame.com\\\/fr-ca\\\/#website\"},\"datePublished\":\"2022-04-05T11:14:34+00:00\",\"dateModified\":\"2023-11-14T16:00:19+00:00\",\"breadcrumb\":{\"@id\":\"https:\\\/\\\/hitstergame.com\\\/fr-ca\\\/#breadcrumb\"},\"inLanguage\":\"fr-CA\",\"potentialAction\":[{\"@type\":\"ReadAction\",\"target\":[\"https:\\\/\\\/hitstergame.com\\\/fr-ca\\\/\"]}]},{\"@type\":\"BreadcrumbList\",\"@id\":\"https:\\\/\\\/hitstergame.com\\\/fr-ca\\\/#breadcrumb\",\"itemListElement\":[{\"@type\":\"ListItem\",\"position\":1,\"name\":\"Home\",\"item\":\"https:\\\/\\\/hitstergame.com\\\/fr-ca\\\/\"},{\"@type\":\"ListItem\",\"position\":2,\"name\":\"Home\"}]},{\"@type\":\"WebSite\",\"@id\":\"https:\\\/\\\/hitstergame.com\\\/fr-ca\\\/#website\",\"url\":\"https:\\\/\\\/hitstergame.com\\\/fr-ca\\\/\",\"name\":\"Hitster\",\"description\":\"\",\"publisher\":{\"@id\":\"https:\\\/\\\/hitstergame.com\\\/fr-ca\\\/#organization\"},\"potentialAction\":[{\"@type\":\"SearchAction\",\"target\":{\"@type\":\"EntryPoint\",\"urlTemplate\":\"https:\\\/\\\/hitstergame.com\\\/fr-ca\\\/?s={search_term_string}\"},\"query-input\":{\"@type\":\"PropertyValueSpecification\",\"valueRequired\":true,\"valueName\":\"search_term_string\"}}],\"inLanguage\":\"fr-CA\"},{\"@type\":\"Organization\",\"@id\":\"https:\\\/\\\/hitstergame.com\\\/fr-ca\\\/#organization\",\"name\":\"Hitstergame.com\",\"url\":\"https:\\\/\\\/hitstergame.com\\\/fr-ca\\\/\",\"logo\":{\"@type\":\"ImageObject\",\"inLanguage\":\"fr-CA\",\"@id\":\"https:\\\/\\\/hitstergame.com\\\/fr-ca\\\/#\\\/schema\\\/logo\\\/image\\\/\",\"url\":\"https:\\\/\\\/hitstergame.com\\\/wp-content\\\/uploads\\\/2022\\\/06\\\/hitster-logo-small.png\",\"contentUrl\":\"https:\\\/\\\/hitstergame.com\\\/wp-content\\\/uploads\\\/2022\\\/06\\\/hitster-logo-small.png\",\"width\":250,\"height\":71,\"caption\":\"Hitstergame.com\"},\"image\":{\"@id\":\"https:\\\/\\\/hitstergame.com\\\/fr-ca\\\/#\\\/schema\\\/logo\\\/image\\\/\"}}]}<\/script>\n<!-- \/ Yoast SEO plugin. -->","yoast_head_json":{"title":"Home - Hitster","robots":{"index":"index","follow":"follow","max-snippet":"max-snippet:-1","max-image-preview":"max-image-preview:large","max-video-preview":"max-video-preview:-1"},"canonical":"https:\/\/hitstergame.com\/fr-ca\/","og_locale":"fr_CA","og_type":"article","og_title":"Home - Hitster","og_description":"D\u00e9couvrez Hitster : le jeu de soir\u00e9e ultime ! Avec plus de 300 des plus grands succ\u00e8s des 100 derni\u00e8res ann\u00e9es, Hitster est le jeu de soir\u00e9e parfait pour une soir\u00e9e remplie de rires, de chants, de danse et de souvenirs partag\u00e9s. Ouvrez la bo\u00eete, scannez le code QR sur la carte de musique et laissez la musique faire le reste pour lancer la soir\u00e9e !","og_url":"https:\/\/hitstergame.com\/fr-ca\/","og_site_name":"Hitster","article_modified_time":"2023-11-14T16:00:19+00:00","og_image":[{"width":1200,"height":631,"url":"https:\/\/hitstergame.com\/wp-content\/uploads\/2023\/09\/Hitster-OG-image.jpg","type":"image\/jpeg"}],"twitter_card":"summary_large_image","twitter_title":"Home - Hitster","twitter_description":"D\u00e9couvrez Hitster : le jeu de soir\u00e9e ultime ! Avec plus de 300 des plus grands succ\u00e8s des 100 derni\u00e8res ann\u00e9es, Hitster est le jeu de soir\u00e9e parfait pour une soir\u00e9e remplie de rires, de chants, de danse et de souvenirs partag\u00e9s. Ouvrez la bo\u00eete, scannez le code QR sur la carte de musique et laissez la musique faire le reste pour lancer la soir\u00e9e !","twitter_misc":{"Estimation du temps de lecture":"3 minutes"},"schema":{"@context":"https:\/\/schema.org","@graph":[{"@type":"WebPage","@id":"https:\/\/hitstergame.com\/fr-ca\/","url":"https:\/\/hitstergame.com\/fr-ca\/","name":"Home - Hitster","isPartOf":{"@id":"https:\/\/hitstergame.com\/fr-ca\/#website"},"datePublished":"2022-04-05T11:14:34+00:00","dateModified":"2023-11-14T16:00:19+00:00","breadcrumb":{"@id":"https:\/\/hitstergame.com\/fr-ca\/#breadcrumb"},"inLanguage":"fr-CA","potentialAction":[{"@type":"ReadAction","target":["https:\/\/hitstergame.com\/fr-ca\/"]}]},{"@type":"BreadcrumbList","@id":"https:\/\/hitstergame.com\/fr-ca\/#breadcrumb","itemListElement":[{"@type":"ListItem","position":1,"name":"Home","item":"https:\/\/hitstergame.com\/fr-ca\/"},{"@type":"ListItem","position":2,"name":"Home"}]},{"@type":"WebSite","@id":"https:\/\/hitstergame.com\/fr-ca\/#website","url":"https:\/\/hitstergame.com\/fr-ca\/","name":"Hitster","description":"","publisher":{"@id":"https:\/\/hitstergame.com\/fr-ca\/#organization"},"potentialAction":[{"@type":"SearchAction","target":{"@type":"EntryPoint","urlTemplate":"https:\/\/hitstergame.com\/fr-ca\/?s={search_term_string}"},"query-input":{"@type":"PropertyValueSpecification","valueRequired":true,"valueName":"search_term_string"}}],"inLanguage":"fr-CA"},{"@type":"Organization","@id":"https:\/\/hitstergame.com\/fr-ca\/#organization","name":"Hitstergame.com","url":"https:\/\/hitstergame.com\/fr-ca\/","logo":{"@type":"ImageObject","inLanguage":"fr-CA","@id":"https:\/\/hitstergame.com\/fr-ca\/#\/schema\/logo\/image\/","url":"https:\/\/hitstergame.com\/wp-content\/uploads\/2022\/06\/hitster-logo-small.png","contentUrl":"https:\/\/hitstergame.com\/wp-content\/uploads\/2022\/06\/hitster-logo-small.png","width":250,"height":71,"caption":"Hitstergame.com"},"image":{"@id":"https:\/\/hitstergame.com\/fr-ca\/#\/schema\/logo\/image\/"}}]}},"featured_image_src":null,"featured_image_src_square":null,"_links":{"self":[{"href":"https:\/\/hitstergame.com\/fr-ca\/wp-json\/wp\/v2\/pages\/5295","targetHints":{"allow":["GET"]}}],"collection":[{"href":"https:\/\/hitstergame.com\/fr-ca\/wp-json\/wp\/v2\/pages"}],"about":[{"href":"https:\/\/hitstergame.com\/fr-ca\/wp-json\/wp\/v2\/types\/page"}],"author":[{"embeddable":true,"href":"https:\/\/hitstergame.com\/fr-ca\/wp-json\/wp\/v2\/users\/5"}],"replies":[{"embeddable":true,"href":"https:\/\/hitstergame.com\/fr-ca\/wp-json\/wp\/v2\/comments?post=5295"}],"version-history":[{"count":0,"href":"https:\/\/hitstergame.com\/fr-ca\/wp-json\/wp\/v2\/pages\/5295\/revisions"}],"wp:attachment":[{"href":"https:\/\/hitstergame.com\/fr-ca\/wp-json\/wp\/v2\/media?parent=5295"}],"curies":[{"name":"wp","href":"https:\/\/api.w.org\/{rel}","templated":true}]}}