{"id":5217,"date":"2022-03-18T14:36:07","date_gmt":"2022-03-18T12:36:07","guid":{"rendered":"https:\/\/hitstergame.wpengine.com\/?page_id=5217"},"modified":"2025-10-21T17:04:22","modified_gmt":"2025-10-21T15:04:22","slug":"download","status":"publish","type":"page","link":"https:\/\/hitstergame.com\/fr-ca\/download\/","title":{"rendered":"Download"},"content":{"rendered":"[vc_row type= &raquo;in_container &raquo; full_screen_row_position= &raquo;middle &raquo; column_margin= &raquo;default &raquo; column_direction= &raquo;default &raquo; column_direction_tablet= &raquo;default &raquo; column_direction_phone= &raquo;default &raquo; scene_position= &raquo;center &raquo; text_color= &raquo;dark &raquo; text_align= &raquo;center &raquo; row_border_radius= &raquo;none &raquo; row_border_radius_applies= &raquo;bg &raquo; overflow= &raquo;visible &raquo; advanced_gradient_angle= &raquo;0&Prime; overlay_strength= &raquo;0.3&Prime; gradient_direction= &raquo;left_to_right &raquo; shape_divider_position= &raquo;bottom &raquo; bg_image_animation= &raquo;none &raquo; gradient_type= &raquo;default &raquo; shape_type= &raquo; &raquo;][vc_column column_padding= &raquo;no-extra-padding &raquo; column_padding_tablet= &raquo;inherit &raquo; column_padding_phone= &raquo;inherit &raquo; column_padding_position= &raquo;all &raquo; column_element_spacing= &raquo;default &raquo; background_color_opacity= &raquo;1&Prime; background_hover_color_opacity= &raquo;1&Prime; column_shadow= &raquo;none &raquo; column_border_radius= &raquo;none &raquo; column_link_target= &raquo;_self &raquo; column_position= &raquo;default &raquo; advanced_gradient_angle= &raquo;0&Prime; gradient_direction= &raquo;left_to_right &raquo; overlay_strength= &raquo;0.3&Prime; width= &raquo;1\/1&Prime; tablet_width_inherit= &raquo;default &raquo; tablet_text_alignment= &raquo;default &raquo; phone_text_alignment= &raquo;default &raquo; animation_type= &raquo;default &raquo; enable_animation= &raquo;true &raquo; animation= &raquo;grow-in &raquo; bg_image_animation= &raquo;none &raquo; border_type= &raquo;simple &raquo; column_border_width= &raquo;none &raquo; column_border_style= &raquo;solid &raquo; gradient_type= &raquo;default &raquo; delay= &raquo;300&Prime;][nectar_highlighted_text color_type= &raquo;regular &raquo; text_color= &raquo;#ffc850&Prime; style= &raquo;full_text &raquo; highlight_expansion= &raquo;default &raquo;]\n<h1>MONTEZ LE SON!<\/h1>\n[\/nectar_highlighted_text][\/vc_column][\/vc_row][vc_row type= &raquo;in_container &raquo; full_screen_row_position= &raquo;middle &raquo; column_margin= &raquo;default &raquo; column_direction= &raquo;default &raquo; column_direction_tablet= &raquo;default &raquo; column_direction_phone= &raquo;default &raquo; scene_position= &raquo;center &raquo; text_color= &raquo;dark &raquo; text_align= &raquo;center &raquo; row_border_radius= &raquo;none &raquo; row_border_radius_applies= &raquo;bg &raquo; overflow= &raquo;visible &raquo; advanced_gradient_angle= &raquo;0&Prime; overlay_strength= &raquo;0.3&Prime; gradient_direction= &raquo;left_to_right &raquo; shape_divider_position= &raquo;bottom &raquo; bg_image_animation= &raquo;none &raquo; gradient_type= &raquo;default &raquo; shape_type= &raquo; &raquo;][vc_column column_padding= &raquo;no-extra-padding &raquo; column_padding_tablet= &raquo;inherit &raquo; column_padding_phone= &raquo;inherit &raquo; column_padding_position= &raquo;all &raquo; column_element_spacing= &raquo;default &raquo; centered_text= &raquo;true &raquo; background_color_opacity= &raquo;1&Prime; background_hover_color_opacity= &raquo;1&Prime; column_shadow= &raquo;none &raquo; column_border_radius= &raquo;none &raquo; column_link_target= &raquo;_self &raquo; column_position= &raquo;default &raquo; advanced_gradient_angle= &raquo;0&Prime; gradient_direction= &raquo;left_to_right &raquo; overlay_strength= &raquo;0.3&Prime; width= &raquo;1\/1&Prime; tablet_width_inherit= &raquo;default &raquo; tablet_text_alignment= &raquo;default &raquo; phone_text_alignment= &raquo;default &raquo; animation_type= &raquo;default &raquo; enable_animation= &raquo;true &raquo; animation= &raquo;grow-in &raquo; bg_image_animation= &raquo;none &raquo; border_type= &raquo;simple &raquo; column_border_width= &raquo;none &raquo; column_border_style= &raquo;solid &raquo; gradient_type= &raquo;default &raquo; delay= &raquo;300&Prime;][vc_row_inner column_margin= &raquo;default &raquo; column_direction= &raquo;default &raquo; column_direction_tablet= &raquo;default &raquo; column_direction_phone= &raquo;default &raquo; text_align= &raquo;left &raquo; row_position= &raquo;default &raquo; row_position_tablet= &raquo;inherit &raquo; row_position_phone= &raquo;inherit &raquo; overflow= &raquo;visible &raquo; pointer_events= &raquo;all &raquo;][vc_column_inner column_padding= &raquo;no-extra-padding &raquo; column_padding_tablet= &raquo;inherit &raquo; column_padding_phone= &raquo;inherit &raquo; column_padding_position= &raquo;all &raquo; column_element_spacing= &raquo;default &raquo; centered_text= &raquo;true &raquo; background_color_opacity= &raquo;1&Prime; background_hover_color_opacity= &raquo;1&Prime; column_shadow= &raquo;none &raquo; column_border_radius= &raquo;none &raquo; column_link_target= &raquo;_self &raquo; advanced_gradient_angle= &raquo;0&Prime; gradient_direction= &raquo;left_to_right &raquo; overlay_strength= &raquo;0.3&Prime; width= &raquo;1\/1&Prime; tablet_width_inherit= &raquo;default &raquo; animation_type= &raquo;default &raquo; bg_image_animation= &raquo;none &raquo; border_type= &raquo;simple &raquo; column_border_width= &raquo;none &raquo; column_border_style= &raquo;solid &raquo; gradient_type= &raquo;default &raquo;][nectar_highlighted_text color_type= &raquo;regular &raquo; text_color= &raquo;#ffffff &raquo; style= &raquo;full_text &raquo; highlight_expansion= &raquo;default &raquo;]\n<h3 style=\"text-align: center;\">T\u00e9l\u00e9chargez l\u2019application HITSTER gratuitement!<\/h3>\n<p style=\"text-align: center;\">Avez-vous d\u00e9j\u00e0 l&rsquo;application Hitster et \u00eates-vous pr\u00eat \u00e0 jouer ?<br \/>\n<strong>Trouvez les r\u00e8gles du jeu ici :<\/strong><\/p>\n[\/nectar_highlighted_text][nectar_btn size= &raquo;large &raquo; button_style= &raquo;see-through &raquo; button_color_2= &raquo;Accent-Color &raquo; color_override= &raquo;#ffffff &raquo; icon_family= &raquo;none &raquo; text= &raquo;R\u00e8gles Hitster Original &raquo; margin_left= &raquo;5px &raquo; margin_right= &raquo;5px &raquo; url= &raquo;https:\/\/hitstergame.com\/fr-ca\/comment-jouer-v3\/ &raquo;][nectar_btn size= &raquo;large &raquo; button_style= &raquo;see-through &raquo; button_color_2= &raquo;Accent-Color &raquo; color_override= &raquo;#ffffff &raquo; icon_family= &raquo;none &raquo; text= &raquo;R\u00e8gles Hitster Bingo &raquo; margin_left= &raquo;5px &raquo; margin_right= &raquo;5px &raquo; url= &raquo;https:\/\/hitstergame.com\/fr-ca\/comment-jouer-bingo\/ &raquo; margin_bottom= &raquo;-10px &raquo;][\/vc_column_inner][\/vc_row_inner][vc_row_inner column_margin= &raquo;default &raquo; column_direction= &raquo;default &raquo; column_direction_tablet= &raquo;default &raquo; column_direction_phone= &raquo;default &raquo; text_align= &raquo;left &raquo; row_position= &raquo;default &raquo; row_position_tablet= &raquo;inherit &raquo; row_position_phone= &raquo;inherit &raquo; overflow= &raquo;visible &raquo; pointer_events= &raquo;all &raquo;][vc_column_inner column_padding= &raquo;no-extra-padding &raquo; column_padding_tablet= &raquo;inherit &raquo; column_padding_phone= &raquo;inherit &raquo; column_padding_position= &raquo;all &raquo; column_element_spacing= &raquo;default &raquo; background_color_opacity= &raquo;1&Prime; background_hover_color_opacity= &raquo;1&Prime; column_shadow= &raquo;none &raquo; column_border_radius= &raquo;none &raquo; column_link_target= &raquo;_self &raquo; gradient_direction= &raquo;left_to_right &raquo; overlay_strength= &raquo;0.3&Prime; width= &raquo;1\/6&Prime; tablet_width_inherit= &raquo;default &raquo; animation_type= &raquo;default &raquo; bg_image_animation= &raquo;none &raquo; border_type= &raquo;simple &raquo; column_border_width= &raquo;none &raquo; column_border_style= &raquo;solid &raquo;][\/vc_column_inner][vc_column_inner column_padding= &raquo;no-extra-padding &raquo; column_padding_tablet= &raquo;inherit &raquo; column_padding_phone= &raquo;inherit &raquo; column_padding_position= &raquo;all &raquo; column_element_spacing= &raquo;default &raquo; background_color_opacity= &raquo;1&Prime; background_hover_color_opacity= &raquo;1&Prime; column_shadow= &raquo;none &raquo; column_border_radius= &raquo;none &raquo; column_link_target= &raquo;_self &raquo; gradient_direction= &raquo;left_to_right &raquo; overlay_strength= &raquo;0.3&Prime; width= &raquo;2\/3&Prime; tablet_width_inherit= &raquo;default &raquo; animation_type= &raquo;default &raquo; bg_image_animation= &raquo;none &raquo; border_type= &raquo;simple &raquo; column_border_width= &raquo;none &raquo; column_border_style= &raquo;solid &raquo;][nectar_highlighted_text color_type= &raquo;regular &raquo; text_color= &raquo;#ffffff &raquo; style= &raquo;full_text &raquo; highlight_expansion= &raquo;default &raquo;]Avec votre t\u00e9l\u00e9phone, vous pouvez t\u00e9l\u00e9charger l\u2019application HITSTER depuis <a href=\"https:\/\/apps.apple.com\/ca\/app\/hitster\/id1621483628\">l\u2019App Store<\/a> ou <a href=\"https:\/\/play.google.com\/store\/apps\/details?id=nl.jumbo.hitster&amp;gl=CA\">Google Play<\/a> en cliquant sur les ic\u00f4nes ci-dessous.<\/p>\n<p>Si votre pays figure <a href=\"https:\/\/hitstergame.com\/\">ici<\/a>, assurez-vous que vous \u00eates connect\u00e9 au store qui correspond \u00e0 votre pays sur votre t\u00e9l\u00e9phone portable.<\/p>\n<p>\u00c0 l\u2019ouverture de l\u2019application, suivez les instructions qui s\u2019affichent \u00e0 l\u2019\u00e9cran pour vous connecter \u00e0 l\u2019application Spotify. (Contactez <a href=\"https:\/\/support.spotify.com\/ca-fr\/\">l\u2019assistance Spotify<\/a> si vous ne pouvez pas acc\u00e9der \u00e0 votre compte Spotify).[\/nectar_highlighted_text][\/vc_column_inner][vc_column_inner column_padding= &raquo;no-extra-padding &raquo; column_padding_tablet= &raquo;inherit &raquo; column_padding_phone= &raquo;inherit &raquo; column_padding_position= &raquo;all &raquo; column_element_spacing= &raquo;default &raquo; background_color_opacity= &raquo;1&Prime; background_hover_color_opacity= &raquo;1&Prime; column_shadow= &raquo;none &raquo; column_border_radius= &raquo;none &raquo; column_link_target= &raquo;_self &raquo; gradient_direction= &raquo;left_to_right &raquo; overlay_strength= &raquo;0.3&Prime; width= &raquo;1\/6&Prime; tablet_width_inherit= &raquo;default &raquo; animation_type= &raquo;default &raquo; bg_image_animation= &raquo;none &raquo; border_type= &raquo;simple &raquo; column_border_width= &raquo;none &raquo; column_border_style= &raquo;solid &raquo;][\/vc_column_inner][\/vc_row_inner][vc_row_inner column_margin= &raquo;default &raquo; column_direction= &raquo;default &raquo; column_direction_tablet= &raquo;default &raquo; column_direction_phone= &raquo;default &raquo; text_align= &raquo;left &raquo; row_position= &raquo;default &raquo; row_position_tablet= &raquo;inherit &raquo; row_position_phone= &raquo;inherit &raquo; overflow= &raquo;visible &raquo; pointer_events= &raquo;all &raquo;][vc_column_inner column_padding= &raquo;padding-5-percent &raquo; column_padding_tablet= &raquo;inherit &raquo; column_padding_phone= &raquo;inherit &raquo; column_padding_position= &raquo;all &raquo; column_element_spacing= &raquo;default &raquo; background_color_opacity= &raquo;1&Prime; background_hover_color_opacity= &raquo;1&Prime; column_shadow= &raquo;none &raquo; column_border_radius= &raquo;none &raquo; column_link_target= &raquo;_self &raquo; advanced_gradient_angle= &raquo;0&Prime; gradient_direction= &raquo;left_to_right &raquo; overlay_strength= &raquo;0.3&Prime; width= &raquo;1\/2&Prime; tablet_width_inherit= &raquo;default &raquo; animation_type= &raquo;default &raquo; bg_image_animation= &raquo;none &raquo; border_type= &raquo;simple &raquo; column_border_width= &raquo;none &raquo; column_border_style= &raquo;solid &raquo; gradient_type= &raquo;default &raquo;][image_with_animation image_url= &raquo;197&Prime; image_size= &raquo;full &raquo; animation_type= &raquo;entrance &raquo; animation= &raquo;Fade In &raquo; hover_animation= &raquo;none &raquo; alignment= &raquo; &raquo; img_link_target= &raquo;_blank &raquo; border_radius= &raquo;none &raquo; box_shadow= &raquo;none &raquo; image_loading= &raquo;default &raquo; max_width= &raquo;100% &raquo; max_width_mobile= &raquo;default &raquo; img_link= &raquo;https:\/\/apps.apple.com\/ca\/app\/hitster\/id1621483628&Prime;][\/vc_column_inner][vc_column_inner column_padding= &raquo;padding-5-percent &raquo; column_padding_tablet= &raquo;inherit &raquo; column_padding_phone= &raquo;inherit &raquo; column_padding_position= &raquo;all &raquo; column_element_spacing= &raquo;default &raquo; background_color_opacity= &raquo;1&Prime; background_hover_color_opacity= &raquo;1&Prime; column_shadow= &raquo;none &raquo; column_border_radius= &raquo;none &raquo; column_link_target= &raquo;_self &raquo; advanced_gradient_angle= &raquo;0&Prime; gradient_direction= &raquo;left_to_right &raquo; overlay_strength= &raquo;0.3&Prime; width= &raquo;1\/2&Prime; tablet_width_inherit= &raquo;default &raquo; animation_type= &raquo;default &raquo; bg_image_animation= &raquo;none &raquo; border_type= &raquo;simple &raquo; column_border_width= &raquo;none &raquo; column_border_style= &raquo;solid &raquo; gradient_type= &raquo;default &raquo;][image_with_animation image_url= &raquo;196&Prime; image_size= &raquo;full &raquo; animation_type= &raquo;entrance &raquo; animation= &raquo;Fade In &raquo; hover_animation= &raquo;none &raquo; alignment= &raquo; &raquo; img_link_target= &raquo;_blank &raquo; border_radius= &raquo;none &raquo; box_shadow= &raquo;none &raquo; image_loading= &raquo;default &raquo; max_width= &raquo;100% &raquo; max_width_mobile= &raquo;default &raquo; img_link= &raquo;https:\/\/play.google.com\/store\/apps\/details?id=nl.jumbo.hitster&amp;gl=CA &raquo;][\/vc_column_inner][\/vc_row_inner][\/vc_column][\/vc_row]\n","protected":false},"excerpt":{"rendered":"<p>[vc_row type= &raquo;in_container &raquo; full_screen_row_position= &raquo;middle &raquo; column_margin= &raquo;default &raquo; column_direction= &raquo;default &raquo; column_direction_tablet= &raquo;default &raquo; column_direction_phone= &raquo;default &raquo; scene_position= &raquo;center &raquo; text_color= &raquo;dark &raquo; text_align= &raquo;center &raquo; row_border_radius= &raquo;none&#8230;<\/p>\n","protected":false},"author":5,"featured_media":0,"parent":0,"menu_order":0,"comment_status":"closed","ping_status":"closed","template":"","meta":{"inline_featured_image":false,"footnotes":""},"class_list":["post-5217","page","type-page","status-publish"],"yoast_head":"<!-- This site is optimized with the Yoast SEO plugin v27.4 - https:\/\/yoast.com\/product\/yoast-seo-wordpress\/ -->\n<title>Download - Hitster<\/title>\n<meta name=\"robots\" content=\"index, follow, max-snippet:-1, max-image-preview:large, max-video-preview:-1\" \/>\n<link rel=\"canonical\" href=\"https:\/\/hitstergame.com\/fr-ca\/download\/\" \/>\n<meta property=\"og:locale\" content=\"fr_CA\" \/>\n<meta property=\"og:type\" content=\"article\" \/>\n<meta property=\"og:title\" content=\"Download - Hitster\" \/>\n<meta property=\"og:description\" content=\"[vc_row type= &raquo;in_container &raquo; full_screen_row_position= &raquo;middle &raquo; column_margin= &raquo;default &raquo; column_direction= &raquo;default &raquo; column_direction_tablet= &raquo;default &raquo; column_direction_phone= &raquo;default &raquo; scene_position= &raquo;center &raquo; text_color= &raquo;dark &raquo; text_align= &raquo;center &raquo; row_border_radius= &raquo;none...\" \/>\n<meta property=\"og:url\" content=\"https:\/\/hitstergame.com\/fr-ca\/download\/\" \/>\n<meta property=\"og:site_name\" content=\"Hitster\" \/>\n<meta property=\"article:modified_time\" content=\"2025-10-21T15:04:22+00:00\" \/>\n<meta name=\"twitter:card\" content=\"summary_large_image\" \/>\n<meta name=\"twitter:label1\" content=\"Estimation du temps de lecture\" \/>\n\t<meta name=\"twitter:data1\" content=\"3 minutes\" \/>\n<script type=\"application\/ld+json\" class=\"yoast-schema-graph\">{\"@context\":\"https:\\\/\\\/schema.org\",\"@graph\":[{\"@type\":\"WebPage\",\"@id\":\"https:\\\/\\\/hitstergame.com\\\/fr-ca\\\/download\\\/\",\"url\":\"https:\\\/\\\/hitstergame.com\\\/fr-ca\\\/download\\\/\",\"name\":\"Download - Hitster\",\"isPartOf\":{\"@id\":\"https:\\\/\\\/hitstergame.com\\\/fr-ca\\\/#website\"},\"datePublished\":\"2022-03-18T12:36:07+00:00\",\"dateModified\":\"2025-10-21T15:04:22+00:00\",\"breadcrumb\":{\"@id\":\"https:\\\/\\\/hitstergame.com\\\/fr-ca\\\/download\\\/#breadcrumb\"},\"inLanguage\":\"fr-CA\",\"potentialAction\":[{\"@type\":\"ReadAction\",\"target\":[\"https:\\\/\\\/hitstergame.com\\\/fr-ca\\\/download\\\/\"]}]},{\"@type\":\"BreadcrumbList\",\"@id\":\"https:\\\/\\\/hitstergame.com\\\/fr-ca\\\/download\\\/#breadcrumb\",\"itemListElement\":[{\"@type\":\"ListItem\",\"position\":1,\"name\":\"Home\",\"item\":\"https:\\\/\\\/hitstergame.com\\\/fr-ca\\\/\"},{\"@type\":\"ListItem\",\"position\":2,\"name\":\"Download\"}]},{\"@type\":\"WebSite\",\"@id\":\"https:\\\/\\\/hitstergame.com\\\/fr-ca\\\/#website\",\"url\":\"https:\\\/\\\/hitstergame.com\\\/fr-ca\\\/\",\"name\":\"Hitster\",\"description\":\"\",\"publisher\":{\"@id\":\"https:\\\/\\\/hitstergame.com\\\/fr-ca\\\/#organization\"},\"potentialAction\":[{\"@type\":\"SearchAction\",\"target\":{\"@type\":\"EntryPoint\",\"urlTemplate\":\"https:\\\/\\\/hitstergame.com\\\/fr-ca\\\/?s={search_term_string}\"},\"query-input\":{\"@type\":\"PropertyValueSpecification\",\"valueRequired\":true,\"valueName\":\"search_term_string\"}}],\"inLanguage\":\"fr-CA\"},{\"@type\":\"Organization\",\"@id\":\"https:\\\/\\\/hitstergame.com\\\/fr-ca\\\/#organization\",\"name\":\"Hitstergame.com\",\"url\":\"https:\\\/\\\/hitstergame.com\\\/fr-ca\\\/\",\"logo\":{\"@type\":\"ImageObject\",\"inLanguage\":\"fr-CA\",\"@id\":\"https:\\\/\\\/hitstergame.com\\\/fr-ca\\\/#\\\/schema\\\/logo\\\/image\\\/\",\"url\":\"https:\\\/\\\/hitstergame.com\\\/wp-content\\\/uploads\\\/2022\\\/06\\\/hitster-logo-small.png\",\"contentUrl\":\"https:\\\/\\\/hitstergame.com\\\/wp-content\\\/uploads\\\/2022\\\/06\\\/hitster-logo-small.png\",\"width\":250,\"height\":71,\"caption\":\"Hitstergame.com\"},\"image\":{\"@id\":\"https:\\\/\\\/hitstergame.com\\\/fr-ca\\\/#\\\/schema\\\/logo\\\/image\\\/\"}}]}<\/script>\n<!-- \/ Yoast SEO plugin. -->","yoast_head_json":{"title":"Download - Hitster","robots":{"index":"index","follow":"follow","max-snippet":"max-snippet:-1","max-image-preview":"max-image-preview:large","max-video-preview":"max-video-preview:-1"},"canonical":"https:\/\/hitstergame.com\/fr-ca\/download\/","og_locale":"fr_CA","og_type":"article","og_title":"Download - Hitster","og_description":"[vc_row type= &raquo;in_container &raquo; full_screen_row_position= &raquo;middle &raquo; column_margin= &raquo;default &raquo; column_direction= &raquo;default &raquo; column_direction_tablet= &raquo;default &raquo; column_direction_phone= &raquo;default &raquo; scene_position= &raquo;center &raquo; text_color= &raquo;dark &raquo; text_align= &raquo;center &raquo; row_border_radius= &raquo;none...","og_url":"https:\/\/hitstergame.com\/fr-ca\/download\/","og_site_name":"Hitster","article_modified_time":"2025-10-21T15:04:22+00:00","twitter_card":"summary_large_image","twitter_misc":{"Estimation du temps de lecture":"3 minutes"},"schema":{"@context":"https:\/\/schema.org","@graph":[{"@type":"WebPage","@id":"https:\/\/hitstergame.com\/fr-ca\/download\/","url":"https:\/\/hitstergame.com\/fr-ca\/download\/","name":"Download - Hitster","isPartOf":{"@id":"https:\/\/hitstergame.com\/fr-ca\/#website"},"datePublished":"2022-03-18T12:36:07+00:00","dateModified":"2025-10-21T15:04:22+00:00","breadcrumb":{"@id":"https:\/\/hitstergame.com\/fr-ca\/download\/#breadcrumb"},"inLanguage":"fr-CA","potentialAction":[{"@type":"ReadAction","target":["https:\/\/hitstergame.com\/fr-ca\/download\/"]}]},{"@type":"BreadcrumbList","@id":"https:\/\/hitstergame.com\/fr-ca\/download\/#breadcrumb","itemListElement":[{"@type":"ListItem","position":1,"name":"Home","item":"https:\/\/hitstergame.com\/fr-ca\/"},{"@type":"ListItem","position":2,"name":"Download"}]},{"@type":"WebSite","@id":"https:\/\/hitstergame.com\/fr-ca\/#website","url":"https:\/\/hitstergame.com\/fr-ca\/","name":"Hitster","description":"","publisher":{"@id":"https:\/\/hitstergame.com\/fr-ca\/#organization"},"potentialAction":[{"@type":"SearchAction","target":{"@type":"EntryPoint","urlTemplate":"https:\/\/hitstergame.com\/fr-ca\/?s={search_term_string}"},"query-input":{"@type":"PropertyValueSpecification","valueRequired":true,"valueName":"search_term_string"}}],"inLanguage":"fr-CA"},{"@type":"Organization","@id":"https:\/\/hitstergame.com\/fr-ca\/#organization","name":"Hitstergame.com","url":"https:\/\/hitstergame.com\/fr-ca\/","logo":{"@type":"ImageObject","inLanguage":"fr-CA","@id":"https:\/\/hitstergame.com\/fr-ca\/#\/schema\/logo\/image\/","url":"https:\/\/hitstergame.com\/wp-content\/uploads\/2022\/06\/hitster-logo-small.png","contentUrl":"https:\/\/hitstergame.com\/wp-content\/uploads\/2022\/06\/hitster-logo-small.png","width":250,"height":71,"caption":"Hitstergame.com"},"image":{"@id":"https:\/\/hitstergame.com\/fr-ca\/#\/schema\/logo\/image\/"}}]}},"featured_image_src":null,"featured_image_src_square":null,"_links":{"self":[{"href":"https:\/\/hitstergame.com\/fr-ca\/wp-json\/wp\/v2\/pages\/5217","targetHints":{"allow":["GET"]}}],"collection":[{"href":"https:\/\/hitstergame.com\/fr-ca\/wp-json\/wp\/v2\/pages"}],"about":[{"href":"https:\/\/hitstergame.com\/fr-ca\/wp-json\/wp\/v2\/types\/page"}],"author":[{"embeddable":true,"href":"https:\/\/hitstergame.com\/fr-ca\/wp-json\/wp\/v2\/users\/5"}],"replies":[{"embeddable":true,"href":"https:\/\/hitstergame.com\/fr-ca\/wp-json\/wp\/v2\/comments?post=5217"}],"version-history":[{"count":0,"href":"https:\/\/hitstergame.com\/fr-ca\/wp-json\/wp\/v2\/pages\/5217\/revisions"}],"wp:attachment":[{"href":"https:\/\/hitstergame.com\/fr-ca\/wp-json\/wp\/v2\/media?parent=5217"}],"curies":[{"name":"wp","href":"https:\/\/api.w.org\/{rel}","templated":true}]}}