{"id":9699,"date":"2024-02-16T22:37:24","date_gmt":"2024-02-16T20:37:24","guid":{"rendered":"https:\/\/hitstergame.com\/ios-issue-notice\/"},"modified":"2025-11-03T11:19:33","modified_gmt":"2025-11-03T09:19:33","slug":"ios-issue-notice","status":"publish","type":"page","link":"https:\/\/hitstergame.com\/fr-be\/ios-issue-notice\/","title":{"rendered":"iOS issue notice"},"content":{"rendered":"[vc_row type=\u00a0\u00bbin_container\u00a0\u00bb full_screen_row_position=\u00a0\u00bbmiddle\u00a0\u00bb column_margin=\u00a0\u00bbdefault\u00a0\u00bb column_direction=\u00a0\u00bbdefault\u00a0\u00bb column_direction_tablet=\u00a0\u00bbdefault\u00a0\u00bb column_direction_phone=\u00a0\u00bbdefault\u00a0\u00bb scene_position=\u00a0\u00bbcenter\u00a0\u00bb text_color=\u00a0\u00bbdark\u00a0\u00bb text_align=\u00a0\u00bbleft\u00a0\u00bb row_border_radius=\u00a0\u00bbnone\u00a0\u00bb row_border_radius_applies=\u00a0\u00bbbg\u00a0\u00bb overflow=\u00a0\u00bbvisible\u00a0\u00bb overlay_strength=\u00a0\u00bb0.3&Prime; gradient_direction=\u00a0\u00bbleft_to_right\u00a0\u00bb shape_divider_position=\u00a0\u00bbbottom\u00a0\u00bb bg_image_animation=\u00a0\u00bbnone\u00a0\u00bb][vc_column column_padding=\u00a0\u00bbno-extra-padding\u00a0\u00bb column_padding_tablet=\u00a0\u00bbinherit\u00a0\u00bb column_padding_phone=\u00a0\u00bbinherit\u00a0\u00bb column_padding_position=\u00a0\u00bball\u00a0\u00bb column_element_spacing=\u00a0\u00bbdefault\u00a0\u00bb background_color_opacity=\u00a0\u00bb1&Prime; background_hover_color_opacity=\u00a0\u00bb1&Prime; column_shadow=\u00a0\u00bbnone\u00a0\u00bb column_border_radius=\u00a0\u00bbnone\u00a0\u00bb column_link_target=\u00a0\u00bb_self\u00a0\u00bb column_position=\u00a0\u00bbdefault\u00a0\u00bb gradient_direction=\u00a0\u00bbleft_to_right\u00a0\u00bb overlay_strength=\u00a0\u00bb0.3&Prime; width=\u00a0\u00bb1\/1&Prime; tablet_width_inherit=\u00a0\u00bbdefault\u00a0\u00bb tablet_text_alignment=\u00a0\u00bbdefault\u00a0\u00bb phone_text_alignment=\u00a0\u00bbdefault\u00a0\u00bb animation_type=\u00a0\u00bbdefault\u00a0\u00bb bg_image_animation=\u00a0\u00bbnone\u00a0\u00bb border_type=\u00a0\u00bbsimple\u00a0\u00bb column_border_width=\u00a0\u00bbnone\u00a0\u00bb column_border_style=\u00a0\u00bbsolid\u00a0\u00bb][vc_column_text]\n<h1>Avis important :<\/h1>\n<p>Certains utilisateurs iOS et Android disposant d\u2019un compte <strong>Spotify Free<\/strong> peuvent actuellement rencontrer des probl\u00e8mes de lecture lors de l\u2019utilisation de notre application. Dans certains cas, les morceaux ne se lancent pas imm\u00e9diatement ou un \u00e9cran blanc peut appara\u00eetre bri\u00e8vement avant le d\u00e9marrage de la musique. Ce probl\u00e8me semble \u00eatre li\u00e9 \u00e0 une mise \u00e0 jour r\u00e9cente de Spotify, qui affecte plusieurs applications et utilisateurs d\u00e9pendant de leur service.<\/p>\n<h2>Solution temporaire :<\/h2>\n<p>Les utilisateurs disposant d\u2019un compte <strong>Spotify Premium<\/strong> ne devraient pas rencontrer ce probl\u00e8me lors de la lecture de <strong>morceaux complets<\/strong>. Nous tenons \u00e0 vous assurer que nous suivons la situation de pr\u00e8s et faisons tout notre possible pour contribuer \u00e0 sa r\u00e9solution. Nous vous remercions sinc\u00e8rement de votre compr\u00e9hension et de votre patience pendant cette p\u00e9riode.<\/p>\n<p>Pour toute question ou pour signaler d\u2019autres probl\u00e8mes, n\u2019h\u00e9sitez pas \u00e0 contacter notre \u00e9quipe d\u2019assistance.[\/vc_column_text][\/vc_column][\/vc_row]\n","protected":false},"excerpt":{"rendered":"<p>[vc_row type=\u00a0\u00bbin_container\u00a0\u00bb full_screen_row_position=\u00a0\u00bbmiddle\u00a0\u00bb column_margin=\u00a0\u00bbdefault\u00a0\u00bb column_direction=\u00a0\u00bbdefault\u00a0\u00bb column_direction_tablet=\u00a0\u00bbdefault\u00a0\u00bb column_direction_phone=\u00a0\u00bbdefault\u00a0\u00bb scene_position=\u00a0\u00bbcenter\u00a0\u00bb text_color=\u00a0\u00bbdark\u00a0\u00bb text_align=\u00a0\u00bbleft\u00a0\u00bb row_border_radius=\u00a0\u00bbnone\u00a0\u00bb row_border_radius_applies=\u00a0\u00bbbg\u00a0\u00bb overflow=\u00a0\u00bbvisible\u00a0\u00bb overlay_strength=\u00a0\u00bb0.3&Prime; gradient_direction=\u00a0\u00bbleft_to_right\u00a0\u00bb shape_divider_position=\u00a0\u00bbbottom\u00a0\u00bb bg_image_animation=\u00a0\u00bbnone\u00a0\u00bb][vc_column column_padding=\u00a0\u00bbno-extra-padding\u00a0\u00bb column_padding_tablet=\u00a0\u00bbinherit\u00a0\u00bb column_padding_phone=\u00a0\u00bbinherit\u00a0\u00bb column_padding_position=\u00a0\u00bball\u00a0\u00bb column_element_spacing=\u00a0\u00bbdefault\u00a0\u00bb background_color_opacity=\u00a0\u00bb1&Prime; background_hover_color_opacity=\u00a0\u00bb1&Prime; column_shadow=\u00a0\u00bbnone\u00a0\u00bb column_border_radius=\u00a0\u00bbnone\u00a0\u00bb column_link_target=\u00a0\u00bb_self\u00a0\u00bb column_position=\u00a0\u00bbdefault\u00a0\u00bb gradient_direction=\u00a0\u00bbleft_to_right\u00a0\u00bb overlay_strength=\u00a0\u00bb0.3&Prime;&#8230;<\/p>\n","protected":false},"author":7,"featured_media":0,"parent":0,"menu_order":0,"comment_status":"closed","ping_status":"closed","template":"","meta":{"inline_featured_image":false,"footnotes":""},"class_list":["post-9699","page","type-page","status-publish"],"yoast_head":"<!-- This site is optimized with the Yoast SEO plugin v27.3 - https:\/\/yoast.com\/product\/yoast-seo-wordpress\/ -->\n<title>iOS issue notice - Hitster<\/title>\n<meta name=\"robots\" content=\"noindex, follow\" \/>\n<meta property=\"og:locale\" content=\"fr_FR\" \/>\n<meta property=\"og:type\" content=\"article\" \/>\n<meta property=\"og:title\" content=\"iOS issue notice - Hitster\" \/>\n<meta property=\"og:description\" content=\"[vc_row type=\u00a0\u00bbin_container\u00a0\u00bb full_screen_row_position=\u00a0\u00bbmiddle\u00a0\u00bb column_margin=\u00a0\u00bbdefault\u00a0\u00bb column_direction=\u00a0\u00bbdefault\u00a0\u00bb column_direction_tablet=\u00a0\u00bbdefault\u00a0\u00bb column_direction_phone=\u00a0\u00bbdefault\u00a0\u00bb scene_position=\u00a0\u00bbcenter\u00a0\u00bb text_color=\u00a0\u00bbdark\u00a0\u00bb text_align=\u00a0\u00bbleft\u00a0\u00bb row_border_radius=\u00a0\u00bbnone\u00a0\u00bb row_border_radius_applies=\u00a0\u00bbbg\u00a0\u00bb overflow=\u00a0\u00bbvisible\u00a0\u00bb overlay_strength=\u00a0\u00bb0.3&Prime; gradient_direction=\u00a0\u00bbleft_to_right\u00a0\u00bb shape_divider_position=\u00a0\u00bbbottom\u00a0\u00bb bg_image_animation=\u00a0\u00bbnone\u00a0\u00bb][vc_column column_padding=\u00a0\u00bbno-extra-padding\u00a0\u00bb column_padding_tablet=\u00a0\u00bbinherit\u00a0\u00bb column_padding_phone=\u00a0\u00bbinherit\u00a0\u00bb column_padding_position=\u00a0\u00bball\u00a0\u00bb column_element_spacing=\u00a0\u00bbdefault\u00a0\u00bb background_color_opacity=\u00a0\u00bb1&Prime; background_hover_color_opacity=\u00a0\u00bb1&Prime; column_shadow=\u00a0\u00bbnone\u00a0\u00bb column_border_radius=\u00a0\u00bbnone\u00a0\u00bb column_link_target=\u00a0\u00bb_self\u00a0\u00bb column_position=\u00a0\u00bbdefault\u00a0\u00bb gradient_direction=\u00a0\u00bbleft_to_right\u00a0\u00bb overlay_strength=\u00a0\u00bb0.3&Prime;...\" \/>\n<meta property=\"og:url\" content=\"https:\/\/hitstergame.com\/fr-be\/ios-issue-notice\/\" \/>\n<meta property=\"og:site_name\" content=\"Hitster\" \/>\n<meta property=\"article:modified_time\" content=\"2025-11-03T09:19:33+00:00\" \/>\n<meta name=\"twitter:card\" content=\"summary_large_image\" \/>\n<meta name=\"twitter:label1\" content=\"Dur\u00e9e de lecture est.\" \/>\n\t<meta name=\"twitter:data1\" content=\"1 minute\" \/>\n<script type=\"application\/ld+json\" class=\"yoast-schema-graph\">{\"@context\":\"https:\\\/\\\/schema.org\",\"@graph\":[{\"@type\":\"WebPage\",\"@id\":\"https:\\\/\\\/hitstergame.com\\\/fr-be\\\/ios-issue-notice\\\/\",\"url\":\"https:\\\/\\\/hitstergame.com\\\/fr-be\\\/ios-issue-notice\\\/\",\"name\":\"iOS issue notice - Hitster\",\"isPartOf\":{\"@id\":\"https:\\\/\\\/hitstergame.com\\\/fr-be\\\/#website\"},\"datePublished\":\"2024-02-16T20:37:24+00:00\",\"dateModified\":\"2025-11-03T09:19:33+00:00\",\"breadcrumb\":{\"@id\":\"https:\\\/\\\/hitstergame.com\\\/fr-be\\\/ios-issue-notice\\\/#breadcrumb\"},\"inLanguage\":\"fr-BE\",\"potentialAction\":[{\"@type\":\"ReadAction\",\"target\":[\"https:\\\/\\\/hitstergame.com\\\/fr-be\\\/ios-issue-notice\\\/\"]}]},{\"@type\":\"BreadcrumbList\",\"@id\":\"https:\\\/\\\/hitstergame.com\\\/fr-be\\\/ios-issue-notice\\\/#breadcrumb\",\"itemListElement\":[{\"@type\":\"ListItem\",\"position\":1,\"name\":\"Home\",\"item\":\"https:\\\/\\\/hitstergame.com\\\/fr-be\\\/\"},{\"@type\":\"ListItem\",\"position\":2,\"name\":\"iOS issue notice\"}]},{\"@type\":\"WebSite\",\"@id\":\"https:\\\/\\\/hitstergame.com\\\/fr-be\\\/#website\",\"url\":\"https:\\\/\\\/hitstergame.com\\\/fr-be\\\/\",\"name\":\"Hitster\",\"description\":\"\",\"publisher\":{\"@id\":\"https:\\\/\\\/hitstergame.com\\\/fr-be\\\/#organization\"},\"potentialAction\":[{\"@type\":\"SearchAction\",\"target\":{\"@type\":\"EntryPoint\",\"urlTemplate\":\"https:\\\/\\\/hitstergame.com\\\/fr-be\\\/?s={search_term_string}\"},\"query-input\":{\"@type\":\"PropertyValueSpecification\",\"valueRequired\":true,\"valueName\":\"search_term_string\"}}],\"inLanguage\":\"fr-BE\"},{\"@type\":\"Organization\",\"@id\":\"https:\\\/\\\/hitstergame.com\\\/fr-be\\\/#organization\",\"name\":\"Hitstergame.com\",\"url\":\"https:\\\/\\\/hitstergame.com\\\/fr-be\\\/\",\"logo\":{\"@type\":\"ImageObject\",\"inLanguage\":\"fr-BE\",\"@id\":\"https:\\\/\\\/hitstergame.com\\\/fr-be\\\/#\\\/schema\\\/logo\\\/image\\\/\",\"url\":\"https:\\\/\\\/hitstergame.com\\\/wp-content\\\/uploads\\\/2022\\\/06\\\/hitster-logo-small.png\",\"contentUrl\":\"https:\\\/\\\/hitstergame.com\\\/wp-content\\\/uploads\\\/2022\\\/06\\\/hitster-logo-small.png\",\"width\":250,\"height\":71,\"caption\":\"Hitstergame.com\"},\"image\":{\"@id\":\"https:\\\/\\\/hitstergame.com\\\/fr-be\\\/#\\\/schema\\\/logo\\\/image\\\/\"}}]}<\/script>\n<!-- \/ Yoast SEO plugin. -->","yoast_head_json":{"title":"iOS issue notice - Hitster","robots":{"index":"noindex","follow":"follow"},"og_locale":"fr_FR","og_type":"article","og_title":"iOS issue notice - Hitster","og_description":"[vc_row type=\u00a0\u00bbin_container\u00a0\u00bb full_screen_row_position=\u00a0\u00bbmiddle\u00a0\u00bb column_margin=\u00a0\u00bbdefault\u00a0\u00bb column_direction=\u00a0\u00bbdefault\u00a0\u00bb column_direction_tablet=\u00a0\u00bbdefault\u00a0\u00bb column_direction_phone=\u00a0\u00bbdefault\u00a0\u00bb scene_position=\u00a0\u00bbcenter\u00a0\u00bb text_color=\u00a0\u00bbdark\u00a0\u00bb text_align=\u00a0\u00bbleft\u00a0\u00bb row_border_radius=\u00a0\u00bbnone\u00a0\u00bb row_border_radius_applies=\u00a0\u00bbbg\u00a0\u00bb overflow=\u00a0\u00bbvisible\u00a0\u00bb overlay_strength=\u00a0\u00bb0.3&Prime; gradient_direction=\u00a0\u00bbleft_to_right\u00a0\u00bb shape_divider_position=\u00a0\u00bbbottom\u00a0\u00bb bg_image_animation=\u00a0\u00bbnone\u00a0\u00bb][vc_column column_padding=\u00a0\u00bbno-extra-padding\u00a0\u00bb column_padding_tablet=\u00a0\u00bbinherit\u00a0\u00bb column_padding_phone=\u00a0\u00bbinherit\u00a0\u00bb column_padding_position=\u00a0\u00bball\u00a0\u00bb column_element_spacing=\u00a0\u00bbdefault\u00a0\u00bb background_color_opacity=\u00a0\u00bb1&Prime; background_hover_color_opacity=\u00a0\u00bb1&Prime; column_shadow=\u00a0\u00bbnone\u00a0\u00bb column_border_radius=\u00a0\u00bbnone\u00a0\u00bb column_link_target=\u00a0\u00bb_self\u00a0\u00bb column_position=\u00a0\u00bbdefault\u00a0\u00bb gradient_direction=\u00a0\u00bbleft_to_right\u00a0\u00bb overlay_strength=\u00a0\u00bb0.3&Prime;...","og_url":"https:\/\/hitstergame.com\/fr-be\/ios-issue-notice\/","og_site_name":"Hitster","article_modified_time":"2025-11-03T09:19:33+00:00","twitter_card":"summary_large_image","twitter_misc":{"Dur\u00e9e de lecture est.":"1 minute"},"schema":{"@context":"https:\/\/schema.org","@graph":[{"@type":"WebPage","@id":"https:\/\/hitstergame.com\/fr-be\/ios-issue-notice\/","url":"https:\/\/hitstergame.com\/fr-be\/ios-issue-notice\/","name":"iOS issue notice - Hitster","isPartOf":{"@id":"https:\/\/hitstergame.com\/fr-be\/#website"},"datePublished":"2024-02-16T20:37:24+00:00","dateModified":"2025-11-03T09:19:33+00:00","breadcrumb":{"@id":"https:\/\/hitstergame.com\/fr-be\/ios-issue-notice\/#breadcrumb"},"inLanguage":"fr-BE","potentialAction":[{"@type":"ReadAction","target":["https:\/\/hitstergame.com\/fr-be\/ios-issue-notice\/"]}]},{"@type":"BreadcrumbList","@id":"https:\/\/hitstergame.com\/fr-be\/ios-issue-notice\/#breadcrumb","itemListElement":[{"@type":"ListItem","position":1,"name":"Home","item":"https:\/\/hitstergame.com\/fr-be\/"},{"@type":"ListItem","position":2,"name":"iOS issue notice"}]},{"@type":"WebSite","@id":"https:\/\/hitstergame.com\/fr-be\/#website","url":"https:\/\/hitstergame.com\/fr-be\/","name":"Hitster","description":"","publisher":{"@id":"https:\/\/hitstergame.com\/fr-be\/#organization"},"potentialAction":[{"@type":"SearchAction","target":{"@type":"EntryPoint","urlTemplate":"https:\/\/hitstergame.com\/fr-be\/?s={search_term_string}"},"query-input":{"@type":"PropertyValueSpecification","valueRequired":true,"valueName":"search_term_string"}}],"inLanguage":"fr-BE"},{"@type":"Organization","@id":"https:\/\/hitstergame.com\/fr-be\/#organization","name":"Hitstergame.com","url":"https:\/\/hitstergame.com\/fr-be\/","logo":{"@type":"ImageObject","inLanguage":"fr-BE","@id":"https:\/\/hitstergame.com\/fr-be\/#\/schema\/logo\/image\/","url":"https:\/\/hitstergame.com\/wp-content\/uploads\/2022\/06\/hitster-logo-small.png","contentUrl":"https:\/\/hitstergame.com\/wp-content\/uploads\/2022\/06\/hitster-logo-small.png","width":250,"height":71,"caption":"Hitstergame.com"},"image":{"@id":"https:\/\/hitstergame.com\/fr-be\/#\/schema\/logo\/image\/"}}]}},"featured_image_src":null,"featured_image_src_square":null,"_links":{"self":[{"href":"https:\/\/hitstergame.com\/fr-be\/wp-json\/wp\/v2\/pages\/9699","targetHints":{"allow":["GET"]}}],"collection":[{"href":"https:\/\/hitstergame.com\/fr-be\/wp-json\/wp\/v2\/pages"}],"about":[{"href":"https:\/\/hitstergame.com\/fr-be\/wp-json\/wp\/v2\/types\/page"}],"author":[{"embeddable":true,"href":"https:\/\/hitstergame.com\/fr-be\/wp-json\/wp\/v2\/users\/7"}],"replies":[{"embeddable":true,"href":"https:\/\/hitstergame.com\/fr-be\/wp-json\/wp\/v2\/comments?post=9699"}],"version-history":[{"count":0,"href":"https:\/\/hitstergame.com\/fr-be\/wp-json\/wp\/v2\/pages\/9699\/revisions"}],"wp:attachment":[{"href":"https:\/\/hitstergame.com\/fr-be\/wp-json\/wp\/v2\/media?parent=9699"}],"curies":[{"name":"wp","href":"https:\/\/api.w.org\/{rel}","templated":true}]}}