{"id":186503,"date":"2025-11-11T10:56:00","date_gmt":"2025-11-11T08:56:00","guid":{"rendered":"https:\/\/hitstergame.com\/privacidad-app-hitster\/"},"modified":"2025-11-11T10:56:00","modified_gmt":"2025-11-11T08:56:00","slug":"privacidad-app-hitster","status":"publish","type":"page","link":"https:\/\/hitstergame.com\/es-mx\/privacidad-app-hitster\/","title":{"rendered":"Pol\u00edtica de Privacidad &#8211; App Hitster"},"content":{"rendered":"[vc_row type=&#8221;in_container&#8221; full_screen_row_position=&#8221;middle&#8221; column_margin=&#8221;default&#8221; column_direction=&#8221;default&#8221; column_direction_tablet=&#8221;default&#8221; column_direction_phone=&#8221;default&#8221; scene_position=&#8221;center&#8221; text_color=&#8221;dark&#8221; text_align=&#8221;left&#8221; row_border_radius=&#8221;none&#8221; row_border_radius_applies=&#8221;bg&#8221; overflow=&#8221;visible&#8221; overlay_strength=&#8221;0.3&#8243; gradient_direction=&#8221;left_to_right&#8221; shape_divider_position=&#8221;bottom&#8221; bg_image_animation=&#8221;none&#8221;][vc_column column_padding=&#8221;no-extra-padding&#8221; column_padding_tablet=&#8221;inherit&#8221; column_padding_phone=&#8221;inherit&#8221; column_padding_position=&#8221;all&#8221; column_element_spacing=&#8221;default&#8221; background_color_opacity=&#8221;1&#8243; background_hover_color_opacity=&#8221;1&#8243; column_shadow=&#8221;none&#8221; column_border_radius=&#8221;none&#8221; column_link_target=&#8221;_self&#8221; column_position=&#8221;default&#8221; gradient_direction=&#8221;left_to_right&#8221; overlay_strength=&#8221;0.3&#8243; width=&#8221;1\/1&#8243; tablet_width_inherit=&#8221;default&#8221; tablet_text_alignment=&#8221;default&#8221; phone_text_alignment=&#8221;default&#8221; animation_type=&#8221;default&#8221; bg_image_animation=&#8221;none&#8221; border_type=&#8221;simple&#8221; column_border_width=&#8221;none&#8221; column_border_style=&#8221;solid&#8221;][nectar_highlighted_text color_type=&#8221;regular&#8221; style=&#8221;full_text&#8221; highlight_expansion=&#8221;default&#8221;]\n<h1>Pol\u00edtica de Privacidad &#8211; App Hitster<\/h1>\n<h2>1. Introducci\u00f3n<\/h2>\n<p>Respetamos su privacidad y nos comprometemos a garantizar que su informaci\u00f3n personal se gestione de forma segura y responsable. Esta Pol\u00edtica de Privacidad explica qu\u00e9 datos recopila la aplicaci\u00f3n Hitster, c\u00f3mo los utilizamos y cu\u00e1les son sus derechos.<br \/>\nLa aplicaci\u00f3n Hitster est\u00e1 dise\u00f1ada para respetar la privacidad. No recopila ni almacena ning\u00fan dato que lo identifique directamente a usted. Todos los an\u00e1lisis son an\u00f3nimos y se utilizan \u00fanicamente para mejorar la funcionalidad y el rendimiento de la aplicaci\u00f3n.<\/p>\n<h2>2. Qu\u00e9 hace la App<\/h2>\n<p>La aplicaci\u00f3n Hitster permite a los jugadores escanear c\u00f3digos QR en las tarjetas de juego y disfrutar de una experiencia interactiva basada en m\u00fasica.<br \/>\nPara mantener y mejorar la aplicaci\u00f3n, recopilamos informaci\u00f3n t\u00e9cnica limitada sobre c\u00f3mo se utiliza.<br \/>\nEsto incluye datos de eventos como:<\/p>\n<ul>\n<li>el n\u00famero de sesiones iniciadas;<\/li>\n<li>el rendimiento general de la aplicaci\u00f3n (fallos, tiempos de carga);<\/li>\n<li>estad\u00edsticas b\u00e1sicas de instalaci\u00f3n de la aplicaci\u00f3n; y<\/li>\n<li>informaci\u00f3n de depuraci\u00f3n para resolver problemas t\u00e9cnicos.<\/li>\n<\/ul>\n<p>No se recopilan identificadores personales, detalles de cuentas o informaci\u00f3n de contacto.<\/p>\n<h2>3. Datos Recopilados y Prop\u00f3sito del Uso<\/h2>\n<ul>\n<li><strong>Datos funcionales y de uso:<\/strong> Para entender c\u00f3mo se utilizan las funciones y mantener el rendimiento t\u00e9cnico.\n<ul>\n<li>Ejemplo: n.\u00ba de sesiones iniciadas<\/li>\n<li>Base Jur\u00eddica: Inter\u00e9s leg\u00edtimo (Art\u00edculo 6(1)(f) del GDPR)<\/li>\n<\/ul>\n<\/li>\n<li><strong>Datos de fallos y depuraci\u00f3n:<\/strong> Para detectar y corregir errores de la aplicaci\u00f3n.\n<ul>\n<li>Ejemplo: informes de fallos, registros de errores<\/li>\n<li>Base Jur\u00eddica: Inter\u00e9s leg\u00edtimo (Art\u00edculo 6(1)(f) del GDPR)<\/li>\n<\/ul>\n<\/li>\n<li><strong>M\u00e9tricas de instalaci\u00f3n y uso:<\/strong> Para medir las descargas y la estabilidad general de la aplicaci\u00f3n.\n<ul>\n<li>Ejemplo: eventos de instalaci\u00f3n de la aplicaci\u00f3n<\/li>\n<li>Base Jur\u00eddica: Inter\u00e9s leg\u00edtimo (Art\u00edculo 6(1)(f) del GDPR)<\/li>\n<\/ul>\n<\/li>\n<\/ul>\n<p>No recopilamos nombres, datos de contacto, identificadores de publicidad ni datos de ubicaci\u00f3n precisos.<br \/>\nTampoco utilizamos cookies, p\u00edxeles de marketing ni ninguna tecnolog\u00eda que lo rastree a trav\u00e9s de aplicaciones o sitios web.<\/p>\n<h2>4. C\u00f3mo funcionan los An\u00e1lisis<\/h2>\n<p>Utilizamos Google Firebase Analytics para recopilar informaci\u00f3n de uso agregada y an\u00f3nima.<br \/>\nFirebase genera un ID de Instancia de Aplicaci\u00f3n aleatorio cuando usted abre la aplicaci\u00f3n por primera vez.<br \/>\nEste ID nos permite medir la frecuencia con la que se utiliza la aplicaci\u00f3n, pero no lo identifica personalmente.<br \/>\nEl ID se restablece autom\u00e1ticamente cuando se desinstala la aplicaci\u00f3n y las direcciones IP no se registran ni se almacenan.<br \/>\nTodas las funciones de publicidad (incluidos Google Signals e IDs de Publicidad) est\u00e1n desactivadas.<br \/>\nEl procesamiento de datos se lleva a cabo en los servidores europeos de Google bajo el control de Jumbo Group y de conformidad con los <a href=\"https:\/\/firebase.google.com\/terms\/data-processing-terms\" target=\"_blank\" rel=\"noopener\">T\u00e9rminos de Procesamiento de Datos<\/a> de Google.<\/p>\n<h2>5. Base Jur\u00eddica para el Tratamiento<\/h2>\n<p>Debido a que solo recopilamos datos t\u00e9cnicos de uso, nos basamos en el inter\u00e9s leg\u00edtimo seg\u00fan el Art\u00edculo 6(1)(f) del GDPR con el fin de:<\/p>\n<ul>\n<li>mantener la funcionalidad de la aplicaci\u00f3n;<\/li>\n<li>garantizar la seguridad y la depuraci\u00f3n; y<\/li>\n<li>comprender el uso de las funciones para mejorar la experiencia del usuario.<\/li>\n<\/ul>\n<p>No se requiere un aviso de consentimiento seg\u00fan la Directiva ePrivacy, ya que no se utilizan cookies ni identificadores de seguimiento no esenciales.<\/p>\n<h2>6. Conservaci\u00f3n de Datos<\/h2>\n<p>Solo conservamos datos de eventos agregados y anonimizados durante el tiempo que sea necesario para analizar el rendimiento de la aplicaci\u00f3n y mantener la funcionalidad.<br \/>\nLos datos vinculados al ID de Instancia de Aplicaci\u00f3n expiran autom\u00e1ticamente o se vuelven irrecuperables una vez que desinstala la aplicaci\u00f3n.<\/p>\n<h2>7. Destinatarios de los Datos<\/h2>\n<p>El acceso a los datos anal\u00edticos est\u00e1 limitado a:<\/p>\n<ul>\n<li>el equipo de desarrollo de Hitster;<\/li>\n<li>el equipo de aplicaciones de Jumbo Group (para cumplimiento y supervisi\u00f3n); y<\/li>\n<li>The Data Story (proveedor de soporte t\u00e9cnico de an\u00e1lisis).<\/li>\n<\/ul>\n<p>Todas las partes operan bajo acuerdos de confidencialidad y tratamiento de datos en cumplimiento del GDPR.<\/p>\n<h2>8. Transferencias Internacionales de Datos<\/h2>\n<p>Los datos anal\u00edticos se almacenan dentro de la Uni\u00f3n Europea a trav\u00e9s de la regi\u00f3n de datos de la UE de Google Cloud.<br \/>\nCuando los datos puedan transferirse fuera del EEE (por ejemplo, para el soporte t\u00e9cnico de Google), esto se rige por las Cl\u00e1usulas Contractuales Tipo (CCT) aprobadas por la Comisi\u00f3n Europea.<\/p>\n<h2>9. Sus Derechos<\/h2>\n<p>Debido a que los datos procesados a trav\u00e9s de la aplicaci\u00f3n Hitster no lo identifican a usted, sus derechos del GDPR (como acceso, rectificaci\u00f3n o supresi\u00f3n) generalmente no se aplican.<br \/>\nSin embargo, si contacta con nosotros con respecto a asuntos de privacidad, responderemos a su solicitud de forma transparente y le ayudaremos siempre que sea posible.<br \/>\nPuede comunicarse con nosotros en <a href=\"mailto:gdpr@jumboplay.com\">gdpr@jumboplay.com<\/a>. Si cree que no hemos gestionado sus datos adecuadamente, puede comunicarse con su Autoridad de Protecci\u00f3n de Datos local.<\/p>\n<h2>10. Seguridad y Anonimato<\/h2>\n<p>Tomamos las medidas t\u00e9cnicas y organizativas adecuadas para garantizar que todos los datos de eventos sean an\u00f3nimos, agregados y se procesen de forma segura.<\/p>\n<h2>11. Cambios en esta Pol\u00edtica<\/h2>\n<p>Podemos actualizar esta Pol\u00edtica de Privacidad de vez en cuando para reflejar cambios en la tecnolog\u00eda o la regulaci\u00f3n.<br \/>\nLa \u00faltima versi\u00f3n estar\u00e1 siempre disponible dentro de la aplicaci\u00f3n y en nuestro sitio web.<\/p>\n<h2>12. Contacto<\/h2>\n<p>Para cualquier pregunta sobre esta Pol\u00edtica de Privacidad o nuestras pr\u00e1cticas de datos, p\u00f3ngase en contacto con: <a href=\"mailto:gdpr@jumboplay.com\">gdpr@jumboplay.com<\/a>. Jumbo Group B.V., Westzijde 184, 1506 EK Zaandam, Pa\u00edses Bajos[\/nectar_highlighted_text][\/vc_column][\/vc_row]\n","protected":false},"excerpt":{"rendered":"<p>[vc_row type=&#8221;in_container&#8221; full_screen_row_position=&#8221;middle&#8221; column_margin=&#8221;default&#8221; column_direction=&#8221;default&#8221; column_direction_tablet=&#8221;default&#8221; column_direction_phone=&#8221;default&#8221; scene_position=&#8221;center&#8221; text_color=&#8221;dark&#8221; text_align=&#8221;left&#8221; row_border_radius=&#8221;none&#8221; row_border_radius_applies=&#8221;bg&#8221; overflow=&#8221;visible&#8221; overlay_strength=&#8221;0.3&#8243; gradient_direction=&#8221;left_to_right&#8221; shape_divider_position=&#8221;bottom&#8221; bg_image_animation=&#8221;none&#8221;][vc_column column_padding=&#8221;no-extra-padding&#8221; column_padding_tablet=&#8221;inherit&#8221; column_padding_phone=&#8221;inherit&#8221; column_padding_position=&#8221;all&#8221; column_element_spacing=&#8221;default&#8221; background_color_opacity=&#8221;1&#8243; background_hover_color_opacity=&#8221;1&#8243; column_shadow=&#8221;none&#8221; column_border_radius=&#8221;none&#8221; column_link_target=&#8221;_self&#8221; column_position=&#8221;default&#8221; gradient_direction=&#8221;left_to_right&#8221; overlay_strength=&#8221;0.3&#8243;&#8230;<\/p>\n","protected":false},"author":5,"featured_media":0,"parent":0,"menu_order":0,"comment_status":"closed","ping_status":"closed","template":"","meta":{"inline_featured_image":false,"footnotes":""},"class_list":["post-186503","page","type-page","status-publish"],"yoast_head":"<!-- This site is optimized with the Yoast SEO plugin v27.3 - https:\/\/yoast.com\/product\/yoast-seo-wordpress\/ -->\n<title>Pol\u00edtica de Privacidad - App Hitster - Hitster<\/title>\n<meta name=\"robots\" content=\"index, follow, max-snippet:-1, max-image-preview:large, max-video-preview:-1\" \/>\n<link rel=\"canonical\" href=\"https:\/\/hitstergame.com\/es-mx\/privacidad-app-hitster\/\" \/>\n<meta property=\"og:locale\" content=\"es_MX\" \/>\n<meta property=\"og:type\" content=\"article\" \/>\n<meta property=\"og:title\" content=\"Pol\u00edtica de Privacidad - App Hitster - Hitster\" \/>\n<meta property=\"og:description\" content=\"[vc_row type=&#8221;in_container&#8221; full_screen_row_position=&#8221;middle&#8221; column_margin=&#8221;default&#8221; column_direction=&#8221;default&#8221; column_direction_tablet=&#8221;default&#8221; column_direction_phone=&#8221;default&#8221; scene_position=&#8221;center&#8221; text_color=&#8221;dark&#8221; text_align=&#8221;left&#8221; row_border_radius=&#8221;none&#8221; row_border_radius_applies=&#8221;bg&#8221; overflow=&#8221;visible&#8221; overlay_strength=&#8221;0.3&#8243; gradient_direction=&#8221;left_to_right&#8221; shape_divider_position=&#8221;bottom&#8221; bg_image_animation=&#8221;none&#8221;][vc_column column_padding=&#8221;no-extra-padding&#8221; column_padding_tablet=&#8221;inherit&#8221; column_padding_phone=&#8221;inherit&#8221; column_padding_position=&#8221;all&#8221; column_element_spacing=&#8221;default&#8221; background_color_opacity=&#8221;1&#8243; background_hover_color_opacity=&#8221;1&#8243; column_shadow=&#8221;none&#8221; column_border_radius=&#8221;none&#8221; column_link_target=&#8221;_self&#8221; column_position=&#8221;default&#8221; gradient_direction=&#8221;left_to_right&#8221; overlay_strength=&#8221;0.3&#8243;...\" \/>\n<meta property=\"og:url\" content=\"https:\/\/hitstergame.com\/es-mx\/privacidad-app-hitster\/\" \/>\n<meta property=\"og:site_name\" content=\"Hitster\" \/>\n<meta name=\"twitter:card\" content=\"summary_large_image\" \/>\n<meta name=\"twitter:label1\" content=\"Tiempo de lectura\" \/>\n\t<meta name=\"twitter:data1\" content=\"6 minutos\" \/>\n<script type=\"application\/ld+json\" class=\"yoast-schema-graph\">{\"@context\":\"https:\\\/\\\/schema.org\",\"@graph\":[{\"@type\":\"WebPage\",\"@id\":\"https:\\\/\\\/hitstergame.com\\\/es-mx\\\/privacidad-app-hitster\\\/\",\"url\":\"https:\\\/\\\/hitstergame.com\\\/es-mx\\\/privacidad-app-hitster\\\/\",\"name\":\"Pol\u00edtica de Privacidad - App Hitster - Hitster\",\"isPartOf\":{\"@id\":\"https:\\\/\\\/hitstergame.com\\\/es-mx\\\/#website\"},\"datePublished\":\"2025-11-11T08:56:00+00:00\",\"breadcrumb\":{\"@id\":\"https:\\\/\\\/hitstergame.com\\\/es-mx\\\/privacidad-app-hitster\\\/#breadcrumb\"},\"inLanguage\":\"es-MX\",\"potentialAction\":[{\"@type\":\"ReadAction\",\"target\":[\"https:\\\/\\\/hitstergame.com\\\/es-mx\\\/privacidad-app-hitster\\\/\"]}]},{\"@type\":\"BreadcrumbList\",\"@id\":\"https:\\\/\\\/hitstergame.com\\\/es-mx\\\/privacidad-app-hitster\\\/#breadcrumb\",\"itemListElement\":[{\"@type\":\"ListItem\",\"position\":1,\"name\":\"Home\",\"item\":\"https:\\\/\\\/hitstergame.com\\\/es-mx\\\/\"},{\"@type\":\"ListItem\",\"position\":2,\"name\":\"Pol\u00edtica de Privacidad &#8211; App Hitster\"}]},{\"@type\":\"WebSite\",\"@id\":\"https:\\\/\\\/hitstergame.com\\\/es-mx\\\/#website\",\"url\":\"https:\\\/\\\/hitstergame.com\\\/es-mx\\\/\",\"name\":\"Hitster\",\"description\":\"\",\"publisher\":{\"@id\":\"https:\\\/\\\/hitstergame.com\\\/es-mx\\\/#organization\"},\"potentialAction\":[{\"@type\":\"SearchAction\",\"target\":{\"@type\":\"EntryPoint\",\"urlTemplate\":\"https:\\\/\\\/hitstergame.com\\\/es-mx\\\/?s={search_term_string}\"},\"query-input\":{\"@type\":\"PropertyValueSpecification\",\"valueRequired\":true,\"valueName\":\"search_term_string\"}}],\"inLanguage\":\"es-MX\"},{\"@type\":\"Organization\",\"@id\":\"https:\\\/\\\/hitstergame.com\\\/es-mx\\\/#organization\",\"name\":\"Hitstergame.com\",\"url\":\"https:\\\/\\\/hitstergame.com\\\/es-mx\\\/\",\"logo\":{\"@type\":\"ImageObject\",\"inLanguage\":\"es-MX\",\"@id\":\"https:\\\/\\\/hitstergame.com\\\/es-mx\\\/#\\\/schema\\\/logo\\\/image\\\/\",\"url\":\"https:\\\/\\\/hitstergame.com\\\/wp-content\\\/uploads\\\/2022\\\/06\\\/hitster-logo-small.png\",\"contentUrl\":\"https:\\\/\\\/hitstergame.com\\\/wp-content\\\/uploads\\\/2022\\\/06\\\/hitster-logo-small.png\",\"width\":250,\"height\":71,\"caption\":\"Hitstergame.com\"},\"image\":{\"@id\":\"https:\\\/\\\/hitstergame.com\\\/es-mx\\\/#\\\/schema\\\/logo\\\/image\\\/\"}}]}<\/script>\n<!-- \/ Yoast SEO plugin. -->","yoast_head_json":{"title":"Pol\u00edtica de Privacidad - App Hitster - Hitster","robots":{"index":"index","follow":"follow","max-snippet":"max-snippet:-1","max-image-preview":"max-image-preview:large","max-video-preview":"max-video-preview:-1"},"canonical":"https:\/\/hitstergame.com\/es-mx\/privacidad-app-hitster\/","og_locale":"es_MX","og_type":"article","og_title":"Pol\u00edtica de Privacidad - App Hitster - Hitster","og_description":"[vc_row type=&#8221;in_container&#8221; full_screen_row_position=&#8221;middle&#8221; column_margin=&#8221;default&#8221; column_direction=&#8221;default&#8221; column_direction_tablet=&#8221;default&#8221; column_direction_phone=&#8221;default&#8221; scene_position=&#8221;center&#8221; text_color=&#8221;dark&#8221; text_align=&#8221;left&#8221; row_border_radius=&#8221;none&#8221; row_border_radius_applies=&#8221;bg&#8221; overflow=&#8221;visible&#8221; overlay_strength=&#8221;0.3&#8243; gradient_direction=&#8221;left_to_right&#8221; shape_divider_position=&#8221;bottom&#8221; bg_image_animation=&#8221;none&#8221;][vc_column column_padding=&#8221;no-extra-padding&#8221; column_padding_tablet=&#8221;inherit&#8221; column_padding_phone=&#8221;inherit&#8221; column_padding_position=&#8221;all&#8221; column_element_spacing=&#8221;default&#8221; background_color_opacity=&#8221;1&#8243; background_hover_color_opacity=&#8221;1&#8243; column_shadow=&#8221;none&#8221; column_border_radius=&#8221;none&#8221; column_link_target=&#8221;_self&#8221; column_position=&#8221;default&#8221; gradient_direction=&#8221;left_to_right&#8221; overlay_strength=&#8221;0.3&#8243;...","og_url":"https:\/\/hitstergame.com\/es-mx\/privacidad-app-hitster\/","og_site_name":"Hitster","twitter_card":"summary_large_image","twitter_misc":{"Tiempo de lectura":"6 minutos"},"schema":{"@context":"https:\/\/schema.org","@graph":[{"@type":"WebPage","@id":"https:\/\/hitstergame.com\/es-mx\/privacidad-app-hitster\/","url":"https:\/\/hitstergame.com\/es-mx\/privacidad-app-hitster\/","name":"Pol\u00edtica de Privacidad - App Hitster - Hitster","isPartOf":{"@id":"https:\/\/hitstergame.com\/es-mx\/#website"},"datePublished":"2025-11-11T08:56:00+00:00","breadcrumb":{"@id":"https:\/\/hitstergame.com\/es-mx\/privacidad-app-hitster\/#breadcrumb"},"inLanguage":"es-MX","potentialAction":[{"@type":"ReadAction","target":["https:\/\/hitstergame.com\/es-mx\/privacidad-app-hitster\/"]}]},{"@type":"BreadcrumbList","@id":"https:\/\/hitstergame.com\/es-mx\/privacidad-app-hitster\/#breadcrumb","itemListElement":[{"@type":"ListItem","position":1,"name":"Home","item":"https:\/\/hitstergame.com\/es-mx\/"},{"@type":"ListItem","position":2,"name":"Pol\u00edtica de Privacidad &#8211; App Hitster"}]},{"@type":"WebSite","@id":"https:\/\/hitstergame.com\/es-mx\/#website","url":"https:\/\/hitstergame.com\/es-mx\/","name":"Hitster","description":"","publisher":{"@id":"https:\/\/hitstergame.com\/es-mx\/#organization"},"potentialAction":[{"@type":"SearchAction","target":{"@type":"EntryPoint","urlTemplate":"https:\/\/hitstergame.com\/es-mx\/?s={search_term_string}"},"query-input":{"@type":"PropertyValueSpecification","valueRequired":true,"valueName":"search_term_string"}}],"inLanguage":"es-MX"},{"@type":"Organization","@id":"https:\/\/hitstergame.com\/es-mx\/#organization","name":"Hitstergame.com","url":"https:\/\/hitstergame.com\/es-mx\/","logo":{"@type":"ImageObject","inLanguage":"es-MX","@id":"https:\/\/hitstergame.com\/es-mx\/#\/schema\/logo\/image\/","url":"https:\/\/hitstergame.com\/wp-content\/uploads\/2022\/06\/hitster-logo-small.png","contentUrl":"https:\/\/hitstergame.com\/wp-content\/uploads\/2022\/06\/hitster-logo-small.png","width":250,"height":71,"caption":"Hitstergame.com"},"image":{"@id":"https:\/\/hitstergame.com\/es-mx\/#\/schema\/logo\/image\/"}}]}},"featured_image_src":null,"featured_image_src_square":null,"_links":{"self":[{"href":"https:\/\/hitstergame.com\/es-mx\/wp-json\/wp\/v2\/pages\/186503","targetHints":{"allow":["GET"]}}],"collection":[{"href":"https:\/\/hitstergame.com\/es-mx\/wp-json\/wp\/v2\/pages"}],"about":[{"href":"https:\/\/hitstergame.com\/es-mx\/wp-json\/wp\/v2\/types\/page"}],"author":[{"embeddable":true,"href":"https:\/\/hitstergame.com\/es-mx\/wp-json\/wp\/v2\/users\/5"}],"replies":[{"embeddable":true,"href":"https:\/\/hitstergame.com\/es-mx\/wp-json\/wp\/v2\/comments?post=186503"}],"version-history":[{"count":0,"href":"https:\/\/hitstergame.com\/es-mx\/wp-json\/wp\/v2\/pages\/186503\/revisions"}],"wp:attachment":[{"href":"https:\/\/hitstergame.com\/es-mx\/wp-json\/wp\/v2\/media?parent=186503"}],"curies":[{"name":"wp","href":"https:\/\/api.w.org\/{rel}","templated":true}]}}