{"id":9689,"date":"2024-02-16T22:37:24","date_gmt":"2024-02-16T20:37:24","guid":{"rendered":"https:\/\/hitstergame.com\/?page_id=9689"},"modified":"2024-02-16T23:27:15","modified_gmt":"2024-02-16T21:27:15","slug":"ios-issue-notice","status":"publish","type":"page","link":"https:\/\/hitstergame.com\/es-es\/ios-issue-notice\/","title":{"rendered":"iOS issue notice"},"content":{"rendered":"[vc_row type=\u00bbin_container\u00bb full_screen_row_position=\u00bbmiddle\u00bb column_margin=\u00bbdefault\u00bb column_direction=\u00bbdefault\u00bb column_direction_tablet=\u00bbdefault\u00bb column_direction_phone=\u00bbdefault\u00bb scene_position=\u00bbcenter\u00bb text_color=\u00bbdark\u00bb text_align=\u00bbleft\u00bb row_border_radius=\u00bbnone\u00bb row_border_radius_applies=\u00bbbg\u00bb overflow=\u00bbvisible\u00bb overlay_strength=\u00bb0.3&#8243; gradient_direction=\u00bbleft_to_right\u00bb shape_divider_position=\u00bbbottom\u00bb bg_image_animation=\u00bbnone\u00bb][vc_column column_padding=\u00bbno-extra-padding\u00bb column_padding_tablet=\u00bbinherit\u00bb column_padding_phone=\u00bbinherit\u00bb column_padding_position=\u00bball\u00bb column_element_spacing=\u00bbdefault\u00bb background_color_opacity=\u00bb1&#8243; background_hover_color_opacity=\u00bb1&#8243; column_shadow=\u00bbnone\u00bb column_border_radius=\u00bbnone\u00bb column_link_target=\u00bb_self\u00bb column_position=\u00bbdefault\u00bb gradient_direction=\u00bbleft_to_right\u00bb overlay_strength=\u00bb0.3&#8243; width=\u00bb1\/1&#8243; tablet_width_inherit=\u00bbdefault\u00bb tablet_text_alignment=\u00bbdefault\u00bb phone_text_alignment=\u00bbdefault\u00bb animation_type=\u00bbdefault\u00bb bg_image_animation=\u00bbnone\u00bb border_type=\u00bbsimple\u00bb column_border_width=\u00bbnone\u00bb column_border_style=\u00bbsolid\u00bb][vc_column_text]\n<h2><b><span data-contrast=\"auto\">Aviso Importante para Usuarios de iOS con Spotify Premium:<\/span><\/b><span data-ccp-props=\"{}\">\u00a0<\/span><\/h2>\n<p><span data-contrast=\"auto\">Algunos usuarios de iOS con Spotify Premium pueden experimentar problemas de reproducci\u00f3n para ciertas canciones al usar nuestra app. Espec\u00edficamente, la m\u00fasica puede fallar al reproducirse al escanear una tarjeta en particular. Este problema est\u00e1 relacionado con la \u00faltima actualizaci\u00f3n de la app de Spotify.<\/span><span data-ccp-props=\"{}\">\u00a0<\/span><\/p>\n<h3><b><span data-contrast=\"auto\">Soluci\u00f3n Temporal:<\/span><\/b><span data-ccp-props=\"{}\">\u00a0<\/span><\/h3>\n<p><span data-contrast=\"auto\">Los usuarios de Android y Spotify Free no est\u00e1n afectados por este problema. Si est\u00e1s experimentando problemas en tu dispositivo iOS, considera usar Spotify Free como soluci\u00f3n temporal. Por favor, aseg\u00farate de revisar las reglas espec\u00edficas del juego para usuarios de Spotify Free.<\/span><\/p>\n<p><span data-contrast=\"auto\">Nuestro equipo est\u00e1 trabajando activamente en encontrar una soluci\u00f3n. Agradecemos su comprensi\u00f3n y paciencia durante este tiempo.<\/span><span data-ccp-props=\"{}\">\u00a0<\/span><\/p>\n<p><span data-contrast=\"auto\">Para preguntas o para reportar otros problemas, por favor contacta a nuestro equipo de soporte.<\/span><span data-ccp-props=\"{}\">\u00a0<\/span>[\/vc_column_text][\/vc_column][\/vc_row]\n","protected":false},"excerpt":{"rendered":"<p>[vc_row type=\u00bbin_container\u00bb full_screen_row_position=\u00bbmiddle\u00bb column_margin=\u00bbdefault\u00bb column_direction=\u00bbdefault\u00bb column_direction_tablet=\u00bbdefault\u00bb column_direction_phone=\u00bbdefault\u00bb scene_position=\u00bbcenter\u00bb text_color=\u00bbdark\u00bb text_align=\u00bbleft\u00bb row_border_radius=\u00bbnone\u00bb row_border_radius_applies=\u00bbbg\u00bb overflow=\u00bbvisible\u00bb overlay_strength=\u00bb0.3&#8243; gradient_direction=\u00bbleft_to_right\u00bb shape_divider_position=\u00bbbottom\u00bb bg_image_animation=\u00bbnone\u00bb][vc_column column_padding=\u00bbno-extra-padding\u00bb column_padding_tablet=\u00bbinherit\u00bb column_padding_phone=\u00bbinherit\u00bb column_padding_position=\u00bball\u00bb column_element_spacing=\u00bbdefault\u00bb background_color_opacity=\u00bb1&#8243; background_hover_color_opacity=\u00bb1&#8243; column_shadow=\u00bbnone\u00bb column_border_radius=\u00bbnone\u00bb column_link_target=\u00bb_self\u00bb column_position=\u00bbdefault\u00bb gradient_direction=\u00bbleft_to_right\u00bb overlay_strength=\u00bb0.3&#8243;&#8230;<\/p>\n","protected":false},"author":7,"featured_media":0,"parent":0,"menu_order":0,"comment_status":"closed","ping_status":"closed","template":"","meta":{"inline_featured_image":false,"footnotes":""},"class_list":["post-9689","page","type-page","status-publish"],"yoast_head":"<!-- This site is optimized with the Yoast SEO plugin v27.4 - https:\/\/yoast.com\/product\/yoast-seo-wordpress\/ -->\n<title>iOS issue notice - Hitster<\/title>\n<meta name=\"robots\" content=\"noindex, follow\" \/>\n<meta property=\"og:locale\" content=\"es_ES\" \/>\n<meta property=\"og:type\" content=\"article\" \/>\n<meta property=\"og:title\" content=\"iOS issue notice - Hitster\" \/>\n<meta property=\"og:description\" content=\"[vc_row type=\u00bbin_container\u00bb full_screen_row_position=\u00bbmiddle\u00bb column_margin=\u00bbdefault\u00bb column_direction=\u00bbdefault\u00bb column_direction_tablet=\u00bbdefault\u00bb column_direction_phone=\u00bbdefault\u00bb scene_position=\u00bbcenter\u00bb text_color=\u00bbdark\u00bb text_align=\u00bbleft\u00bb row_border_radius=\u00bbnone\u00bb row_border_radius_applies=\u00bbbg\u00bb overflow=\u00bbvisible\u00bb overlay_strength=\u00bb0.3&#8243; gradient_direction=\u00bbleft_to_right\u00bb shape_divider_position=\u00bbbottom\u00bb bg_image_animation=\u00bbnone\u00bb][vc_column column_padding=\u00bbno-extra-padding\u00bb column_padding_tablet=\u00bbinherit\u00bb column_padding_phone=\u00bbinherit\u00bb column_padding_position=\u00bball\u00bb column_element_spacing=\u00bbdefault\u00bb background_color_opacity=\u00bb1&#8243; background_hover_color_opacity=\u00bb1&#8243; column_shadow=\u00bbnone\u00bb column_border_radius=\u00bbnone\u00bb column_link_target=\u00bb_self\u00bb column_position=\u00bbdefault\u00bb gradient_direction=\u00bbleft_to_right\u00bb overlay_strength=\u00bb0.3&#8243;...\" \/>\n<meta property=\"og:url\" content=\"https:\/\/hitstergame.com\/es-es\/ios-issue-notice\/\" \/>\n<meta property=\"og:site_name\" content=\"Hitster\" \/>\n<meta property=\"article:modified_time\" content=\"2024-02-16T21:27:15+00:00\" \/>\n<meta name=\"twitter:card\" content=\"summary_large_image\" \/>\n<meta name=\"twitter:label1\" content=\"Tiempo de lectura\" \/>\n\t<meta name=\"twitter:data1\" content=\"1 minuto\" \/>\n<script type=\"application\/ld+json\" class=\"yoast-schema-graph\">{\"@context\":\"https:\\\/\\\/schema.org\",\"@graph\":[{\"@type\":\"WebPage\",\"@id\":\"https:\\\/\\\/hitstergame.com\\\/es-es\\\/ios-issue-notice\\\/\",\"url\":\"https:\\\/\\\/hitstergame.com\\\/es-es\\\/ios-issue-notice\\\/\",\"name\":\"iOS issue notice - Hitster\",\"isPartOf\":{\"@id\":\"https:\\\/\\\/hitstergame.com\\\/es-es\\\/#website\"},\"datePublished\":\"2024-02-16T20:37:24+00:00\",\"dateModified\":\"2024-02-16T21:27:15+00:00\",\"breadcrumb\":{\"@id\":\"https:\\\/\\\/hitstergame.com\\\/es-es\\\/ios-issue-notice\\\/#breadcrumb\"},\"inLanguage\":\"es\",\"potentialAction\":[{\"@type\":\"ReadAction\",\"target\":[\"https:\\\/\\\/hitstergame.com\\\/es-es\\\/ios-issue-notice\\\/\"]}]},{\"@type\":\"BreadcrumbList\",\"@id\":\"https:\\\/\\\/hitstergame.com\\\/es-es\\\/ios-issue-notice\\\/#breadcrumb\",\"itemListElement\":[{\"@type\":\"ListItem\",\"position\":1,\"name\":\"Home\",\"item\":\"https:\\\/\\\/hitstergame.com\\\/es-es\\\/\"},{\"@type\":\"ListItem\",\"position\":2,\"name\":\"iOS issue notice\"}]},{\"@type\":\"WebSite\",\"@id\":\"https:\\\/\\\/hitstergame.com\\\/es-es\\\/#website\",\"url\":\"https:\\\/\\\/hitstergame.com\\\/es-es\\\/\",\"name\":\"Hitster\",\"description\":\"\",\"publisher\":{\"@id\":\"https:\\\/\\\/hitstergame.com\\\/es-es\\\/#organization\"},\"potentialAction\":[{\"@type\":\"SearchAction\",\"target\":{\"@type\":\"EntryPoint\",\"urlTemplate\":\"https:\\\/\\\/hitstergame.com\\\/es-es\\\/?s={search_term_string}\"},\"query-input\":{\"@type\":\"PropertyValueSpecification\",\"valueRequired\":true,\"valueName\":\"search_term_string\"}}],\"inLanguage\":\"es\"},{\"@type\":\"Organization\",\"@id\":\"https:\\\/\\\/hitstergame.com\\\/es-es\\\/#organization\",\"name\":\"Hitstergame.com\",\"url\":\"https:\\\/\\\/hitstergame.com\\\/es-es\\\/\",\"logo\":{\"@type\":\"ImageObject\",\"inLanguage\":\"es\",\"@id\":\"https:\\\/\\\/hitstergame.com\\\/es-es\\\/#\\\/schema\\\/logo\\\/image\\\/\",\"url\":\"https:\\\/\\\/hitstergame.com\\\/wp-content\\\/uploads\\\/2022\\\/06\\\/hitster-logo-small.png\",\"contentUrl\":\"https:\\\/\\\/hitstergame.com\\\/wp-content\\\/uploads\\\/2022\\\/06\\\/hitster-logo-small.png\",\"width\":250,\"height\":71,\"caption\":\"Hitstergame.com\"},\"image\":{\"@id\":\"https:\\\/\\\/hitstergame.com\\\/es-es\\\/#\\\/schema\\\/logo\\\/image\\\/\"}}]}<\/script>\n<!-- \/ Yoast SEO plugin. -->","yoast_head_json":{"title":"iOS issue notice - Hitster","robots":{"index":"noindex","follow":"follow"},"og_locale":"es_ES","og_type":"article","og_title":"iOS issue notice - Hitster","og_description":"[vc_row type=\u00bbin_container\u00bb full_screen_row_position=\u00bbmiddle\u00bb column_margin=\u00bbdefault\u00bb column_direction=\u00bbdefault\u00bb column_direction_tablet=\u00bbdefault\u00bb column_direction_phone=\u00bbdefault\u00bb scene_position=\u00bbcenter\u00bb text_color=\u00bbdark\u00bb text_align=\u00bbleft\u00bb row_border_radius=\u00bbnone\u00bb row_border_radius_applies=\u00bbbg\u00bb overflow=\u00bbvisible\u00bb overlay_strength=\u00bb0.3&#8243; gradient_direction=\u00bbleft_to_right\u00bb shape_divider_position=\u00bbbottom\u00bb bg_image_animation=\u00bbnone\u00bb][vc_column column_padding=\u00bbno-extra-padding\u00bb column_padding_tablet=\u00bbinherit\u00bb column_padding_phone=\u00bbinherit\u00bb column_padding_position=\u00bball\u00bb column_element_spacing=\u00bbdefault\u00bb background_color_opacity=\u00bb1&#8243; background_hover_color_opacity=\u00bb1&#8243; column_shadow=\u00bbnone\u00bb column_border_radius=\u00bbnone\u00bb column_link_target=\u00bb_self\u00bb column_position=\u00bbdefault\u00bb gradient_direction=\u00bbleft_to_right\u00bb overlay_strength=\u00bb0.3&#8243;...","og_url":"https:\/\/hitstergame.com\/es-es\/ios-issue-notice\/","og_site_name":"Hitster","article_modified_time":"2024-02-16T21:27:15+00:00","twitter_card":"summary_large_image","twitter_misc":{"Tiempo de lectura":"1 minuto"},"schema":{"@context":"https:\/\/schema.org","@graph":[{"@type":"WebPage","@id":"https:\/\/hitstergame.com\/es-es\/ios-issue-notice\/","url":"https:\/\/hitstergame.com\/es-es\/ios-issue-notice\/","name":"iOS issue notice - Hitster","isPartOf":{"@id":"https:\/\/hitstergame.com\/es-es\/#website"},"datePublished":"2024-02-16T20:37:24+00:00","dateModified":"2024-02-16T21:27:15+00:00","breadcrumb":{"@id":"https:\/\/hitstergame.com\/es-es\/ios-issue-notice\/#breadcrumb"},"inLanguage":"es","potentialAction":[{"@type":"ReadAction","target":["https:\/\/hitstergame.com\/es-es\/ios-issue-notice\/"]}]},{"@type":"BreadcrumbList","@id":"https:\/\/hitstergame.com\/es-es\/ios-issue-notice\/#breadcrumb","itemListElement":[{"@type":"ListItem","position":1,"name":"Home","item":"https:\/\/hitstergame.com\/es-es\/"},{"@type":"ListItem","position":2,"name":"iOS issue notice"}]},{"@type":"WebSite","@id":"https:\/\/hitstergame.com\/es-es\/#website","url":"https:\/\/hitstergame.com\/es-es\/","name":"Hitster","description":"","publisher":{"@id":"https:\/\/hitstergame.com\/es-es\/#organization"},"potentialAction":[{"@type":"SearchAction","target":{"@type":"EntryPoint","urlTemplate":"https:\/\/hitstergame.com\/es-es\/?s={search_term_string}"},"query-input":{"@type":"PropertyValueSpecification","valueRequired":true,"valueName":"search_term_string"}}],"inLanguage":"es"},{"@type":"Organization","@id":"https:\/\/hitstergame.com\/es-es\/#organization","name":"Hitstergame.com","url":"https:\/\/hitstergame.com\/es-es\/","logo":{"@type":"ImageObject","inLanguage":"es","@id":"https:\/\/hitstergame.com\/es-es\/#\/schema\/logo\/image\/","url":"https:\/\/hitstergame.com\/wp-content\/uploads\/2022\/06\/hitster-logo-small.png","contentUrl":"https:\/\/hitstergame.com\/wp-content\/uploads\/2022\/06\/hitster-logo-small.png","width":250,"height":71,"caption":"Hitstergame.com"},"image":{"@id":"https:\/\/hitstergame.com\/es-es\/#\/schema\/logo\/image\/"}}]}},"featured_image_src":null,"featured_image_src_square":null,"_links":{"self":[{"href":"https:\/\/hitstergame.com\/es-es\/wp-json\/wp\/v2\/pages\/9689","targetHints":{"allow":["GET"]}}],"collection":[{"href":"https:\/\/hitstergame.com\/es-es\/wp-json\/wp\/v2\/pages"}],"about":[{"href":"https:\/\/hitstergame.com\/es-es\/wp-json\/wp\/v2\/types\/page"}],"author":[{"embeddable":true,"href":"https:\/\/hitstergame.com\/es-es\/wp-json\/wp\/v2\/users\/7"}],"replies":[{"embeddable":true,"href":"https:\/\/hitstergame.com\/es-es\/wp-json\/wp\/v2\/comments?post=9689"}],"version-history":[{"count":0,"href":"https:\/\/hitstergame.com\/es-es\/wp-json\/wp\/v2\/pages\/9689\/revisions"}],"wp:attachment":[{"href":"https:\/\/hitstergame.com\/es-es\/wp-json\/wp\/v2\/media?parent=9689"}],"curies":[{"name":"wp","href":"https:\/\/api.w.org\/{rel}","templated":true}]}}