{"id":186517,"date":"2025-11-11T10:56:00","date_gmt":"2025-11-11T08:56:00","guid":{"rendered":"https:\/\/hitstergame.com\/app-datenschutz\/"},"modified":"2025-11-11T10:56:00","modified_gmt":"2025-11-11T08:56:00","slug":"app-datenschutz","status":"publish","type":"page","link":"https:\/\/hitstergame.com\/de-at\/app-datenschutz\/","title":{"rendered":"Datenschutzerkl\u00e4rung &#8211; Hitster App"},"content":{"rendered":"[vc_row type=&#8220;in_container&#8220; full_screen_row_position=&#8220;middle&#8220; column_margin=&#8220;default&#8220; column_direction=&#8220;default&#8220; column_direction_tablet=&#8220;default&#8220; column_direction_phone=&#8220;default&#8220; scene_position=&#8220;center&#8220; text_color=&#8220;dark&#8220; text_align=&#8220;left&#8220; row_border_radius=&#8220;none&#8220; row_border_radius_applies=&#8220;bg&#8220; overflow=&#8220;visible&#8220; overlay_strength=&#8220;0.3&#8243; gradient_direction=&#8220;left_to_right&#8220; shape_divider_position=&#8220;bottom&#8220; bg_image_animation=&#8220;none&#8220;][vc_column column_padding=&#8220;no-extra-padding&#8220; column_padding_tablet=&#8220;inherit&#8220; column_padding_phone=&#8220;inherit&#8220; column_padding_position=&#8220;all&#8220; column_element_spacing=&#8220;default&#8220; background_color_opacity=&#8220;1&#8243; background_hover_color_opacity=&#8220;1&#8243; column_shadow=&#8220;none&#8220; column_border_radius=&#8220;none&#8220; column_link_target=&#8220;_self&#8220; column_position=&#8220;default&#8220; gradient_direction=&#8220;left_to_right&#8220; overlay_strength=&#8220;0.3&#8243; width=&#8220;1\/1&#8243; tablet_width_inherit=&#8220;default&#8220; tablet_text_alignment=&#8220;default&#8220; phone_text_alignment=&#8220;default&#8220; animation_type=&#8220;default&#8220; bg_image_animation=&#8220;none&#8220; border_type=&#8220;simple&#8220; column_border_width=&#8220;none&#8220; column_border_style=&#8220;solid&#8220;][nectar_highlighted_text color_type=&#8220;regular&#8220; style=&#8220;full_text&#8220; highlight_expansion=&#8220;default&#8220;]\n<h1>Datenschutzerkl\u00e4rung &#8211; Hitster App<\/h1>\n<h2>1. Einleitung<\/h2>\n<p>Wir respektieren Ihre Privatsph\u00e4re und verpflichten uns, sicherzustellen, dass Ihre pers\u00f6nlichen Daten sicher und verantwortungsvoll behandelt werden. Diese Datenschutzerkl\u00e4rung erl\u00e4utert, welche Daten die Hitster App sammelt, wie wir sie verwenden und welche Rechte Sie haben.<br \/>\nDie Hitster App ist datenschutzfreundlich konzipiert. Sie sammelt oder speichert keine Daten, die Sie direkt identifizieren. Alle Analysen sind anonym und dienen ausschlie\u00dflich der Verbesserung der Funktionalit\u00e4t und Leistung der App.<\/p>\n<h2>2. Was die App tut<\/h2>\n<p>Die Hitster App erm\u00f6glicht es Spielern, QR-Codes auf Spielkarten zu scannen und ein interaktives Musikerlebnis zu genie\u00dfen.<br \/>\nUm die App zu pflegen und zu verbessern, erfassen wir begrenzte technische Informationen dar\u00fcber, wie die App genutzt wird.<br \/>\nDies umfasst Ereignisdaten wie:<\/p>\n<ul>\n<li>die Anzahl der gestarteten Sessions;<\/li>\n<li>die allgemeine App-Leistung (Abst\u00fcrze, Ladezeiten);<\/li>\n<li>grundlegende App-Installationsstatistiken; und<\/li>\n<li>Debugging-Informationen zur Behebung technischer Probleme.<\/li>\n<\/ul>\n<p>Es werden keine pers\u00f6nlichen Identifikatoren, Kontodaten oder Kontaktinformationen gesammelt.<\/p>\n<h2>3. Gesammelte Daten und Verwendungszweck<\/h2>\n<ul>\n<li><strong>Funktions- und Nutzungsdaten:<\/strong> Um zu verstehen, wie Funktionen genutzt werden, und zur Aufrechterhaltung der technischen Leistung.\n<ul>\n<li>Beispiel: Anzahl der gestarteten Sessions<\/li>\n<li>Rechtsgrundlage: Berechtigtes Interesse (Artikel 6(1)(f) DSGVO)<\/li>\n<\/ul>\n<\/li>\n<li><strong>Absturz- und Debugging-Daten:<\/strong> Zur Erkennung und Behebung von App-Fehlern.\n<ul>\n<li>Beispiel: Absturzberichte, Fehlerprotokolle, etc.<\/li>\n<li>Rechtsgrundlage: Berechtigtes Interesse (Artikel 6(1)(f) DSGVO)<\/li>\n<\/ul>\n<\/li>\n<li><strong>Installations- und Nutzungsmetriken:<\/strong> Zur Messung von Downloads und der allgemeinen App-Stabilit\u00e4t.\n<ul>\n<li>Beispiel: App-Installationsereignisse<\/li>\n<li>Rechtsgrundlage: Berechtigtes Interesse (Artikel 6(1)(f) DSGVO)<\/li>\n<\/ul>\n<\/li>\n<\/ul>\n<p>Wir sammeln keine Namen, Kontaktdaten, Werbe-Identifikatoren oder genaue Standortdaten.<br \/>\nWir verwenden auch keine Cookies, Marketing-Pixel oder Technologien, die Sie \u00fcber Apps oder Websites hinweg verfolgen.<\/p>\n<h2>4. Wie Analysen funktionieren<\/h2>\n<p>Wir verwenden Google Firebase Analytics, um aggregierte, anonyme Nutzungsinformationen zu sammeln.<br \/>\nFirebase generiert eine zuf\u00e4llige App-Instanz-ID, wenn Sie die App zum ersten Mal \u00f6ffnen.<br \/>\nDiese ID erm\u00f6glicht es uns, zu messen, wie oft die App verwendet wird, identifiziert Sie jedoch nicht pers\u00f6nlich.<br \/>\nDie ID wird automatisch zur\u00fcckgesetzt, wenn die App deinstalliert wird, und IP-Adressen werden nicht protokolliert oder gespeichert.<br \/>\nAlle Werbefunktionen (einschlie\u00dflich Google Signals und Werbe-IDs) sind deaktiviert.<br \/>\nDie Datenverarbeitung erfolgt auf den europ\u00e4ischen Servern von Google unter der Kontrolle der Jumbo Group und in \u00dcbereinstimmung mit den <a href=\"https:\/\/firebase.google.com\/terms\/data-processing-terms\" target=\"_blank\" rel=\"noopener\">Datenverarbeitungsbedingungen <\/a> von Google.<\/p>\n<h2>5. Rechtsgrundlage f\u00fcr die Verarbeitung<\/h2>\n<p>Da wir nur technische Nutzungsdaten sammeln, st\u00fctzen wir uns auf das berechtigte Interesse gem\u00e4\u00df Artikel 6(1)(f) DSGVO f\u00fcr die Zwecke der:<\/p>\n<ul>\n<li>Aufrechterhaltung der App-Funktionalit\u00e4t;<\/li>\n<li>Gew\u00e4hrleistung der Sicherheit und des Debuggings; und<\/li>\n<li>Verst\u00e4ndnis der Funktionsnutzung zur Verbesserung des Benutzererlebnisses.<\/li>\n<\/ul>\n<p>Es ist kein Zustimmungsbanner gem\u00e4\u00df der ePrivacy-Richtlinie erforderlich, da keine Cookies oder nicht-essentielle Tracking-Identifikatoren verwendet werden.<\/p>\n<h2>6. Datenaufbewahrung<\/h2>\n<p>Wir bewahren aggregierte und anonymisierte Ereignisdaten nur so lange auf, wie es zur Analyse der App-Leistung und zur Aufrechterhaltung der Funktionalit\u00e4t erforderlich ist.<br \/>\nDaten, die mit der App-Instanz-ID verkn\u00fcpft sind, verfallen automatisch oder werden unwiederbringlich, sobald Sie die App deinstallieren.<\/p>\n<h2>7. Datenempf\u00e4nger<\/h2>\n<p>Der Zugriff auf Analysedaten ist beschr\u00e4nkt auf:<\/p>\n<ul>\n<li>das Hitster-Entwicklungsteam;<\/li>\n<li>das App-Team der Jumbo Group (f\u00fcr Compliance und Aufsicht); und<\/li>\n<li>The Data Story (Anbieter von technischem Analyse-Support).<\/li>\n<\/ul>\n<p>Alle Parteien arbeiten unter Vertraulichkeits- und Datenverarbeitungsvereinbarungen in \u00dcbereinstimmung mit der DSGVO.<\/p>\n<h2>8. Internationale Daten\u00fcbermittlungen<\/h2>\n<p>Analysedaten werden innerhalb der Europ\u00e4ischen Union \u00fcber die EU-Datenregion der Google Cloud gespeichert.<br \/>\nFalls Daten au\u00dferhalb des EWR \u00fcbertragen werden (z. B. f\u00fcr den technischen Support von Google), erfolgt dies gem\u00e4\u00df den von der Europ\u00e4ischen Kommission genehmigten Standardvertragsklauseln (SCCs).<\/p>\n<h2>9. Ihre Rechte<\/h2>\n<p>Da die \u00fcber die Hitster App verarbeiteten Daten Sie nicht identifizieren, gelten Ihre DSGVO-Rechte (wie Auskunft, Berichtigung oder L\u00f6schung) grunds\u00e4tzlich nicht.<br \/>\nWenn Sie uns jedoch bez\u00fcglich Datenschutzangelegenheiten kontaktieren, werden wir transparent auf Ihre Anfrage antworten und Ihnen, soweit m\u00f6glich, helfen.<br \/>\nSie k\u00f6nnen uns unter <a href=\"mailto:gdpr@jumboplay.com\">gdpr@jumboplay.com<\/a> erreichen.<br \/>\nWenn Sie der Meinung sind, dass wir Ihre Daten nicht angemessen behandelt haben, k\u00f6nnen Sie sich an Ihre lokale Datenschutzbeh\u00f6rde wenden.<\/p>\n<h2>10. Sicherheit und Anonymit\u00e4t<\/h2>\n<p>Wir ergreifen angemessene technische und organisatorische Ma\u00dfnahmen, um sicherzustellen, dass alle Ereignisdaten anonym, aggregiert und sicher verarbeitet werden.<\/p>\n<h2>11. \u00c4nderungen dieser Erkl\u00e4rung<\/h2>\n<p>Wir k\u00f6nnen diese Datenschutzerkl\u00e4rung von Zeit zu Zeit aktualisieren, um \u00c4nderungen in der Technologie oder Regulierung widerzuspiegeln.<br \/>\nDie neueste Version ist immer in der App und auf unserer Website verf\u00fcgbar.<\/p>\n<h2>12. Kontakt<\/h2>\n<p>F\u00fcr Fragen zu dieser Datenschutzerkl\u00e4rung oder unseren Datenpraktiken kontaktieren Sie bitte: <a href=\"mailto:gdpr@jumboplay.com\">gdpr@jumboplay.com<\/a>.<br \/>\nJumbo Group B.V., Westzijde 184, 1506 EK Zaandam, Niederlande[\/nectar_highlighted_text][\/vc_column][\/vc_row]\n","protected":false},"excerpt":{"rendered":"<p>[vc_row type=&#8220;in_container&#8220; full_screen_row_position=&#8220;middle&#8220; column_margin=&#8220;default&#8220; column_direction=&#8220;default&#8220; column_direction_tablet=&#8220;default&#8220; column_direction_phone=&#8220;default&#8220; scene_position=&#8220;center&#8220; text_color=&#8220;dark&#8220; text_align=&#8220;left&#8220; row_border_radius=&#8220;none&#8220; row_border_radius_applies=&#8220;bg&#8220; overflow=&#8220;visible&#8220; overlay_strength=&#8220;0.3&#8243; gradient_direction=&#8220;left_to_right&#8220; shape_divider_position=&#8220;bottom&#8220; bg_image_animation=&#8220;none&#8220;][vc_column column_padding=&#8220;no-extra-padding&#8220; column_padding_tablet=&#8220;inherit&#8220; column_padding_phone=&#8220;inherit&#8220; column_padding_position=&#8220;all&#8220; column_element_spacing=&#8220;default&#8220; background_color_opacity=&#8220;1&#8243; background_hover_color_opacity=&#8220;1&#8243; column_shadow=&#8220;none&#8220; column_border_radius=&#8220;none&#8220; column_link_target=&#8220;_self&#8220; column_position=&#8220;default&#8220; gradient_direction=&#8220;left_to_right&#8220; overlay_strength=&#8220;0.3&#8243;&#8230;<\/p>\n","protected":false},"author":5,"featured_media":0,"parent":0,"menu_order":0,"comment_status":"closed","ping_status":"closed","template":"","meta":{"inline_featured_image":false,"footnotes":""},"class_list":["post-186517","page","type-page","status-publish"],"yoast_head":"<!-- This site is optimized with the Yoast SEO plugin v27.3 - https:\/\/yoast.com\/product\/yoast-seo-wordpress\/ -->\n<title>Datenschutzerkl\u00e4rung - Hitster App - Hitster<\/title>\n<meta name=\"robots\" content=\"index, follow, max-snippet:-1, max-image-preview:large, max-video-preview:-1\" \/>\n<link rel=\"canonical\" href=\"https:\/\/hitstergame.com\/de-at\/app-datenschutz\/\" \/>\n<meta property=\"og:locale\" content=\"de_DE\" \/>\n<meta property=\"og:type\" content=\"article\" \/>\n<meta property=\"og:title\" content=\"Datenschutzerkl\u00e4rung - Hitster App - Hitster\" \/>\n<meta property=\"og:description\" content=\"[vc_row type=&#8220;in_container&#8220; full_screen_row_position=&#8220;middle&#8220; column_margin=&#8220;default&#8220; column_direction=&#8220;default&#8220; column_direction_tablet=&#8220;default&#8220; column_direction_phone=&#8220;default&#8220; scene_position=&#8220;center&#8220; text_color=&#8220;dark&#8220; text_align=&#8220;left&#8220; row_border_radius=&#8220;none&#8220; row_border_radius_applies=&#8220;bg&#8220; overflow=&#8220;visible&#8220; overlay_strength=&#8220;0.3&#8243; gradient_direction=&#8220;left_to_right&#8220; shape_divider_position=&#8220;bottom&#8220; bg_image_animation=&#8220;none&#8220;][vc_column column_padding=&#8220;no-extra-padding&#8220; column_padding_tablet=&#8220;inherit&#8220; column_padding_phone=&#8220;inherit&#8220; column_padding_position=&#8220;all&#8220; column_element_spacing=&#8220;default&#8220; background_color_opacity=&#8220;1&#8243; background_hover_color_opacity=&#8220;1&#8243; column_shadow=&#8220;none&#8220; column_border_radius=&#8220;none&#8220; column_link_target=&#8220;_self&#8220; column_position=&#8220;default&#8220; gradient_direction=&#8220;left_to_right&#8220; overlay_strength=&#8220;0.3&#8243;...\" \/>\n<meta property=\"og:url\" content=\"https:\/\/hitstergame.com\/de-at\/app-datenschutz\/\" \/>\n<meta property=\"og:site_name\" content=\"Hitster\" \/>\n<meta name=\"twitter:card\" content=\"summary_large_image\" \/>\n<meta name=\"twitter:label1\" content=\"Gesch\u00e4tzte Lesezeit\" \/>\n\t<meta name=\"twitter:data1\" content=\"4 Minuten\" \/>\n<script type=\"application\/ld+json\" class=\"yoast-schema-graph\">{\"@context\":\"https:\\\/\\\/schema.org\",\"@graph\":[{\"@type\":\"WebPage\",\"@id\":\"https:\\\/\\\/hitstergame.com\\\/de-at\\\/app-datenschutz\\\/\",\"url\":\"https:\\\/\\\/hitstergame.com\\\/de-at\\\/app-datenschutz\\\/\",\"name\":\"Datenschutzerkl\u00e4rung - Hitster App - Hitster\",\"isPartOf\":{\"@id\":\"https:\\\/\\\/hitstergame.com\\\/de-at\\\/#website\"},\"datePublished\":\"2025-11-11T08:56:00+00:00\",\"breadcrumb\":{\"@id\":\"https:\\\/\\\/hitstergame.com\\\/de-at\\\/app-datenschutz\\\/#breadcrumb\"},\"inLanguage\":\"de-AT\",\"potentialAction\":[{\"@type\":\"ReadAction\",\"target\":[\"https:\\\/\\\/hitstergame.com\\\/de-at\\\/app-datenschutz\\\/\"]}]},{\"@type\":\"BreadcrumbList\",\"@id\":\"https:\\\/\\\/hitstergame.com\\\/de-at\\\/app-datenschutz\\\/#breadcrumb\",\"itemListElement\":[{\"@type\":\"ListItem\",\"position\":1,\"name\":\"Home\",\"item\":\"https:\\\/\\\/hitstergame.com\\\/de-at\\\/\"},{\"@type\":\"ListItem\",\"position\":2,\"name\":\"Datenschutzerkl\u00e4rung &#8211; Hitster App\"}]},{\"@type\":\"WebSite\",\"@id\":\"https:\\\/\\\/hitstergame.com\\\/de-at\\\/#website\",\"url\":\"https:\\\/\\\/hitstergame.com\\\/de-at\\\/\",\"name\":\"Hitster\",\"description\":\"\",\"publisher\":{\"@id\":\"https:\\\/\\\/hitstergame.com\\\/de-at\\\/#organization\"},\"potentialAction\":[{\"@type\":\"SearchAction\",\"target\":{\"@type\":\"EntryPoint\",\"urlTemplate\":\"https:\\\/\\\/hitstergame.com\\\/de-at\\\/?s={search_term_string}\"},\"query-input\":{\"@type\":\"PropertyValueSpecification\",\"valueRequired\":true,\"valueName\":\"search_term_string\"}}],\"inLanguage\":\"de-AT\"},{\"@type\":\"Organization\",\"@id\":\"https:\\\/\\\/hitstergame.com\\\/de-at\\\/#organization\",\"name\":\"Hitstergame.com\",\"url\":\"https:\\\/\\\/hitstergame.com\\\/de-at\\\/\",\"logo\":{\"@type\":\"ImageObject\",\"inLanguage\":\"de-AT\",\"@id\":\"https:\\\/\\\/hitstergame.com\\\/de-at\\\/#\\\/schema\\\/logo\\\/image\\\/\",\"url\":\"https:\\\/\\\/hitstergame.com\\\/wp-content\\\/uploads\\\/2022\\\/06\\\/hitster-logo-small.png\",\"contentUrl\":\"https:\\\/\\\/hitstergame.com\\\/wp-content\\\/uploads\\\/2022\\\/06\\\/hitster-logo-small.png\",\"width\":250,\"height\":71,\"caption\":\"Hitstergame.com\"},\"image\":{\"@id\":\"https:\\\/\\\/hitstergame.com\\\/de-at\\\/#\\\/schema\\\/logo\\\/image\\\/\"}}]}<\/script>\n<!-- \/ Yoast SEO plugin. -->","yoast_head_json":{"title":"Datenschutzerkl\u00e4rung - Hitster App - Hitster","robots":{"index":"index","follow":"follow","max-snippet":"max-snippet:-1","max-image-preview":"max-image-preview:large","max-video-preview":"max-video-preview:-1"},"canonical":"https:\/\/hitstergame.com\/de-at\/app-datenschutz\/","og_locale":"de_DE","og_type":"article","og_title":"Datenschutzerkl\u00e4rung - Hitster App - Hitster","og_description":"[vc_row type=&#8220;in_container&#8220; full_screen_row_position=&#8220;middle&#8220; column_margin=&#8220;default&#8220; column_direction=&#8220;default&#8220; column_direction_tablet=&#8220;default&#8220; column_direction_phone=&#8220;default&#8220; scene_position=&#8220;center&#8220; text_color=&#8220;dark&#8220; text_align=&#8220;left&#8220; row_border_radius=&#8220;none&#8220; row_border_radius_applies=&#8220;bg&#8220; overflow=&#8220;visible&#8220; overlay_strength=&#8220;0.3&#8243; gradient_direction=&#8220;left_to_right&#8220; shape_divider_position=&#8220;bottom&#8220; bg_image_animation=&#8220;none&#8220;][vc_column column_padding=&#8220;no-extra-padding&#8220; column_padding_tablet=&#8220;inherit&#8220; column_padding_phone=&#8220;inherit&#8220; column_padding_position=&#8220;all&#8220; column_element_spacing=&#8220;default&#8220; background_color_opacity=&#8220;1&#8243; background_hover_color_opacity=&#8220;1&#8243; column_shadow=&#8220;none&#8220; column_border_radius=&#8220;none&#8220; column_link_target=&#8220;_self&#8220; column_position=&#8220;default&#8220; gradient_direction=&#8220;left_to_right&#8220; overlay_strength=&#8220;0.3&#8243;...","og_url":"https:\/\/hitstergame.com\/de-at\/app-datenschutz\/","og_site_name":"Hitster","twitter_card":"summary_large_image","twitter_misc":{"Gesch\u00e4tzte Lesezeit":"4 Minuten"},"schema":{"@context":"https:\/\/schema.org","@graph":[{"@type":"WebPage","@id":"https:\/\/hitstergame.com\/de-at\/app-datenschutz\/","url":"https:\/\/hitstergame.com\/de-at\/app-datenschutz\/","name":"Datenschutzerkl\u00e4rung - Hitster App - Hitster","isPartOf":{"@id":"https:\/\/hitstergame.com\/de-at\/#website"},"datePublished":"2025-11-11T08:56:00+00:00","breadcrumb":{"@id":"https:\/\/hitstergame.com\/de-at\/app-datenschutz\/#breadcrumb"},"inLanguage":"de-AT","potentialAction":[{"@type":"ReadAction","target":["https:\/\/hitstergame.com\/de-at\/app-datenschutz\/"]}]},{"@type":"BreadcrumbList","@id":"https:\/\/hitstergame.com\/de-at\/app-datenschutz\/#breadcrumb","itemListElement":[{"@type":"ListItem","position":1,"name":"Home","item":"https:\/\/hitstergame.com\/de-at\/"},{"@type":"ListItem","position":2,"name":"Datenschutzerkl\u00e4rung &#8211; Hitster App"}]},{"@type":"WebSite","@id":"https:\/\/hitstergame.com\/de-at\/#website","url":"https:\/\/hitstergame.com\/de-at\/","name":"Hitster","description":"","publisher":{"@id":"https:\/\/hitstergame.com\/de-at\/#organization"},"potentialAction":[{"@type":"SearchAction","target":{"@type":"EntryPoint","urlTemplate":"https:\/\/hitstergame.com\/de-at\/?s={search_term_string}"},"query-input":{"@type":"PropertyValueSpecification","valueRequired":true,"valueName":"search_term_string"}}],"inLanguage":"de-AT"},{"@type":"Organization","@id":"https:\/\/hitstergame.com\/de-at\/#organization","name":"Hitstergame.com","url":"https:\/\/hitstergame.com\/de-at\/","logo":{"@type":"ImageObject","inLanguage":"de-AT","@id":"https:\/\/hitstergame.com\/de-at\/#\/schema\/logo\/image\/","url":"https:\/\/hitstergame.com\/wp-content\/uploads\/2022\/06\/hitster-logo-small.png","contentUrl":"https:\/\/hitstergame.com\/wp-content\/uploads\/2022\/06\/hitster-logo-small.png","width":250,"height":71,"caption":"Hitstergame.com"},"image":{"@id":"https:\/\/hitstergame.com\/de-at\/#\/schema\/logo\/image\/"}}]}},"featured_image_src":null,"featured_image_src_square":null,"_links":{"self":[{"href":"https:\/\/hitstergame.com\/de-at\/wp-json\/wp\/v2\/pages\/186517","targetHints":{"allow":["GET"]}}],"collection":[{"href":"https:\/\/hitstergame.com\/de-at\/wp-json\/wp\/v2\/pages"}],"about":[{"href":"https:\/\/hitstergame.com\/de-at\/wp-json\/wp\/v2\/types\/page"}],"author":[{"embeddable":true,"href":"https:\/\/hitstergame.com\/de-at\/wp-json\/wp\/v2\/users\/5"}],"replies":[{"embeddable":true,"href":"https:\/\/hitstergame.com\/de-at\/wp-json\/wp\/v2\/comments?post=186517"}],"version-history":[{"count":0,"href":"https:\/\/hitstergame.com\/de-at\/wp-json\/wp\/v2\/pages\/186517\/revisions"}],"wp:attachment":[{"href":"https:\/\/hitstergame.com\/de-at\/wp-json\/wp\/v2\/media?parent=186517"}],"curies":[{"name":"wp","href":"https:\/\/api.w.org\/{rel}","templated":true}]}}