{"id":16414,"date":"2024-06-04T12:31:12","date_gmt":"2024-06-04T10:31:12","guid":{"rendered":"https:\/\/hitstergame.com\/hitster-summer-tour\/"},"modified":"2024-09-05T20:06:25","modified_gmt":"2024-09-05T18:06:25","slug":"hitster-summer-tour","status":"publish","type":"page","link":"https:\/\/hitstergame.com\/de-at\/hitster-summer-tour\/","title":{"rendered":"Hitster Summer Tour"},"content":{"rendered":"[vc_row type=&#8220;full_width_content&#8220; full_screen_row_position=&#8220;middle&#8220; column_margin=&#8220;default&#8220; column_direction=&#8220;default&#8220; column_direction_tablet=&#8220;default&#8220; column_direction_phone=&#8220;default&#8220; scene_position=&#8220;center&#8220; text_color=&#8220;dark&#8220; text_align=&#8220;left&#8220; row_border_radius=&#8220;none&#8220; row_border_radius_applies=&#8220;bg&#8220; overflow=&#8220;visible&#8220; advanced_gradient_angle=&#8220;0&#8243; overlay_strength=&#8220;0.3&#8243; gradient_direction=&#8220;left_to_right&#8220; shape_divider_position=&#8220;bottom&#8220; bg_image_animation=&#8220;none&#8220; gradient_type=&#8220;default&#8220; shape_type=&#8220;&#8220;][vc_column column_padding=&#8220;no-extra-padding&#8220; column_padding_tablet=&#8220;inherit&#8220; column_padding_phone=&#8220;inherit&#8220; column_padding_position=&#8220;all&#8220; column_element_spacing=&#8220;default&#8220; background_color_opacity=&#8220;1&#8243; background_hover_color_opacity=&#8220;1&#8243; column_shadow=&#8220;none&#8220; column_border_radius=&#8220;none&#8220; column_link_target=&#8220;_self&#8220; column_position=&#8220;default&#8220; advanced_gradient_angle=&#8220;0&#8243; gradient_direction=&#8220;left_to_right&#8220; overlay_strength=&#8220;0.3&#8243; width=&#8220;1\/1&#8243; tablet_width_inherit=&#8220;default&#8220; tablet_text_alignment=&#8220;default&#8220; phone_text_alignment=&#8220;default&#8220; animation_type=&#8220;default&#8220; bg_image_animation=&#8220;none&#8220; border_type=&#8220;simple&#8220; column_border_width=&#8220;none&#8220; column_border_style=&#8220;solid&#8220; gradient_type=&#8220;default&#8220;][vc_video link=&#8220;https:\/\/watch.videodelivery.net\/cbbfa437e9ecaa6665bf2c8b26adca0a?muted=true&amp;preload=true&amp;loop=true&amp;autoplay=true&#8220;][\/vc_column][\/vc_row][vc_row type=&#8220;full_width_background&#8220; full_screen_row_position=&#8220;middle&#8220; column_margin=&#8220;default&#8220; column_direction=&#8220;default&#8220; column_direction_tablet=&#8220;default&#8220; column_direction_phone=&#8220;default&#8220; bg_image=&#8220;10995&#8243; bg_position=&#8220;left top&#8220; background_image_loading=&#8220;default&#8220; bg_repeat=&#8220;no-repeat&#8220; scene_position=&#8220;center&#8220; top_padding=&#8220;60&#8243; bottom_padding=&#8220;60&#8243; text_color=&#8220;dark&#8220; text_align=&#8220;left&#8220; row_border_radius=&#8220;none&#8220; row_border_radius_applies=&#8220;bg&#8220; overflow=&#8220;visible&#8220; advanced_gradient_angle=&#8220;0&#8243; overlay_strength=&#8220;0.3&#8243; gradient_direction=&#8220;left_to_right&#8220; shape_divider_position=&#8220;bottom&#8220; bg_image_animation=&#8220;none&#8220; gradient_type=&#8220;default&#8220; shape_type=&#8220;&#8220;][vc_column column_padding=&#8220;no-extra-padding&#8220; column_padding_tablet=&#8220;inherit&#8220; column_padding_phone=&#8220;inherit&#8220; column_padding_position=&#8220;all&#8220; column_element_spacing=&#8220;default&#8220; background_color_opacity=&#8220;1&#8243; background_hover_color_opacity=&#8220;1&#8243; column_shadow=&#8220;none&#8220; column_border_radius=&#8220;none&#8220; column_link_target=&#8220;_self&#8220; column_position=&#8220;default&#8220; advanced_gradient_angle=&#8220;0&#8243; gradient_direction=&#8220;left_to_right&#8220; overlay_strength=&#8220;0.3&#8243; width=&#8220;1\/2&#8243; tablet_width_inherit=&#8220;default&#8220; tablet_text_alignment=&#8220;default&#8220; phone_text_alignment=&#8220;default&#8220; animation_type=&#8220;default&#8220; bg_image_animation=&#8220;none&#8220; border_type=&#8220;simple&#8220; column_border_width=&#8220;none&#8220; column_border_style=&#8220;solid&#8220; gradient_type=&#8220;default&#8220;][nectar_highlighted_text color_type=&#8220;regular&#8220; style=&#8220;full_text&#8220; highlight_expansion=&#8220;default&#8220;]\n<h2>Hitster Summer Tour 2024<\/h2>\n<p>Hei\u00dfe Beats und coole Vibes! Der Sommer 2024 wird hei\u00dfer als je zuvor, denn unser Hitster Tourbus ist unterwegs.<br \/>\nCheckt aus, ob der Bus auch in eure N\u00e4he kommt und feiert mit uns den Sommer. Seid dabei!<\/p>\n<p><strong>Have the time of your life!<\/strong><\/p>\n<p>Folgt uns auf unseren Social-Media-Kan\u00e4len, um die neuesten Updates zur Tour und exklusive Inhalte zu erhalten.<\/p>\n<p>Macht euch bereit f\u00fcr einen Sommer voller Lachen und Spa\u00df \u2013 wir freuen uns darauf, euch bei der Hitster Sommer Tour 2024 zu sehen![\/nectar_highlighted_text][\/vc_column][vc_column column_padding=&#8220;no-extra-padding&#8220; column_padding_tablet=&#8220;inherit&#8220; column_padding_phone=&#8220;inherit&#8220; column_padding_position=&#8220;all&#8220; column_element_spacing=&#8220;default&#8220; centered_text=&#8220;true&#8220; background_color_opacity=&#8220;1&#8243; background_hover_color_opacity=&#8220;1&#8243; column_shadow=&#8220;none&#8220; column_border_radius=&#8220;none&#8220; column_link_target=&#8220;_self&#8220; column_position=&#8220;default&#8220; advanced_gradient_angle=&#8220;0&#8243; gradient_direction=&#8220;left_to_right&#8220; overlay_strength=&#8220;0.3&#8243; width=&#8220;1\/2&#8243; tablet_width_inherit=&#8220;default&#8220; tablet_text_alignment=&#8220;default&#8220; phone_text_alignment=&#8220;default&#8220; animation_type=&#8220;default&#8220; bg_image_animation=&#8220;none&#8220; border_type=&#8220;simple&#8220; column_border_width=&#8220;none&#8220; column_border_style=&#8220;solid&#8220; gradient_type=&#8220;default&#8220;][image_with_animation image_url=&#8220;11070&#8243; image_size=&#8220;medium&#8220; animation_type=&#8220;entrance&#8220; animation=&#8220;Fade In&#8220; hover_animation=&#8220;none&#8220; alignment=&#8220;center&#8220; border_radius=&#8220;none&#8220; box_shadow=&#8220;none&#8220; image_loading=&#8220;default&#8220; max_width=&#8220;100%&#8220; max_width_mobile=&#8220;default&#8220;][\/vc_column][vc_column column_padding=&#8220;no-extra-padding&#8220; column_padding_tablet=&#8220;inherit&#8220; column_padding_phone=&#8220;inherit&#8220; column_padding_position=&#8220;all&#8220; top_margin=&#8220;60&#8243; column_element_spacing=&#8220;default&#8220; background_color_opacity=&#8220;1&#8243; background_hover_color_opacity=&#8220;1&#8243; column_shadow=&#8220;none&#8220; column_border_radius=&#8220;none&#8220; column_link_target=&#8220;_self&#8220; column_position=&#8220;default&#8220; advanced_gradient_angle=&#8220;0&#8243; gradient_direction=&#8220;left_to_right&#8220; overlay_strength=&#8220;0.3&#8243; width=&#8220;1\/1&#8243; tablet_width_inherit=&#8220;default&#8220; tablet_text_alignment=&#8220;default&#8220; phone_text_alignment=&#8220;default&#8220; animation_type=&#8220;default&#8220; bg_image_animation=&#8220;none&#8220; border_type=&#8220;simple&#8220; column_border_width=&#8220;none&#8220; column_border_style=&#8220;solid&#8220; gradient_type=&#8220;default&#8220;][nectar_highlighted_text color_type=&#8220;regular&#8220; text_color=&#8220;#ffffff&#8220; style=&#8220;full_text&#8220; highlight_expansion=&#8220;default&#8220;]\n<h2 style=\"text-align: center;\">Tour details<\/h2>\n<p style=\"text-align: center;\"><strong><a style=\"color: #fff;\" href=\"#juli\">Juli<\/a> | <a style=\"color: #fff;\" href=\"#august\">August<\/a> | <a style=\"color: #fff;\" href=\"#september\">September<\/a><\/strong><\/p>\n<h3 id=\"juli\" style=\"text-align: center; color: #f0286e;\">Juli<\/h3>\n<p style=\"text-align: center;\">\ud83d\udccd<strong> Dienstag, 16. Juli (12:00-18:00 Uhr) @ Strandbad Otto-Maigler-See, H\u00fcrth<\/strong><\/p>\n<p style=\"text-align: center;\"><strong>\ud83d\udccd Mittowoch, 17. Juli (11:00-18:00 Uhr) @ Schokoladenmuseum am Riesenrad, K\u00f6ln<\/strong><\/p>\n<p style=\"text-align: center;\"><strong>\ud83d\udccd Donnerstag, 18. Juli (11:00-18:00 Uhr) @ Schadowstra\u00dfe Fu\u00dfg\u00e4ngerzone vor P&amp;C, D\u00fcsseldorf<\/strong><\/p>\n<p style=\"text-align: center;\"><strong>\ud83d\udccd Freitag, 19. Juli (11:00-18:00 Uhr) @ M\u00fcnsterplatz am Beethoven-Denkmal, Bonn<\/strong><\/p>\n<p style=\"text-align: center;\"><strong>\ud83d\udccd Samstag, 20. Juli (11:00-17:00 Uhr) @ Berlin Brettspiel Con im Estrel Convention Center, Berlin<\/strong><\/p>\n<p style=\"text-align: center;\"><strong>\ud83d\udccd Sonntag, 21. Juli (11:00-17:00 Uhr) @ Berlin Brettspiel Con im Estrel Convention Center, Berlin<\/strong><\/p>\n<p style=\"text-align: center;\"><strong>\ud83d\udccd Dienstag, 23. Juli (11:00-18:00 Uhr) @ Bahnhofstra\u00dfe\/Br\u00fcder-Busch-Stra\u00dfe Fu\u00dfg\u00e4ngerzone vor Caf\u00e9 Extrablatt, Siegen<\/strong><\/p>\n<p style=\"text-align: center;\"><strong>\ud83d\udccd Donnerstag, 25. Juli (11:00-18:00 Uhr) @ Fu\u00dfg\u00e4ngerzone Kettwiger Stra\u00dfe, Essen<\/strong><\/p>\n<p style=\"text-align: center;\"><strong>\ud83d\udccd Freitag, 26. Juli (11:00-18:00 Uhr) @ Kurt-Schumacher-Platz, M\u00fclheim an der Ruhr<\/strong><\/p>\n<p style=\"text-align: center;\"><strong>\ud83d\udccd Samstag, 27. Juli (12:00-19:00 Uhr) @ Kemnader See, Bochum<\/strong><\/p>\n<p style=\"text-align: center;\"><strong>\ud83d\udccd Sonntag, 28. Juli (12:00-19:00 Uhr) @ Kemnader See, Bochum<\/strong><\/p>\n<p style=\"text-align: center;\"><strong>\ud83d\udccd Dienstag, 30. Juli (11:00-18:00 Uhr) @ Nonnenplan\/Holzmarkt, Jena<\/strong><\/p>\n<p style=\"text-align: center;\"><strong>\ud83d\udccd Mittwoch, 31. Juli (11:00-18:00 Uhr) @ Augustusplatz, Leipzig<\/strong><\/p>\n<h3 id=\"august\" style=\"text-align: center; color: #f0286e;\"><strong>August<\/strong><\/h3>\n<p style=\"text-align: center;\"><strong>\ud83d\udccd Donnerstag, 01. August (11:00-18:00 Uhr) @ Neumarkt auf dem Weinfest, Chemnitz<\/strong><\/p>\n<p style=\"text-align: center;\"><strong>\ud83d\udccd Samstag, 03. August (10:00-18:00 Uhr) @ BELANTIS AbenteuerReich Freizeitpark &#8211; Zuckert\u00fctenfest, Leipzig<\/strong><\/p>\n<p style=\"text-align: center;\"><strong>\ud83d\udccd Montag, 05. August (11:00-18:00 Uhr) @ Domplatz, Erfurt<\/strong><\/p>\n<p style=\"text-align: center;\"><strong>\ud83d\udccd Dienstag, 06. August (11:00-18:00 Uhr) @ Neuer Markt, Rostock<\/strong><\/p>\n<p style=\"text-align: center;\"><strong>\ud83d\udccd Mittwoch, 07. August (11:00-18:00 Uhr) @ Baltic-Platz, K\u00fchlungsborn<\/strong><\/p>\n<p style=\"text-align: center;\"><strong>\ud83d\udccd Donnerstag, 08. August (11:00-18:00 Uhr) @ Marktplatz, Grevesm\u00fchlen<\/strong><\/p>\n<p style=\"text-align: center;\"><strong>\ud83d\udccd Freitag, 09. August (11:00-18:00 Uhr) @ Promenade, Gr\u00f6mitz<\/strong><\/p>\n<p style=\"text-align: center;\"><strong>\ud83d\udccd Samstag, 10. August (11:00-18:00 Uhr) @ Schrangen, L\u00fcbeck<\/strong><\/p>\n<p style=\"text-align: center;\"><strong>\ud83d\udccd Sonntag, 11. August (14:00-18:00 Uhr) @ Ocean Wave Freizeitbad \/ Seehundstation Parkplatz, Norddeich<\/strong><\/p>\n<p style=\"text-align: center;\"><strong>\ud83d\udccd Montag, 12. August (11:00-18:00 Uhr) @ Marktplatz, Aurich<\/strong><\/p>\n<p style=\"text-align: center;\"><strong>\ud83d\udccd Dienstag, 13. August (11:00-18:00 Uhr) @ Stadtgarten, Emden<\/strong><\/p>\n<p style=\"text-align: center;\"><strong>\ud83d\udccd Mittwoch, 14. August (12:00-18:00 Uhr) @ Obere Promenade, Borkum<\/strong><\/p>\n<p style=\"text-align: center;\"><strong>\ud83d\udccd Donnerstag, 15. August (11:00-16:00 Uhr) @ Obere Promenade, Borkum<\/strong><\/p>\n<p style=\"text-align: center;\"><strong>\ud83d\udccd Freitag, 16. August (11:00-18:00 Uhr) @ Weserpark Einkaufszentrum Vorplatz Haupteingang, Bremen<\/strong><\/p>\n<p style=\"text-align: center;\"><strong>\ud83d\udccd Samstag, 17. August (11:00-18:00 Uhr) @ Marktplatz, Cuxhaven<\/strong><\/p>\n<p style=\"text-align: center;\"><strong>\ud83d\udccd Montag, 19. August (11:00-18:00 Uhr) @ Gutenbergplatz, Mainz<\/strong><\/p>\n<p style=\"text-align: center;\"><strong>\ud83d\udccd Dienstag, 20. August (10:00-18:00 Uhr) @ Freizeitland, Geiselwind<\/strong><\/p>\n<p style=\"text-align: center;\"><strong>\ud83d\udccd Mittwoch, 21. August (11:00-18:00 Uhr) @ Thalia (Karolinenstra\u00dfe 53), N\u00fcrnberg<\/strong><\/p>\n<p style=\"text-align: center;\"><strong>\ud83d\udccd Donnerstag, 22. August (11:00-18:00 Uhr) @ Vaihingen, Rathausplatz vor dem Schwabencenter, Stuttgart<\/strong><\/p>\n<p style=\"text-align: center;\"><strong>\ud83d\udccd Samstag, 24. August (10:00-18:00 Uhr) @ Strandbad Lindau, Lindau<\/strong><\/p>\n<p style=\"text-align: center;\"><strong>\ud83d\udccd Dienstag, 27. August (11:00-18:00 Uhr) @ Congress Kursaal Interlaken &#8211; Park, Interlaken (CH)<\/strong><\/p>\n<p style=\"text-align: center;\"><strong>\ud83d\udccd Mittwoch, 28. August (11:00-18:00 Uhr) @ Platz der Menschenrechte, Bregenz (AT)<\/strong><\/p>\n<p style=\"text-align: center;\"><strong>\ud83d\udccd Freitag, 30. August (11:00-18:00 Uhr) @ Innsbrucker Marktplatz am Innrain, Innsbruck (AT)<\/strong><\/p>\n<p style=\"text-align: center;\"><strong>\ud83d\udccd Samstag, 31. August (11:00-18:00 Uhr) @ Maximarkt, Anif (AT)<\/strong><\/p>\n<h3 id=\"september\" style=\"text-align: center; color: #f0286e;\"><strong>September<\/strong><\/h3>\n<p style=\"text-align: center;\"><strong>\ud83d\udccd Dienstag, 03. September (11:00-18:00 Uhr) @ Smyths Toys Superstore V\u00f6sendorf, Wien (AT)<\/strong><\/p>\n<p style=\"text-align: center;\"><strong>\ud83d\udccd Donnerstag, 05. September (11:00-18:00 Uhr) @ Domplatz, Linz (AT)<\/strong><\/p>\n<p style=\"text-align: center;\"><strong>\ud83d\udccd Samstag, 07. September (11:00-18:00 Uhr) @ Ravensburg spielt!, Ravensburg<\/strong><\/p>\n<p style=\"text-align: center;\"><strong>\ud83d\udccd Sonntag, 08. September (11:00-18:00 Uhr) @ Ravensburg spielt!, Ravensburg<\/strong><\/p>\n<p style=\"text-align: center;\"><strong>\ud83d\udccd Dienstag, 10. September (11:00-18:00 Uhr) @ Shoppingcenter Westpark, Ingolstadt<\/strong><\/p>\n[\/nectar_highlighted_text][nectar_highlighted_text color_type=&#8220;regular&#8220; text_color=&#8220;#ffe16c&#8220; style=&#8220;full_text&#8220; highlight_expansion=&#8220;default&#8220;]\n<p style=\"text-align: center;\"><strong>Schaut gerne regelm\u00e4\u00dfig hier vorbei f\u00fcr neue Tourdaten.<\/strong><\/p>\n[\/nectar_highlighted_text][divider line_type=&#8220;No Line&#8220; custom_height=&#8220;200&#8243;][nectar_highlighted_text color_type=&#8220;regular&#8220; style=&#8220;full_text&#8220; highlight_expansion=&#8220;default&#8220;]\n<h2 style=\"text-align: center;\">Tourimpressionen<\/h2>\n[\/nectar_highlighted_text][vc_gallery type=&#8220;nectarslider_style&#8220; images=&#8220;16538,18433,18401,22778,22811,17942,17974,18006,16506,16474,16602,16570&#8243; image_loading=&#8220;default&#8220; bullet_navigation=&#8220;true&#8220; bullet_navigation_style=&#8220;see_through&#8220; onclick=&#8220;link_image&#8220; img_size=&#8220;2000&#215;947&#8243;][\/vc_column][\/vc_row]\n","protected":false},"excerpt":{"rendered":"<p>[vc_row type=&#8220;full_width_content&#8220; full_screen_row_position=&#8220;middle&#8220; column_margin=&#8220;default&#8220; column_direction=&#8220;default&#8220; column_direction_tablet=&#8220;default&#8220; column_direction_phone=&#8220;default&#8220; scene_position=&#8220;center&#8220; text_color=&#8220;dark&#8220; text_align=&#8220;left&#8220; row_border_radius=&#8220;none&#8220; row_border_radius_applies=&#8220;bg&#8220; overflow=&#8220;visible&#8220; advanced_gradient_angle=&#8220;0&#8243; overlay_strength=&#8220;0.3&#8243; gradient_direction=&#8220;left_to_right&#8220; shape_divider_position=&#8220;bottom&#8220; bg_image_animation=&#8220;none&#8220; gradient_type=&#8220;default&#8220; shape_type=&#8220;&#8220;][vc_column column_padding=&#8220;no-extra-padding&#8220; column_padding_tablet=&#8220;inherit&#8220; column_padding_phone=&#8220;inherit&#8220; column_padding_position=&#8220;all&#8220; column_element_spacing=&#8220;default&#8220; background_color_opacity=&#8220;1&#8243; background_hover_color_opacity=&#8220;1&#8243; column_shadow=&#8220;none&#8220; column_border_radius=&#8220;none&#8220; column_link_target=&#8220;_self&#8220;&#8230;<\/p>\n","protected":false},"author":5,"featured_media":0,"parent":0,"menu_order":0,"comment_status":"closed","ping_status":"closed","template":"","meta":{"inline_featured_image":false,"footnotes":""},"class_list":["post-16414","page","type-page","status-publish"],"yoast_head":"<!-- This site is optimized with the Yoast SEO plugin v27.4 - https:\/\/yoast.com\/product\/yoast-seo-wordpress\/ -->\n<title>Hitster Summer Tour - Hitster<\/title>\n<meta name=\"description\" content=\"Der Hitster Bus steht bereit zur Abfahrt! In den kommenden Wochen tourt unser Hitster Truck durch ganz Deutschland. Mach mit bei der XXL Hitster Summer Party und sichere dir die Chance auf exklusive Hitster Preise und tolle \u00dcberraschungen. Schau schnell nach, wo wir Halt machen und erlebe dieses einzigartige Event! Wir freuen uns auf dich!\" \/>\n<meta name=\"robots\" content=\"index, follow, max-snippet:-1, max-image-preview:large, max-video-preview:-1\" \/>\n<link rel=\"canonical\" href=\"https:\/\/hitstergame.com\/de-at\/hitster-summer-tour\/\" \/>\n<meta property=\"og:locale\" content=\"de_DE\" \/>\n<meta property=\"og:type\" content=\"article\" \/>\n<meta property=\"og:title\" content=\"Hitster Summer Tour 2024\" \/>\n<meta property=\"og:description\" content=\"Hei\u00dfe Beats und coole Vibes! Der Sommer 2024 wird hei\u00dfer als je zuvor, denn unser Hitster Tourbus ist unterwegs. Checkt aus, ob der Bus auch in eure N\u00e4he kommt und feiert mit uns den Sommer. Seid dabei!\" \/>\n<meta property=\"og:url\" content=\"https:\/\/hitstergame.com\/de-at\/hitster-summer-tour\/\" \/>\n<meta property=\"og:site_name\" content=\"Hitster\" \/>\n<meta property=\"article:modified_time\" content=\"2024-09-05T18:06:25+00:00\" \/>\n<meta property=\"og:image\" content=\"https:\/\/hitstergame.com\/wp-content\/uploads\/2024\/07\/Hitster-Roadshow-Teaser-banner-2500-x-1666-px-1024x682.png\" \/>\n\t<meta property=\"og:image:width\" content=\"1024\" \/>\n\t<meta property=\"og:image:height\" content=\"682\" \/>\n\t<meta property=\"og:image:type\" content=\"image\/png\" \/>\n<meta name=\"twitter:card\" content=\"summary_large_image\" \/>\n<meta name=\"twitter:label1\" content=\"Gesch\u00e4tzte Lesezeit\" \/>\n\t<meta name=\"twitter:data1\" content=\"6 Minuten\" \/>\n<script type=\"application\/ld+json\" class=\"yoast-schema-graph\">{\"@context\":\"https:\\\/\\\/schema.org\",\"@graph\":[{\"@type\":\"WebPage\",\"@id\":\"https:\\\/\\\/hitstergame.com\\\/de-at\\\/hitster-summer-tour\\\/\",\"url\":\"https:\\\/\\\/hitstergame.com\\\/de-at\\\/hitster-summer-tour\\\/\",\"name\":\"Hitster Summer Tour - Hitster\",\"isPartOf\":{\"@id\":\"https:\\\/\\\/hitstergame.com\\\/de-at\\\/#website\"},\"datePublished\":\"2024-06-04T10:31:12+00:00\",\"dateModified\":\"2024-09-05T18:06:25+00:00\",\"description\":\"Der Hitster Bus steht bereit zur Abfahrt! In den kommenden Wochen tourt unser Hitster Truck durch ganz Deutschland. Mach mit bei der XXL Hitster Summer Party und sichere dir die Chance auf exklusive Hitster Preise und tolle \u00dcberraschungen. Schau schnell nach, wo wir Halt machen und erlebe dieses einzigartige Event! Wir freuen uns auf dich!\",\"breadcrumb\":{\"@id\":\"https:\\\/\\\/hitstergame.com\\\/de-at\\\/hitster-summer-tour\\\/#breadcrumb\"},\"inLanguage\":\"de-AT\",\"potentialAction\":[{\"@type\":\"ReadAction\",\"target\":[\"https:\\\/\\\/hitstergame.com\\\/de-at\\\/hitster-summer-tour\\\/\"]}]},{\"@type\":\"BreadcrumbList\",\"@id\":\"https:\\\/\\\/hitstergame.com\\\/de-at\\\/hitster-summer-tour\\\/#breadcrumb\",\"itemListElement\":[{\"@type\":\"ListItem\",\"position\":1,\"name\":\"Home\",\"item\":\"https:\\\/\\\/hitstergame.com\\\/de-at\\\/\"},{\"@type\":\"ListItem\",\"position\":2,\"name\":\"Hitster Summer Tour\"}]},{\"@type\":\"WebSite\",\"@id\":\"https:\\\/\\\/hitstergame.com\\\/de-at\\\/#website\",\"url\":\"https:\\\/\\\/hitstergame.com\\\/de-at\\\/\",\"name\":\"Hitster\",\"description\":\"\",\"publisher\":{\"@id\":\"https:\\\/\\\/hitstergame.com\\\/de-at\\\/#organization\"},\"potentialAction\":[{\"@type\":\"SearchAction\",\"target\":{\"@type\":\"EntryPoint\",\"urlTemplate\":\"https:\\\/\\\/hitstergame.com\\\/de-at\\\/?s={search_term_string}\"},\"query-input\":{\"@type\":\"PropertyValueSpecification\",\"valueRequired\":true,\"valueName\":\"search_term_string\"}}],\"inLanguage\":\"de-AT\"},{\"@type\":\"Organization\",\"@id\":\"https:\\\/\\\/hitstergame.com\\\/de-at\\\/#organization\",\"name\":\"Hitstergame.com\",\"url\":\"https:\\\/\\\/hitstergame.com\\\/de-at\\\/\",\"logo\":{\"@type\":\"ImageObject\",\"inLanguage\":\"de-AT\",\"@id\":\"https:\\\/\\\/hitstergame.com\\\/de-at\\\/#\\\/schema\\\/logo\\\/image\\\/\",\"url\":\"https:\\\/\\\/hitstergame.com\\\/wp-content\\\/uploads\\\/2022\\\/06\\\/hitster-logo-small.png\",\"contentUrl\":\"https:\\\/\\\/hitstergame.com\\\/wp-content\\\/uploads\\\/2022\\\/06\\\/hitster-logo-small.png\",\"width\":250,\"height\":71,\"caption\":\"Hitstergame.com\"},\"image\":{\"@id\":\"https:\\\/\\\/hitstergame.com\\\/de-at\\\/#\\\/schema\\\/logo\\\/image\\\/\"}}]}<\/script>\n<!-- \/ Yoast SEO plugin. -->","yoast_head_json":{"title":"Hitster Summer Tour - Hitster","description":"Der Hitster Bus steht bereit zur Abfahrt! In den kommenden Wochen tourt unser Hitster Truck durch ganz Deutschland. Mach mit bei der XXL Hitster Summer Party und sichere dir die Chance auf exklusive Hitster Preise und tolle \u00dcberraschungen. Schau schnell nach, wo wir Halt machen und erlebe dieses einzigartige Event! Wir freuen uns auf dich!","robots":{"index":"index","follow":"follow","max-snippet":"max-snippet:-1","max-image-preview":"max-image-preview:large","max-video-preview":"max-video-preview:-1"},"canonical":"https:\/\/hitstergame.com\/de-at\/hitster-summer-tour\/","og_locale":"de_DE","og_type":"article","og_title":"Hitster Summer Tour 2024","og_description":"Hei\u00dfe Beats und coole Vibes! Der Sommer 2024 wird hei\u00dfer als je zuvor, denn unser Hitster Tourbus ist unterwegs. Checkt aus, ob der Bus auch in eure N\u00e4he kommt und feiert mit uns den Sommer. Seid dabei!","og_url":"https:\/\/hitstergame.com\/de-at\/hitster-summer-tour\/","og_site_name":"Hitster","article_modified_time":"2024-09-05T18:06:25+00:00","og_image":[{"width":1024,"height":682,"url":"https:\/\/hitstergame.com\/wp-content\/uploads\/2024\/07\/Hitster-Roadshow-Teaser-banner-2500-x-1666-px-1024x682.png","type":"image\/png"}],"twitter_card":"summary_large_image","twitter_misc":{"Gesch\u00e4tzte Lesezeit":"6 Minuten"},"schema":{"@context":"https:\/\/schema.org","@graph":[{"@type":"WebPage","@id":"https:\/\/hitstergame.com\/de-at\/hitster-summer-tour\/","url":"https:\/\/hitstergame.com\/de-at\/hitster-summer-tour\/","name":"Hitster Summer Tour - Hitster","isPartOf":{"@id":"https:\/\/hitstergame.com\/de-at\/#website"},"datePublished":"2024-06-04T10:31:12+00:00","dateModified":"2024-09-05T18:06:25+00:00","description":"Der Hitster Bus steht bereit zur Abfahrt! In den kommenden Wochen tourt unser Hitster Truck durch ganz Deutschland. Mach mit bei der XXL Hitster Summer Party und sichere dir die Chance auf exklusive Hitster Preise und tolle \u00dcberraschungen. Schau schnell nach, wo wir Halt machen und erlebe dieses einzigartige Event! Wir freuen uns auf dich!","breadcrumb":{"@id":"https:\/\/hitstergame.com\/de-at\/hitster-summer-tour\/#breadcrumb"},"inLanguage":"de-AT","potentialAction":[{"@type":"ReadAction","target":["https:\/\/hitstergame.com\/de-at\/hitster-summer-tour\/"]}]},{"@type":"BreadcrumbList","@id":"https:\/\/hitstergame.com\/de-at\/hitster-summer-tour\/#breadcrumb","itemListElement":[{"@type":"ListItem","position":1,"name":"Home","item":"https:\/\/hitstergame.com\/de-at\/"},{"@type":"ListItem","position":2,"name":"Hitster Summer Tour"}]},{"@type":"WebSite","@id":"https:\/\/hitstergame.com\/de-at\/#website","url":"https:\/\/hitstergame.com\/de-at\/","name":"Hitster","description":"","publisher":{"@id":"https:\/\/hitstergame.com\/de-at\/#organization"},"potentialAction":[{"@type":"SearchAction","target":{"@type":"EntryPoint","urlTemplate":"https:\/\/hitstergame.com\/de-at\/?s={search_term_string}"},"query-input":{"@type":"PropertyValueSpecification","valueRequired":true,"valueName":"search_term_string"}}],"inLanguage":"de-AT"},{"@type":"Organization","@id":"https:\/\/hitstergame.com\/de-at\/#organization","name":"Hitstergame.com","url":"https:\/\/hitstergame.com\/de-at\/","logo":{"@type":"ImageObject","inLanguage":"de-AT","@id":"https:\/\/hitstergame.com\/de-at\/#\/schema\/logo\/image\/","url":"https:\/\/hitstergame.com\/wp-content\/uploads\/2022\/06\/hitster-logo-small.png","contentUrl":"https:\/\/hitstergame.com\/wp-content\/uploads\/2022\/06\/hitster-logo-small.png","width":250,"height":71,"caption":"Hitstergame.com"},"image":{"@id":"https:\/\/hitstergame.com\/de-at\/#\/schema\/logo\/image\/"}}]}},"featured_image_src":null,"featured_image_src_square":null,"_links":{"self":[{"href":"https:\/\/hitstergame.com\/de-at\/wp-json\/wp\/v2\/pages\/16414","targetHints":{"allow":["GET"]}}],"collection":[{"href":"https:\/\/hitstergame.com\/de-at\/wp-json\/wp\/v2\/pages"}],"about":[{"href":"https:\/\/hitstergame.com\/de-at\/wp-json\/wp\/v2\/types\/page"}],"author":[{"embeddable":true,"href":"https:\/\/hitstergame.com\/de-at\/wp-json\/wp\/v2\/users\/5"}],"replies":[{"embeddable":true,"href":"https:\/\/hitstergame.com\/de-at\/wp-json\/wp\/v2\/comments?post=16414"}],"version-history":[{"count":0,"href":"https:\/\/hitstergame.com\/de-at\/wp-json\/wp\/v2\/pages\/16414\/revisions"}],"wp:attachment":[{"href":"https:\/\/hitstergame.com\/de-at\/wp-json\/wp\/v2\/media?parent=16414"}],"curies":[{"name":"wp","href":"https:\/\/api.w.org\/{rel}","templated":true}]}}